{"id":21531,"date":"2026-01-15T00:52:43","date_gmt":"2026-01-14T21:52:43","guid":{"rendered":"https:\/\/onursarkuterikars.com\/?post_type=product&#038;p=21531"},"modified":"2026-01-23T21:09:52","modified_gmt":"2026-01-23T18:09:52","slug":"eski-kasar","status":"publish","type":"product","link":"https:\/\/onursarkuterikars.com\/index.php\/product\/eski-kasar\/","title":{"rendered":"Kars Eski Ka\u015far"},"content":{"rendered":"","protected":false},"excerpt":{"rendered":"<p><strong>Kars\u2019\u0131n \u00fcnl\u00fc Eski Ka\u015far\u0131<\/strong><\/p>\n<p><em>Y\u00fcksek rak\u0131ml\u0131 yayla s\u00fctlerinden \u00fcretilen bu peynir, geleneksel y\u00f6ntemlerle i\u015flenip ta\u015f mahzenlerde aylarca olgunla\u015ft\u0131r\u0131l\u0131r.<\/em><\/p>\n<p><em>Uzun s\u00fcreli dinlenme sayesinde karakteristik keskin aromas\u0131, yo\u011fun tad\u0131 ve tok dokusuyla ger\u00e7ek gurme peynir deneyimi sunar. Kahvalt\u0131lardan peynir tabaklar\u0131na, makarna ve b\u00f6rek tariflerine kadar her kullan\u0131mda fark\u0131n\u0131 hissettirir. Katk\u0131s\u0131z ve tamamen do\u011fal s\u00fctten \u00fcretilmi\u015ftir.<\/em><\/p>\n","protected":false},"featured_media":21799,"comment_status":"open","ping_status":"closed","template":"","meta":[],"product_brand":[],"product_cat":[30],"product_tag":[64,51],"class_list":{"0":"post-21531","1":"product","2":"type-product","3":"status-publish","4":"has-post-thumbnail","6":"product_cat-peynircesitleri","7":"product_tag-eski-kasar","8":"product_tag-peynir-cesitleri","10":"first","11":"instock","12":"sale","13":"shipping-taxable","14":"purchasable","15":"product-type-variable"},"yoast_head":"<!-- This site is optimized with the Yoast SEO plugin v26.7 - https:\/\/yoast.com\/wordpress\/plugins\/seo\/ -->\n<title>Kars Eski Ka\u015far - Onur \u015fark\u00fcteri kars<\/title>\n<meta name=\"robots\" content=\"index, follow, max-snippet:-1, max-image-preview:large, max-video-preview:-1\" \/>\n<link rel=\"canonical\" href=\"https:\/\/onursarkuterikars.com\/index.php\/product\/eski-kasar\/\" \/>\n<meta property=\"og:locale\" content=\"tr_TR\" \/>\n<meta property=\"og:type\" content=\"article\" \/>\n<meta property=\"og:title\" content=\"Kars Eski Ka\u015far - Onur \u015fark\u00fcteri kars\" \/>\n<meta property=\"og:description\" content=\"Kars\u2019\u0131n \u00fcnl\u00fc Eski Ka\u015far\u0131  Y\u00fcksek rak\u0131ml\u0131 yayla s\u00fctlerinden \u00fcretilen bu peynir, geleneksel y\u00f6ntemlerle i\u015flenip ta\u015f mahzenlerde aylarca olgunla\u015ft\u0131r\u0131l\u0131r.  Uzun s\u00fcreli dinlenme sayesinde karakteristik keskin aromas\u0131, yo\u011fun tad\u0131 ve tok dokusuyla ger\u00e7ek gurme peynir deneyimi sunar. Kahvalt\u0131lardan peynir tabaklar\u0131na, makarna ve b\u00f6rek tariflerine kadar her kullan\u0131mda fark\u0131n\u0131 hissettirir. Katk\u0131s\u0131z ve tamamen do\u011fal s\u00fctten \u00fcretilmi\u015ftir.\" \/>\n<meta property=\"og:url\" content=\"https:\/\/onursarkuterikars.com\/index.php\/product\/eski-kasar\/\" \/>\n<meta property=\"og:site_name\" content=\"Onur \u015fark\u00fcteri kars\" \/>\n<meta property=\"article:modified_time\" content=\"2026-01-23T18:09:52+00:00\" \/>\n<meta property=\"og:image\" content=\"https:\/\/onursarkuterikars.com\/wp-content\/uploads\/2026\/01\/WhatsApp-Image-2026-01-23-at-20.29.22-5-scaled.jpeg\" \/>\n\t<meta property=\"og:image:width\" content=\"1920\" \/>\n\t<meta property=\"og:image:height\" content=\"2560\" \/>\n\t<meta property=\"og:image:type\" content=\"image\/jpeg\" \/>\n<meta name=\"twitter:card\" content=\"summary_large_image\" \/>\n<meta name=\"twitter:label1\" content=\"Tahmini okuma s\u00fcresi\" \/>\n\t<meta name=\"twitter:data1\" content=\"1 dakika\" \/>\n<script type=\"application\/ld+json\" class=\"yoast-schema-graph\">{\"@context\":\"https:\/\/schema.org\",\"@graph\":[{\"@type\":\"WebPage\",\"@id\":\"https:\/\/onursarkuterikars.com\/index.php\/product\/eski-kasar\/\",\"url\":\"https:\/\/onursarkuterikars.com\/index.php\/product\/eski-kasar\/\",\"name\":\"Kars Eski Ka\u015far - Onur \u015fark\u00fcteri kars\",\"isPartOf\":{\"@id\":\"https:\/\/onursarkuterikars.com\/#website\"},\"primaryImageOfPage\":{\"@id\":\"https:\/\/onursarkuterikars.com\/index.php\/product\/eski-kasar\/#primaryimage\"},\"image\":{\"@id\":\"https:\/\/onursarkuterikars.com\/index.php\/product\/eski-kasar\/#primaryimage\"},\"thumbnailUrl\":\"https:\/\/onursarkuterikars.com\/wp-content\/uploads\/2026\/01\/WhatsApp-Image-2026-01-23-at-20.29.22-5-scaled.jpeg\",\"datePublished\":\"2026-01-14T21:52:43+00:00\",\"dateModified\":\"2026-01-23T18:09:52+00:00\",\"breadcrumb\":{\"@id\":\"https:\/\/onursarkuterikars.com\/index.php\/product\/eski-kasar\/#breadcrumb\"},\"inLanguage\":\"tr\",\"potentialAction\":[{\"@type\":\"ReadAction\",\"target\":[\"https:\/\/onursarkuterikars.com\/index.php\/product\/eski-kasar\/\"]}]},{\"@type\":\"ImageObject\",\"inLanguage\":\"tr\",\"@id\":\"https:\/\/onursarkuterikars.com\/index.php\/product\/eski-kasar\/#primaryimage\",\"url\":\"https:\/\/onursarkuterikars.com\/wp-content\/uploads\/2026\/01\/WhatsApp-Image-2026-01-23-at-20.29.22-5-scaled.jpeg\",\"contentUrl\":\"https:\/\/onursarkuterikars.com\/wp-content\/uploads\/2026\/01\/WhatsApp-Image-2026-01-23-at-20.29.22-5-scaled.jpeg\",\"width\":1920,\"height\":2560},{\"@type\":\"BreadcrumbList\",\"@id\":\"https:\/\/onursarkuterikars.com\/index.php\/product\/eski-kasar\/#breadcrumb\",\"itemListElement\":[{\"@type\":\"ListItem\",\"position\":1,\"name\":\"Anasayfa\",\"item\":\"https:\/\/onursarkuterikars.com\/\"},{\"@type\":\"ListItem\",\"position\":2,\"name\":\"\u00dcr\u00fcnlerimiz\",\"item\":\"https:\/\/onursarkuterikars.com\/index.php\/urunlerimiz\/\"},{\"@type\":\"ListItem\",\"position\":3,\"name\":\"Kars Eski Ka\u015far\"}]},{\"@type\":\"WebSite\",\"@id\":\"https:\/\/onursarkuterikars.com\/#website\",\"url\":\"https:\/\/onursarkuterikars.com\/\",\"name\":\"Onur \u015fark\u00fcteri kars\",\"description\":\"leziz \u00fcr\u00fcnler\",\"publisher\":{\"@id\":\"https:\/\/onursarkuterikars.com\/#organization\"},\"potentialAction\":[{\"@type\":\"SearchAction\",\"target\":{\"@type\":\"EntryPoint\",\"urlTemplate\":\"https:\/\/onursarkuterikars.com\/?s={search_term_string}\"},\"query-input\":{\"@type\":\"PropertyValueSpecification\",\"valueRequired\":true,\"valueName\":\"search_term_string\"}}],\"inLanguage\":\"tr\"},{\"@type\":\"Organization\",\"@id\":\"https:\/\/onursarkuterikars.com\/#organization\",\"name\":\"Onur \u015fark\u00fcteri kars\",\"url\":\"https:\/\/onursarkuterikars.com\/\",\"logo\":{\"@type\":\"ImageObject\",\"inLanguage\":\"tr\",\"@id\":\"https:\/\/onursarkuterikars.com\/#\/schema\/logo\/image\/\",\"url\":\"https:\/\/onursarkuterikars.com\/wp-content\/uploads\/2026\/01\/cropped-ONUR-SARKUTERI_20251231_202110_0000.png\",\"contentUrl\":\"https:\/\/onursarkuterikars.com\/wp-content\/uploads\/2026\/01\/cropped-ONUR-SARKUTERI_20251231_202110_0000.png\",\"width\":512,\"height\":512,\"caption\":\"Onur \u015fark\u00fcteri kars\"},\"image\":{\"@id\":\"https:\/\/onursarkuterikars.com\/#\/schema\/logo\/image\/\"}}]}<\/script>\n<!-- \/ Yoast SEO plugin. -->","yoast_head_json":{"title":"Kars Eski Ka\u015far - Onur \u015fark\u00fcteri kars","robots":{"index":"index","follow":"follow","max-snippet":"max-snippet:-1","max-image-preview":"max-image-preview:large","max-video-preview":"max-video-preview:-1"},"canonical":"https:\/\/onursarkuterikars.com\/index.php\/product\/eski-kasar\/","og_locale":"tr_TR","og_type":"article","og_title":"Kars Eski Ka\u015far - Onur \u015fark\u00fcteri kars","og_description":"Kars\u2019\u0131n \u00fcnl\u00fc Eski Ka\u015far\u0131  Y\u00fcksek rak\u0131ml\u0131 yayla s\u00fctlerinden \u00fcretilen bu peynir, geleneksel y\u00f6ntemlerle i\u015flenip ta\u015f mahzenlerde aylarca olgunla\u015ft\u0131r\u0131l\u0131r.  Uzun s\u00fcreli dinlenme sayesinde karakteristik keskin aromas\u0131, yo\u011fun tad\u0131 ve tok dokusuyla ger\u00e7ek gurme peynir deneyimi sunar. Kahvalt\u0131lardan peynir tabaklar\u0131na, makarna ve b\u00f6rek tariflerine kadar her kullan\u0131mda fark\u0131n\u0131 hissettirir. Katk\u0131s\u0131z ve tamamen do\u011fal s\u00fctten \u00fcretilmi\u015ftir.","og_url":"https:\/\/onursarkuterikars.com\/index.php\/product\/eski-kasar\/","og_site_name":"Onur \u015fark\u00fcteri kars","article_modified_time":"2026-01-23T18:09:52+00:00","og_image":[{"width":1920,"height":2560,"url":"https:\/\/onursarkuterikars.com\/wp-content\/uploads\/2026\/01\/WhatsApp-Image-2026-01-23-at-20.29.22-5-scaled.jpeg","type":"image\/jpeg"}],"twitter_card":"summary_large_image","twitter_misc":{"Tahmini okuma s\u00fcresi":"1 dakika"},"schema":{"@context":"https:\/\/schema.org","@graph":[{"@type":"WebPage","@id":"https:\/\/onursarkuterikars.com\/index.php\/product\/eski-kasar\/","url":"https:\/\/onursarkuterikars.com\/index.php\/product\/eski-kasar\/","name":"Kars Eski Ka\u015far - Onur \u015fark\u00fcteri kars","isPartOf":{"@id":"https:\/\/onursarkuterikars.com\/#website"},"primaryImageOfPage":{"@id":"https:\/\/onursarkuterikars.com\/index.php\/product\/eski-kasar\/#primaryimage"},"image":{"@id":"https:\/\/onursarkuterikars.com\/index.php\/product\/eski-kasar\/#primaryimage"},"thumbnailUrl":"https:\/\/onursarkuterikars.com\/wp-content\/uploads\/2026\/01\/WhatsApp-Image-2026-01-23-at-20.29.22-5-scaled.jpeg","datePublished":"2026-01-14T21:52:43+00:00","dateModified":"2026-01-23T18:09:52+00:00","breadcrumb":{"@id":"https:\/\/onursarkuterikars.com\/index.php\/product\/eski-kasar\/#breadcrumb"},"inLanguage":"tr","potentialAction":[{"@type":"ReadAction","target":["https:\/\/onursarkuterikars.com\/index.php\/product\/eski-kasar\/"]}]},{"@type":"ImageObject","inLanguage":"tr","@id":"https:\/\/onursarkuterikars.com\/index.php\/product\/eski-kasar\/#primaryimage","url":"https:\/\/onursarkuterikars.com\/wp-content\/uploads\/2026\/01\/WhatsApp-Image-2026-01-23-at-20.29.22-5-scaled.jpeg","contentUrl":"https:\/\/onursarkuterikars.com\/wp-content\/uploads\/2026\/01\/WhatsApp-Image-2026-01-23-at-20.29.22-5-scaled.jpeg","width":1920,"height":2560},{"@type":"BreadcrumbList","@id":"https:\/\/onursarkuterikars.com\/index.php\/product\/eski-kasar\/#breadcrumb","itemListElement":[{"@type":"ListItem","position":1,"name":"Anasayfa","item":"https:\/\/onursarkuterikars.com\/"},{"@type":"ListItem","position":2,"name":"\u00dcr\u00fcnlerimiz","item":"https:\/\/onursarkuterikars.com\/index.php\/urunlerimiz\/"},{"@type":"ListItem","position":3,"name":"Kars Eski Ka\u015far"}]},{"@type":"WebSite","@id":"https:\/\/onursarkuterikars.com\/#website","url":"https:\/\/onursarkuterikars.com\/","name":"Onur \u015fark\u00fcteri kars","description":"leziz \u00fcr\u00fcnler","publisher":{"@id":"https:\/\/onursarkuterikars.com\/#organization"},"potentialAction":[{"@type":"SearchAction","target":{"@type":"EntryPoint","urlTemplate":"https:\/\/onursarkuterikars.com\/?s={search_term_string}"},"query-input":{"@type":"PropertyValueSpecification","valueRequired":true,"valueName":"search_term_string"}}],"inLanguage":"tr"},{"@type":"Organization","@id":"https:\/\/onursarkuterikars.com\/#organization","name":"Onur \u015fark\u00fcteri kars","url":"https:\/\/onursarkuterikars.com\/","logo":{"@type":"ImageObject","inLanguage":"tr","@id":"https:\/\/onursarkuterikars.com\/#\/schema\/logo\/image\/","url":"https:\/\/onursarkuterikars.com\/wp-content\/uploads\/2026\/01\/cropped-ONUR-SARKUTERI_20251231_202110_0000.png","contentUrl":"https:\/\/onursarkuterikars.com\/wp-content\/uploads\/2026\/01\/cropped-ONUR-SARKUTERI_20251231_202110_0000.png","width":512,"height":512,"caption":"Onur \u015fark\u00fcteri kars"},"image":{"@id":"https:\/\/onursarkuterikars.com\/#\/schema\/logo\/image\/"}}]}},"_links":{"self":[{"href":"https:\/\/onursarkuterikars.com\/index.php\/wp-json\/wp\/v2\/product\/21531","targetHints":{"allow":["GET"]}}],"collection":[{"href":"https:\/\/onursarkuterikars.com\/index.php\/wp-json\/wp\/v2\/product"}],"about":[{"href":"https:\/\/onursarkuterikars.com\/index.php\/wp-json\/wp\/v2\/types\/product"}],"replies":[{"embeddable":true,"href":"https:\/\/onursarkuterikars.com\/index.php\/wp-json\/wp\/v2\/comments?post=21531"}],"wp:featuredmedia":[{"embeddable":true,"href":"https:\/\/onursarkuterikars.com\/index.php\/wp-json\/wp\/v2\/media\/21799"}],"wp:attachment":[{"href":"https:\/\/onursarkuterikars.com\/index.php\/wp-json\/wp\/v2\/media?parent=21531"}],"wp:term":[{"taxonomy":"product_brand","embeddable":true,"href":"https:\/\/onursarkuterikars.com\/index.php\/wp-json\/wp\/v2\/product_brand?post=21531"},{"taxonomy":"product_cat","embeddable":true,"href":"https:\/\/onursarkuterikars.com\/index.php\/wp-json\/wp\/v2\/product_cat?post=21531"},{"taxonomy":"product_tag","embeddable":true,"href":"https:\/\/onursarkuterikars.com\/index.php\/wp-json\/wp\/v2\/product_tag?post=21531"}],"curies":[{"name":"wp","href":"https:\/\/api.w.org\/{rel}","templated":true}]}}