{"id":21533,"date":"2026-01-15T00:53:36","date_gmt":"2026-01-14T21:53:36","guid":{"rendered":"https:\/\/onursarkuterikars.com\/?post_type=product&#038;p=21533"},"modified":"2026-01-23T21:55:45","modified_gmt":"2026-01-23T18:55:45","slug":"malakan-gobek","status":"publish","type":"product","link":"https:\/\/onursarkuterikars.com\/index.php\/product\/malakan-gobek\/","title":{"rendered":"Kars Malakan G\u00f6bek Ka\u015far\u0131"},"content":{"rendered":"","protected":false},"excerpt":{"rendered":"<p><strong>Kars Malakan G\u00f6bek Ka\u015far Peyniri<\/strong><br \/>\n<em>Kars Malakan G\u00f6bek Ka\u015far Peyniri , do\u011fall\u0131\u011f\u0131n ve Lezzetin Bulu\u015ftu\u011fu Y\u00f6resel Tat, tamamen do\u011fal ve katk\u0131s\u0131z bir \u015fekilde \u00fcretilen, y\u00f6resel peynirler aras\u0131nda kendine \u00f6zg\u00fc yeri olan e\u015fsiz bir lezzettir. \u0130nek s\u00fct\u00fc kullan\u0131larak ve sadece do\u011fal \u015f\u0131rdan mayas\u0131yla elde edilen bu tam ya\u011fl\u0131 peynir, kal\u0131b\u0131 kase \u015feklinde ve yuvarlak oldu\u011fu i\u00e7in \u201cg\u00f6bek\u201d ad\u0131n\u0131 alm\u0131\u015ft\u0131r. Eski Rus geleneklerinden esinlenen bu peynir, kahvalt\u0131 sofralar\u0131n\u0131n vazge\u00e7ilmezi olmas\u0131n\u0131n yan\u0131 s\u0131ra sa\u011fl\u0131kl\u0131 beslenmek isteyenler i\u00e7in de ideal bir se\u00e7imdir.<\/em><\/p>\n","protected":false},"featured_media":21832,"comment_status":"open","ping_status":"closed","template":"","meta":[],"product_brand":[],"product_cat":[30],"product_tag":[65,51],"class_list":{"0":"post-21533","1":"product","2":"type-product","3":"status-publish","4":"has-post-thumbnail","6":"product_cat-peynircesitleri","7":"product_tag-gobek-kasar","8":"product_tag-peynir-cesitleri","10":"first","11":"instock","12":"sale","13":"shipping-taxable","14":"purchasable","15":"product-type-variable"},"yoast_head":"<!-- This site is optimized with the Yoast SEO plugin v26.7 - https:\/\/yoast.com\/wordpress\/plugins\/seo\/ -->\n<title>Kars Malakan G\u00f6bek Ka\u015far\u0131 - Onur \u015fark\u00fcteri kars<\/title>\n<meta name=\"robots\" content=\"index, follow, max-snippet:-1, max-image-preview:large, max-video-preview:-1\" \/>\n<link rel=\"canonical\" href=\"https:\/\/onursarkuterikars.com\/index.php\/product\/malakan-gobek\/\" \/>\n<meta property=\"og:locale\" content=\"tr_TR\" \/>\n<meta property=\"og:type\" content=\"article\" \/>\n<meta property=\"og:title\" content=\"Kars Malakan G\u00f6bek Ka\u015far\u0131 - Onur \u015fark\u00fcteri kars\" \/>\n<meta property=\"og:description\" content=\"Kars Malakan G\u00f6bek Ka\u015far Peyniri Kars Malakan G\u00f6bek Ka\u015far Peyniri , do\u011fall\u0131\u011f\u0131n ve Lezzetin Bulu\u015ftu\u011fu Y\u00f6resel Tat, tamamen do\u011fal ve katk\u0131s\u0131z bir \u015fekilde \u00fcretilen, y\u00f6resel peynirler aras\u0131nda kendine \u00f6zg\u00fc yeri olan e\u015fsiz bir lezzettir. \u0130nek s\u00fct\u00fc kullan\u0131larak ve sadece do\u011fal \u015f\u0131rdan mayas\u0131yla elde edilen bu tam ya\u011fl\u0131 peynir, kal\u0131b\u0131 kase \u015feklinde ve yuvarlak oldu\u011fu i\u00e7in \u201cg\u00f6bek\u201d ad\u0131n\u0131 alm\u0131\u015ft\u0131r. Eski Rus geleneklerinden esinlenen bu peynir, kahvalt\u0131 sofralar\u0131n\u0131n vazge\u00e7ilmezi olmas\u0131n\u0131n yan\u0131 s\u0131ra sa\u011fl\u0131kl\u0131 beslenmek isteyenler i\u00e7in de ideal bir se\u00e7imdir.\" \/>\n<meta property=\"og:url\" content=\"https:\/\/onursarkuterikars.com\/index.php\/product\/malakan-gobek\/\" \/>\n<meta property=\"og:site_name\" content=\"Onur \u015fark\u00fcteri kars\" \/>\n<meta property=\"article:modified_time\" content=\"2026-01-23T18:55:45+00:00\" \/>\n<meta property=\"og:image\" content=\"https:\/\/onursarkuterikars.com\/wp-content\/uploads\/2026\/01\/gobek2-scaled.jpeg\" \/>\n\t<meta property=\"og:image:width\" content=\"1920\" \/>\n\t<meta property=\"og:image:height\" content=\"2560\" \/>\n\t<meta property=\"og:image:type\" content=\"image\/jpeg\" \/>\n<meta name=\"twitter:card\" content=\"summary_large_image\" \/>\n<meta name=\"twitter:label1\" content=\"Tahmini okuma s\u00fcresi\" \/>\n\t<meta name=\"twitter:data1\" content=\"1 dakika\" \/>\n<script type=\"application\/ld+json\" class=\"yoast-schema-graph\">{\"@context\":\"https:\/\/schema.org\",\"@graph\":[{\"@type\":\"WebPage\",\"@id\":\"https:\/\/onursarkuterikars.com\/index.php\/product\/malakan-gobek\/\",\"url\":\"https:\/\/onursarkuterikars.com\/index.php\/product\/malakan-gobek\/\",\"name\":\"Kars Malakan G\u00f6bek Ka\u015far\u0131 - Onur \u015fark\u00fcteri kars\",\"isPartOf\":{\"@id\":\"https:\/\/onursarkuterikars.com\/#website\"},\"primaryImageOfPage\":{\"@id\":\"https:\/\/onursarkuterikars.com\/index.php\/product\/malakan-gobek\/#primaryimage\"},\"image\":{\"@id\":\"https:\/\/onursarkuterikars.com\/index.php\/product\/malakan-gobek\/#primaryimage\"},\"thumbnailUrl\":\"https:\/\/onursarkuterikars.com\/wp-content\/uploads\/2026\/01\/gobek2-scaled.jpeg\",\"datePublished\":\"2026-01-14T21:53:36+00:00\",\"dateModified\":\"2026-01-23T18:55:45+00:00\",\"breadcrumb\":{\"@id\":\"https:\/\/onursarkuterikars.com\/index.php\/product\/malakan-gobek\/#breadcrumb\"},\"inLanguage\":\"tr\",\"potentialAction\":[{\"@type\":\"ReadAction\",\"target\":[\"https:\/\/onursarkuterikars.com\/index.php\/product\/malakan-gobek\/\"]}]},{\"@type\":\"ImageObject\",\"inLanguage\":\"tr\",\"@id\":\"https:\/\/onursarkuterikars.com\/index.php\/product\/malakan-gobek\/#primaryimage\",\"url\":\"https:\/\/onursarkuterikars.com\/wp-content\/uploads\/2026\/01\/gobek2-scaled.jpeg\",\"contentUrl\":\"https:\/\/onursarkuterikars.com\/wp-content\/uploads\/2026\/01\/gobek2-scaled.jpeg\",\"width\":1920,\"height\":2560},{\"@type\":\"BreadcrumbList\",\"@id\":\"https:\/\/onursarkuterikars.com\/index.php\/product\/malakan-gobek\/#breadcrumb\",\"itemListElement\":[{\"@type\":\"ListItem\",\"position\":1,\"name\":\"Anasayfa\",\"item\":\"https:\/\/onursarkuterikars.com\/\"},{\"@type\":\"ListItem\",\"position\":2,\"name\":\"\u00dcr\u00fcnlerimiz\",\"item\":\"https:\/\/onursarkuterikars.com\/index.php\/urunlerimiz\/\"},{\"@type\":\"ListItem\",\"position\":3,\"name\":\"Kars Malakan G\u00f6bek Ka\u015far\u0131\"}]},{\"@type\":\"WebSite\",\"@id\":\"https:\/\/onursarkuterikars.com\/#website\",\"url\":\"https:\/\/onursarkuterikars.com\/\",\"name\":\"Onur \u015fark\u00fcteri kars\",\"description\":\"leziz \u00fcr\u00fcnler\",\"publisher\":{\"@id\":\"https:\/\/onursarkuterikars.com\/#organization\"},\"potentialAction\":[{\"@type\":\"SearchAction\",\"target\":{\"@type\":\"EntryPoint\",\"urlTemplate\":\"https:\/\/onursarkuterikars.com\/?s={search_term_string}\"},\"query-input\":{\"@type\":\"PropertyValueSpecification\",\"valueRequired\":true,\"valueName\":\"search_term_string\"}}],\"inLanguage\":\"tr\"},{\"@type\":\"Organization\",\"@id\":\"https:\/\/onursarkuterikars.com\/#organization\",\"name\":\"Onur \u015fark\u00fcteri kars\",\"url\":\"https:\/\/onursarkuterikars.com\/\",\"logo\":{\"@type\":\"ImageObject\",\"inLanguage\":\"tr\",\"@id\":\"https:\/\/onursarkuterikars.com\/#\/schema\/logo\/image\/\",\"url\":\"https:\/\/onursarkuterikars.com\/wp-content\/uploads\/2026\/01\/cropped-ONUR-SARKUTERI_20251231_202110_0000.png\",\"contentUrl\":\"https:\/\/onursarkuterikars.com\/wp-content\/uploads\/2026\/01\/cropped-ONUR-SARKUTERI_20251231_202110_0000.png\",\"width\":512,\"height\":512,\"caption\":\"Onur \u015fark\u00fcteri kars\"},\"image\":{\"@id\":\"https:\/\/onursarkuterikars.com\/#\/schema\/logo\/image\/\"}}]}<\/script>\n<!-- \/ Yoast SEO plugin. -->","yoast_head_json":{"title":"Kars Malakan G\u00f6bek Ka\u015far\u0131 - Onur \u015fark\u00fcteri kars","robots":{"index":"index","follow":"follow","max-snippet":"max-snippet:-1","max-image-preview":"max-image-preview:large","max-video-preview":"max-video-preview:-1"},"canonical":"https:\/\/onursarkuterikars.com\/index.php\/product\/malakan-gobek\/","og_locale":"tr_TR","og_type":"article","og_title":"Kars Malakan G\u00f6bek Ka\u015far\u0131 - Onur \u015fark\u00fcteri kars","og_description":"Kars Malakan G\u00f6bek Ka\u015far Peyniri Kars Malakan G\u00f6bek Ka\u015far Peyniri , do\u011fall\u0131\u011f\u0131n ve Lezzetin Bulu\u015ftu\u011fu Y\u00f6resel Tat, tamamen do\u011fal ve katk\u0131s\u0131z bir \u015fekilde \u00fcretilen, y\u00f6resel peynirler aras\u0131nda kendine \u00f6zg\u00fc yeri olan e\u015fsiz bir lezzettir. \u0130nek s\u00fct\u00fc kullan\u0131larak ve sadece do\u011fal \u015f\u0131rdan mayas\u0131yla elde edilen bu tam ya\u011fl\u0131 peynir, kal\u0131b\u0131 kase \u015feklinde ve yuvarlak oldu\u011fu i\u00e7in \u201cg\u00f6bek\u201d ad\u0131n\u0131 alm\u0131\u015ft\u0131r. Eski Rus geleneklerinden esinlenen bu peynir, kahvalt\u0131 sofralar\u0131n\u0131n vazge\u00e7ilmezi olmas\u0131n\u0131n yan\u0131 s\u0131ra sa\u011fl\u0131kl\u0131 beslenmek isteyenler i\u00e7in de ideal bir se\u00e7imdir.","og_url":"https:\/\/onursarkuterikars.com\/index.php\/product\/malakan-gobek\/","og_site_name":"Onur \u015fark\u00fcteri kars","article_modified_time":"2026-01-23T18:55:45+00:00","og_image":[{"width":1920,"height":2560,"url":"https:\/\/onursarkuterikars.com\/wp-content\/uploads\/2026\/01\/gobek2-scaled.jpeg","type":"image\/jpeg"}],"twitter_card":"summary_large_image","twitter_misc":{"Tahmini okuma s\u00fcresi":"1 dakika"},"schema":{"@context":"https:\/\/schema.org","@graph":[{"@type":"WebPage","@id":"https:\/\/onursarkuterikars.com\/index.php\/product\/malakan-gobek\/","url":"https:\/\/onursarkuterikars.com\/index.php\/product\/malakan-gobek\/","name":"Kars Malakan G\u00f6bek Ka\u015far\u0131 - Onur \u015fark\u00fcteri kars","isPartOf":{"@id":"https:\/\/onursarkuterikars.com\/#website"},"primaryImageOfPage":{"@id":"https:\/\/onursarkuterikars.com\/index.php\/product\/malakan-gobek\/#primaryimage"},"image":{"@id":"https:\/\/onursarkuterikars.com\/index.php\/product\/malakan-gobek\/#primaryimage"},"thumbnailUrl":"https:\/\/onursarkuterikars.com\/wp-content\/uploads\/2026\/01\/gobek2-scaled.jpeg","datePublished":"2026-01-14T21:53:36+00:00","dateModified":"2026-01-23T18:55:45+00:00","breadcrumb":{"@id":"https:\/\/onursarkuterikars.com\/index.php\/product\/malakan-gobek\/#breadcrumb"},"inLanguage":"tr","potentialAction":[{"@type":"ReadAction","target":["https:\/\/onursarkuterikars.com\/index.php\/product\/malakan-gobek\/"]}]},{"@type":"ImageObject","inLanguage":"tr","@id":"https:\/\/onursarkuterikars.com\/index.php\/product\/malakan-gobek\/#primaryimage","url":"https:\/\/onursarkuterikars.com\/wp-content\/uploads\/2026\/01\/gobek2-scaled.jpeg","contentUrl":"https:\/\/onursarkuterikars.com\/wp-content\/uploads\/2026\/01\/gobek2-scaled.jpeg","width":1920,"height":2560},{"@type":"BreadcrumbList","@id":"https:\/\/onursarkuterikars.com\/index.php\/product\/malakan-gobek\/#breadcrumb","itemListElement":[{"@type":"ListItem","position":1,"name":"Anasayfa","item":"https:\/\/onursarkuterikars.com\/"},{"@type":"ListItem","position":2,"name":"\u00dcr\u00fcnlerimiz","item":"https:\/\/onursarkuterikars.com\/index.php\/urunlerimiz\/"},{"@type":"ListItem","position":3,"name":"Kars Malakan G\u00f6bek Ka\u015far\u0131"}]},{"@type":"WebSite","@id":"https:\/\/onursarkuterikars.com\/#website","url":"https:\/\/onursarkuterikars.com\/","name":"Onur \u015fark\u00fcteri kars","description":"leziz \u00fcr\u00fcnler","publisher":{"@id":"https:\/\/onursarkuterikars.com\/#organization"},"potentialAction":[{"@type":"SearchAction","target":{"@type":"EntryPoint","urlTemplate":"https:\/\/onursarkuterikars.com\/?s={search_term_string}"},"query-input":{"@type":"PropertyValueSpecification","valueRequired":true,"valueName":"search_term_string"}}],"inLanguage":"tr"},{"@type":"Organization","@id":"https:\/\/onursarkuterikars.com\/#organization","name":"Onur \u015fark\u00fcteri kars","url":"https:\/\/onursarkuterikars.com\/","logo":{"@type":"ImageObject","inLanguage":"tr","@id":"https:\/\/onursarkuterikars.com\/#\/schema\/logo\/image\/","url":"https:\/\/onursarkuterikars.com\/wp-content\/uploads\/2026\/01\/cropped-ONUR-SARKUTERI_20251231_202110_0000.png","contentUrl":"https:\/\/onursarkuterikars.com\/wp-content\/uploads\/2026\/01\/cropped-ONUR-SARKUTERI_20251231_202110_0000.png","width":512,"height":512,"caption":"Onur \u015fark\u00fcteri kars"},"image":{"@id":"https:\/\/onursarkuterikars.com\/#\/schema\/logo\/image\/"}}]}},"_links":{"self":[{"href":"https:\/\/onursarkuterikars.com\/index.php\/wp-json\/wp\/v2\/product\/21533","targetHints":{"allow":["GET"]}}],"collection":[{"href":"https:\/\/onursarkuterikars.com\/index.php\/wp-json\/wp\/v2\/product"}],"about":[{"href":"https:\/\/onursarkuterikars.com\/index.php\/wp-json\/wp\/v2\/types\/product"}],"replies":[{"embeddable":true,"href":"https:\/\/onursarkuterikars.com\/index.php\/wp-json\/wp\/v2\/comments?post=21533"}],"wp:featuredmedia":[{"embeddable":true,"href":"https:\/\/onursarkuterikars.com\/index.php\/wp-json\/wp\/v2\/media\/21832"}],"wp:attachment":[{"href":"https:\/\/onursarkuterikars.com\/index.php\/wp-json\/wp\/v2\/media?parent=21533"}],"wp:term":[{"taxonomy":"product_brand","embeddable":true,"href":"https:\/\/onursarkuterikars.com\/index.php\/wp-json\/wp\/v2\/product_brand?post=21533"},{"taxonomy":"product_cat","embeddable":true,"href":"https:\/\/onursarkuterikars.com\/index.php\/wp-json\/wp\/v2\/product_cat?post=21533"},{"taxonomy":"product_tag","embeddable":true,"href":"https:\/\/onursarkuterikars.com\/index.php\/wp-json\/wp\/v2\/product_tag?post=21533"}],"curies":[{"name":"wp","href":"https:\/\/api.w.org\/{rel}","templated":true}]}}