{"id":21544,"date":"2026-01-15T01:01:47","date_gmt":"2026-01-14T22:01:47","guid":{"rendered":"https:\/\/onursarkuterikars.com\/?post_type=product&#038;p=21544"},"modified":"2026-01-23T22:25:41","modified_gmt":"2026-01-23T19:25:41","slug":"hakiki-kars-kazi","status":"publish","type":"product","link":"https:\/\/onursarkuterikars.com\/index.php\/product\/hakiki-kars-kazi\/","title":{"rendered":"Hakiki Kars K\u00f6y Kaz\u0131 (Kurutulmu\u015f)"},"content":{"rendered":"","protected":false},"excerpt":{"rendered":"<p><strong>Kars K\u00f6y Kaz\u0131 (Kurutulmu\u015f) 2.650 &#8211; 3.200KG &#8211; Geleneksel Lezzet<\/strong><br \/>\n<em>Kars Kaz\u0131, zengin ve nadir bulunan bir lezzet deneyimi sunar. 2.650 &#8211; 3.200 kg aras\u0131nda de\u011fi\u015fen bu \u00f6zel kazlar, Kars\u2019\u0131n temiz ve do\u011fal ortam\u0131nda yeti\u015ftirilir ve tamamen do\u011fal beslenme y\u00f6ntemleri ile b\u00fcy\u00fct\u00fcl\u00fcr. Her bir kaz, kaliteyi ve \u00f6zg\u00fcn lezzeti temsil eden birinci s\u0131n\u0131f bir \u00fcr\u00fcnd\u00fcr. Premium kalitesi, bu kaz\u0131n her detay\u0131nda kendini hissettirir, sofralar\u0131n\u0131za e\u015fsiz bir de\u011fer katar.<\/em><\/p>\n","protected":false},"featured_media":21836,"comment_status":"open","ping_status":"closed","template":"","meta":[],"product_brand":[],"product_cat":[42],"product_tag":[53,54],"class_list":{"0":"post-21544","1":"product","2":"type-product","3":"status-publish","4":"has-post-thumbnail","6":"product_cat-et-sarkuteri","7":"product_tag-et-sarkuteri","8":"product_tag-kaz","10":"first","11":"instock","12":"sale","13":"featured","14":"shipping-taxable","15":"purchasable","16":"product-type-simple"},"yoast_head":"<!-- This site is optimized with the Yoast SEO plugin v26.7 - https:\/\/yoast.com\/wordpress\/plugins\/seo\/ -->\n<title>Hakiki Kars K\u00f6y Kaz\u0131 (Kurutulmu\u015f) - Onur \u015fark\u00fcteri kars<\/title>\n<meta name=\"robots\" content=\"index, follow, max-snippet:-1, max-image-preview:large, max-video-preview:-1\" \/>\n<link rel=\"canonical\" href=\"https:\/\/onursarkuterikars.com\/index.php\/product\/hakiki-kars-kazi\/\" \/>\n<meta property=\"og:locale\" content=\"tr_TR\" \/>\n<meta property=\"og:type\" content=\"article\" \/>\n<meta property=\"og:title\" content=\"Hakiki Kars K\u00f6y Kaz\u0131 (Kurutulmu\u015f) - Onur \u015fark\u00fcteri kars\" \/>\n<meta property=\"og:description\" content=\"Kars K\u00f6y Kaz\u0131 (Kurutulmu\u015f) 2.650 - 3.200KG - Geleneksel Lezzet Kars Kaz\u0131, zengin ve nadir bulunan bir lezzet deneyimi sunar. 2.650 - 3.200 kg aras\u0131nda de\u011fi\u015fen bu \u00f6zel kazlar, Kars\u2019\u0131n temiz ve do\u011fal ortam\u0131nda yeti\u015ftirilir ve tamamen do\u011fal beslenme y\u00f6ntemleri ile b\u00fcy\u00fct\u00fcl\u00fcr. Her bir kaz, kaliteyi ve \u00f6zg\u00fcn lezzeti temsil eden birinci s\u0131n\u0131f bir \u00fcr\u00fcnd\u00fcr. Premium kalitesi, bu kaz\u0131n her detay\u0131nda kendini hissettirir, sofralar\u0131n\u0131za e\u015fsiz bir de\u011fer katar.\" \/>\n<meta property=\"og:url\" content=\"https:\/\/onursarkuterikars.com\/index.php\/product\/hakiki-kars-kazi\/\" \/>\n<meta property=\"og:site_name\" content=\"Onur \u015fark\u00fcteri kars\" \/>\n<meta property=\"article:modified_time\" content=\"2026-01-23T19:25:41+00:00\" \/>\n<meta property=\"og:image\" content=\"https:\/\/onursarkuterikars.com\/wp-content\/uploads\/2026\/01\/WhatsApp-Image-2026-01-23-at-22.23.11-1-scaled.jpeg\" \/>\n\t<meta property=\"og:image:width\" content=\"1920\" \/>\n\t<meta property=\"og:image:height\" content=\"2560\" \/>\n\t<meta property=\"og:image:type\" content=\"image\/jpeg\" \/>\n<meta name=\"twitter:card\" content=\"summary_large_image\" \/>\n<script type=\"application\/ld+json\" class=\"yoast-schema-graph\">{\"@context\":\"https:\/\/schema.org\",\"@graph\":[{\"@type\":\"WebPage\",\"@id\":\"https:\/\/onursarkuterikars.com\/index.php\/product\/hakiki-kars-kazi\/\",\"url\":\"https:\/\/onursarkuterikars.com\/index.php\/product\/hakiki-kars-kazi\/\",\"name\":\"Hakiki Kars K\u00f6y Kaz\u0131 (Kurutulmu\u015f) - Onur \u015fark\u00fcteri kars\",\"isPartOf\":{\"@id\":\"https:\/\/onursarkuterikars.com\/#website\"},\"primaryImageOfPage\":{\"@id\":\"https:\/\/onursarkuterikars.com\/index.php\/product\/hakiki-kars-kazi\/#primaryimage\"},\"image\":{\"@id\":\"https:\/\/onursarkuterikars.com\/index.php\/product\/hakiki-kars-kazi\/#primaryimage\"},\"thumbnailUrl\":\"https:\/\/onursarkuterikars.com\/wp-content\/uploads\/2026\/01\/WhatsApp-Image-2026-01-23-at-22.23.11-1-scaled.jpeg\",\"datePublished\":\"2026-01-14T22:01:47+00:00\",\"dateModified\":\"2026-01-23T19:25:41+00:00\",\"breadcrumb\":{\"@id\":\"https:\/\/onursarkuterikars.com\/index.php\/product\/hakiki-kars-kazi\/#breadcrumb\"},\"inLanguage\":\"tr\",\"potentialAction\":[{\"@type\":\"ReadAction\",\"target\":[\"https:\/\/onursarkuterikars.com\/index.php\/product\/hakiki-kars-kazi\/\"]}]},{\"@type\":\"ImageObject\",\"inLanguage\":\"tr\",\"@id\":\"https:\/\/onursarkuterikars.com\/index.php\/product\/hakiki-kars-kazi\/#primaryimage\",\"url\":\"https:\/\/onursarkuterikars.com\/wp-content\/uploads\/2026\/01\/WhatsApp-Image-2026-01-23-at-22.23.11-1-scaled.jpeg\",\"contentUrl\":\"https:\/\/onursarkuterikars.com\/wp-content\/uploads\/2026\/01\/WhatsApp-Image-2026-01-23-at-22.23.11-1-scaled.jpeg\",\"width\":1920,\"height\":2560},{\"@type\":\"BreadcrumbList\",\"@id\":\"https:\/\/onursarkuterikars.com\/index.php\/product\/hakiki-kars-kazi\/#breadcrumb\",\"itemListElement\":[{\"@type\":\"ListItem\",\"position\":1,\"name\":\"Anasayfa\",\"item\":\"https:\/\/onursarkuterikars.com\/\"},{\"@type\":\"ListItem\",\"position\":2,\"name\":\"\u00dcr\u00fcnlerimiz\",\"item\":\"https:\/\/onursarkuterikars.com\/index.php\/urunlerimiz\/\"},{\"@type\":\"ListItem\",\"position\":3,\"name\":\"Hakiki Kars K\u00f6y Kaz\u0131 (Kurutulmu\u015f)\"}]},{\"@type\":\"WebSite\",\"@id\":\"https:\/\/onursarkuterikars.com\/#website\",\"url\":\"https:\/\/onursarkuterikars.com\/\",\"name\":\"Onur \u015fark\u00fcteri kars\",\"description\":\"leziz \u00fcr\u00fcnler\",\"publisher\":{\"@id\":\"https:\/\/onursarkuterikars.com\/#organization\"},\"potentialAction\":[{\"@type\":\"SearchAction\",\"target\":{\"@type\":\"EntryPoint\",\"urlTemplate\":\"https:\/\/onursarkuterikars.com\/?s={search_term_string}\"},\"query-input\":{\"@type\":\"PropertyValueSpecification\",\"valueRequired\":true,\"valueName\":\"search_term_string\"}}],\"inLanguage\":\"tr\"},{\"@type\":\"Organization\",\"@id\":\"https:\/\/onursarkuterikars.com\/#organization\",\"name\":\"Onur \u015fark\u00fcteri kars\",\"url\":\"https:\/\/onursarkuterikars.com\/\",\"logo\":{\"@type\":\"ImageObject\",\"inLanguage\":\"tr\",\"@id\":\"https:\/\/onursarkuterikars.com\/#\/schema\/logo\/image\/\",\"url\":\"https:\/\/onursarkuterikars.com\/wp-content\/uploads\/2026\/01\/cropped-ONUR-SARKUTERI_20251231_202110_0000.png\",\"contentUrl\":\"https:\/\/onursarkuterikars.com\/wp-content\/uploads\/2026\/01\/cropped-ONUR-SARKUTERI_20251231_202110_0000.png\",\"width\":512,\"height\":512,\"caption\":\"Onur \u015fark\u00fcteri kars\"},\"image\":{\"@id\":\"https:\/\/onursarkuterikars.com\/#\/schema\/logo\/image\/\"}}]}<\/script>\n<!-- \/ Yoast SEO plugin. -->","yoast_head_json":{"title":"Hakiki Kars K\u00f6y Kaz\u0131 (Kurutulmu\u015f) - Onur \u015fark\u00fcteri kars","robots":{"index":"index","follow":"follow","max-snippet":"max-snippet:-1","max-image-preview":"max-image-preview:large","max-video-preview":"max-video-preview:-1"},"canonical":"https:\/\/onursarkuterikars.com\/index.php\/product\/hakiki-kars-kazi\/","og_locale":"tr_TR","og_type":"article","og_title":"Hakiki Kars K\u00f6y Kaz\u0131 (Kurutulmu\u015f) - Onur \u015fark\u00fcteri kars","og_description":"Kars K\u00f6y Kaz\u0131 (Kurutulmu\u015f) 2.650 - 3.200KG - Geleneksel Lezzet Kars Kaz\u0131, zengin ve nadir bulunan bir lezzet deneyimi sunar. 2.650 - 3.200 kg aras\u0131nda de\u011fi\u015fen bu \u00f6zel kazlar, Kars\u2019\u0131n temiz ve do\u011fal ortam\u0131nda yeti\u015ftirilir ve tamamen do\u011fal beslenme y\u00f6ntemleri ile b\u00fcy\u00fct\u00fcl\u00fcr. Her bir kaz, kaliteyi ve \u00f6zg\u00fcn lezzeti temsil eden birinci s\u0131n\u0131f bir \u00fcr\u00fcnd\u00fcr. Premium kalitesi, bu kaz\u0131n her detay\u0131nda kendini hissettirir, sofralar\u0131n\u0131za e\u015fsiz bir de\u011fer katar.","og_url":"https:\/\/onursarkuterikars.com\/index.php\/product\/hakiki-kars-kazi\/","og_site_name":"Onur \u015fark\u00fcteri kars","article_modified_time":"2026-01-23T19:25:41+00:00","og_image":[{"width":1920,"height":2560,"url":"https:\/\/onursarkuterikars.com\/wp-content\/uploads\/2026\/01\/WhatsApp-Image-2026-01-23-at-22.23.11-1-scaled.jpeg","type":"image\/jpeg"}],"twitter_card":"summary_large_image","schema":{"@context":"https:\/\/schema.org","@graph":[{"@type":"WebPage","@id":"https:\/\/onursarkuterikars.com\/index.php\/product\/hakiki-kars-kazi\/","url":"https:\/\/onursarkuterikars.com\/index.php\/product\/hakiki-kars-kazi\/","name":"Hakiki Kars K\u00f6y Kaz\u0131 (Kurutulmu\u015f) - Onur \u015fark\u00fcteri kars","isPartOf":{"@id":"https:\/\/onursarkuterikars.com\/#website"},"primaryImageOfPage":{"@id":"https:\/\/onursarkuterikars.com\/index.php\/product\/hakiki-kars-kazi\/#primaryimage"},"image":{"@id":"https:\/\/onursarkuterikars.com\/index.php\/product\/hakiki-kars-kazi\/#primaryimage"},"thumbnailUrl":"https:\/\/onursarkuterikars.com\/wp-content\/uploads\/2026\/01\/WhatsApp-Image-2026-01-23-at-22.23.11-1-scaled.jpeg","datePublished":"2026-01-14T22:01:47+00:00","dateModified":"2026-01-23T19:25:41+00:00","breadcrumb":{"@id":"https:\/\/onursarkuterikars.com\/index.php\/product\/hakiki-kars-kazi\/#breadcrumb"},"inLanguage":"tr","potentialAction":[{"@type":"ReadAction","target":["https:\/\/onursarkuterikars.com\/index.php\/product\/hakiki-kars-kazi\/"]}]},{"@type":"ImageObject","inLanguage":"tr","@id":"https:\/\/onursarkuterikars.com\/index.php\/product\/hakiki-kars-kazi\/#primaryimage","url":"https:\/\/onursarkuterikars.com\/wp-content\/uploads\/2026\/01\/WhatsApp-Image-2026-01-23-at-22.23.11-1-scaled.jpeg","contentUrl":"https:\/\/onursarkuterikars.com\/wp-content\/uploads\/2026\/01\/WhatsApp-Image-2026-01-23-at-22.23.11-1-scaled.jpeg","width":1920,"height":2560},{"@type":"BreadcrumbList","@id":"https:\/\/onursarkuterikars.com\/index.php\/product\/hakiki-kars-kazi\/#breadcrumb","itemListElement":[{"@type":"ListItem","position":1,"name":"Anasayfa","item":"https:\/\/onursarkuterikars.com\/"},{"@type":"ListItem","position":2,"name":"\u00dcr\u00fcnlerimiz","item":"https:\/\/onursarkuterikars.com\/index.php\/urunlerimiz\/"},{"@type":"ListItem","position":3,"name":"Hakiki Kars K\u00f6y Kaz\u0131 (Kurutulmu\u015f)"}]},{"@type":"WebSite","@id":"https:\/\/onursarkuterikars.com\/#website","url":"https:\/\/onursarkuterikars.com\/","name":"Onur \u015fark\u00fcteri kars","description":"leziz \u00fcr\u00fcnler","publisher":{"@id":"https:\/\/onursarkuterikars.com\/#organization"},"potentialAction":[{"@type":"SearchAction","target":{"@type":"EntryPoint","urlTemplate":"https:\/\/onursarkuterikars.com\/?s={search_term_string}"},"query-input":{"@type":"PropertyValueSpecification","valueRequired":true,"valueName":"search_term_string"}}],"inLanguage":"tr"},{"@type":"Organization","@id":"https:\/\/onursarkuterikars.com\/#organization","name":"Onur \u015fark\u00fcteri kars","url":"https:\/\/onursarkuterikars.com\/","logo":{"@type":"ImageObject","inLanguage":"tr","@id":"https:\/\/onursarkuterikars.com\/#\/schema\/logo\/image\/","url":"https:\/\/onursarkuterikars.com\/wp-content\/uploads\/2026\/01\/cropped-ONUR-SARKUTERI_20251231_202110_0000.png","contentUrl":"https:\/\/onursarkuterikars.com\/wp-content\/uploads\/2026\/01\/cropped-ONUR-SARKUTERI_20251231_202110_0000.png","width":512,"height":512,"caption":"Onur \u015fark\u00fcteri kars"},"image":{"@id":"https:\/\/onursarkuterikars.com\/#\/schema\/logo\/image\/"}}]}},"_links":{"self":[{"href":"https:\/\/onursarkuterikars.com\/index.php\/wp-json\/wp\/v2\/product\/21544","targetHints":{"allow":["GET"]}}],"collection":[{"href":"https:\/\/onursarkuterikars.com\/index.php\/wp-json\/wp\/v2\/product"}],"about":[{"href":"https:\/\/onursarkuterikars.com\/index.php\/wp-json\/wp\/v2\/types\/product"}],"replies":[{"embeddable":true,"href":"https:\/\/onursarkuterikars.com\/index.php\/wp-json\/wp\/v2\/comments?post=21544"}],"wp:featuredmedia":[{"embeddable":true,"href":"https:\/\/onursarkuterikars.com\/index.php\/wp-json\/wp\/v2\/media\/21836"}],"wp:attachment":[{"href":"https:\/\/onursarkuterikars.com\/index.php\/wp-json\/wp\/v2\/media?parent=21544"}],"wp:term":[{"taxonomy":"product_brand","embeddable":true,"href":"https:\/\/onursarkuterikars.com\/index.php\/wp-json\/wp\/v2\/product_brand?post=21544"},{"taxonomy":"product_cat","embeddable":true,"href":"https:\/\/onursarkuterikars.com\/index.php\/wp-json\/wp\/v2\/product_cat?post=21544"},{"taxonomy":"product_tag","embeddable":true,"href":"https:\/\/onursarkuterikars.com\/index.php\/wp-json\/wp\/v2\/product_tag?post=21544"}],"curies":[{"name":"wp","href":"https:\/\/api.w.org\/{rel}","templated":true}]}}