{"id":21696,"date":"2026-01-22T03:31:59","date_gmt":"2026-01-22T00:31:59","guid":{"rendered":"https:\/\/onursarkuterikars.com\/?post_type=product&#038;p=21696"},"modified":"2026-01-23T21:42:51","modified_gmt":"2026-01-23T18:42:51","slug":"kars-dana-kangal-sucuk","status":"publish","type":"product","link":"https:\/\/onursarkuterikars.com\/index.php\/product\/kars-dana-kangal-sucuk\/","title":{"rendered":"Kars Dana Kangal Sucuk"},"content":{"rendered":"","protected":false},"excerpt":{"rendered":"<p><strong>Kars Kangal Sucuk &#8211; 550-600gr<\/strong><br \/>\n<em>Kars kangal sucuk sa\u011fl\u0131kl\u0131 i\u00e7eri\u011fi sebebiyle tercih edilen bir \u015fark\u00fcteri \u00fcr\u00fcn\u00fcd\u00fcr. \u0130\u00e7erisinde hi\u00e7bir katk\u0131 maddesi ya da yapay koruyucu i\u00e7ermedi\u011fi i\u00e7in do\u011fal yap\u0131s\u0131n\u0131 korumaya devam eden, hem lezzetli hem de sa\u011fl\u0131kl\u0131 olan dana sucuk, y\u00fcksek protein i\u00e7eri\u011fi sebebiyle sabah kahvalt\u0131lar\u0131n vazge\u00e7ilmezidir. Yumurtayla kar\u0131\u015ft\u0131rarak ya da tek ba\u015f\u0131na t\u00fcketebilece\u011finiz bununla birlikte sandvi\u00e7 tost pizza gibi lezzetleri de daha aromatik hale getiren Kars dana sucuk, g\u00fcn boyunca kendinizi tok hissetmenize yard\u0131mc\u0131 olurken protein seviyesi g\u00fcnl\u00fck besin ihtiya\u00e7lar\u0131n\u0131z\u0131 kar\u015f\u0131laman\u0131z\u0131 destekler.<\/em><\/p>\n","protected":false},"featured_media":21821,"comment_status":"open","ping_status":"closed","template":"","meta":[],"product_brand":[],"product_cat":[42],"product_tag":[53,47],"class_list":{"0":"post-21696","1":"product","2":"type-product","3":"status-publish","4":"has-post-thumbnail","6":"product_cat-et-sarkuteri","7":"product_tag-et-sarkuteri","8":"product_tag-sucuk","10":"first","11":"instock","12":"sale","13":"shipping-taxable","14":"purchasable","15":"product-type-simple"},"yoast_head":"<!-- This site is optimized with the Yoast SEO plugin v26.7 - https:\/\/yoast.com\/wordpress\/plugins\/seo\/ -->\n<title>Kars Dana Kangal Sucuk - Onur \u015fark\u00fcteri kars<\/title>\n<meta name=\"robots\" content=\"index, follow, max-snippet:-1, max-image-preview:large, max-video-preview:-1\" \/>\n<link rel=\"canonical\" href=\"https:\/\/onursarkuterikars.com\/index.php\/product\/kars-dana-kangal-sucuk\/\" \/>\n<meta property=\"og:locale\" content=\"tr_TR\" \/>\n<meta property=\"og:type\" content=\"article\" \/>\n<meta property=\"og:title\" content=\"Kars Dana Kangal Sucuk - Onur \u015fark\u00fcteri kars\" \/>\n<meta property=\"og:description\" content=\"Kars Kangal Sucuk - 550-600gr Kars kangal sucuk sa\u011fl\u0131kl\u0131 i\u00e7eri\u011fi sebebiyle tercih edilen bir \u015fark\u00fcteri \u00fcr\u00fcn\u00fcd\u00fcr. \u0130\u00e7erisinde hi\u00e7bir katk\u0131 maddesi ya da yapay koruyucu i\u00e7ermedi\u011fi i\u00e7in do\u011fal yap\u0131s\u0131n\u0131 korumaya devam eden, hem lezzetli hem de sa\u011fl\u0131kl\u0131 olan dana sucuk, y\u00fcksek protein i\u00e7eri\u011fi sebebiyle sabah kahvalt\u0131lar\u0131n vazge\u00e7ilmezidir. Yumurtayla kar\u0131\u015ft\u0131rarak ya da tek ba\u015f\u0131na t\u00fcketebilece\u011finiz bununla birlikte sandvi\u00e7 tost pizza gibi lezzetleri de daha aromatik hale getiren Kars dana sucuk, g\u00fcn boyunca kendinizi tok hissetmenize yard\u0131mc\u0131 olurken protein seviyesi g\u00fcnl\u00fck besin ihtiya\u00e7lar\u0131n\u0131z\u0131 kar\u015f\u0131laman\u0131z\u0131 destekler.\" \/>\n<meta property=\"og:url\" content=\"https:\/\/onursarkuterikars.com\/index.php\/product\/kars-dana-kangal-sucuk\/\" \/>\n<meta property=\"og:site_name\" content=\"Onur \u015fark\u00fcteri kars\" \/>\n<meta property=\"article:modified_time\" content=\"2026-01-23T18:42:51+00:00\" \/>\n<meta property=\"og:image\" content=\"https:\/\/onursarkuterikars.com\/wp-content\/uploads\/2026\/01\/sucuk-scaled.jpeg\" \/>\n\t<meta property=\"og:image:width\" content=\"1920\" \/>\n\t<meta property=\"og:image:height\" content=\"2560\" \/>\n\t<meta property=\"og:image:type\" content=\"image\/jpeg\" \/>\n<meta name=\"twitter:card\" content=\"summary_large_image\" \/>\n<meta name=\"twitter:label1\" content=\"Tahmini okuma s\u00fcresi\" \/>\n\t<meta name=\"twitter:data1\" content=\"1 dakika\" \/>\n<script type=\"application\/ld+json\" class=\"yoast-schema-graph\">{\"@context\":\"https:\/\/schema.org\",\"@graph\":[{\"@type\":\"WebPage\",\"@id\":\"https:\/\/onursarkuterikars.com\/index.php\/product\/kars-dana-kangal-sucuk\/\",\"url\":\"https:\/\/onursarkuterikars.com\/index.php\/product\/kars-dana-kangal-sucuk\/\",\"name\":\"Kars Dana Kangal Sucuk - Onur \u015fark\u00fcteri kars\",\"isPartOf\":{\"@id\":\"https:\/\/onursarkuterikars.com\/#website\"},\"primaryImageOfPage\":{\"@id\":\"https:\/\/onursarkuterikars.com\/index.php\/product\/kars-dana-kangal-sucuk\/#primaryimage\"},\"image\":{\"@id\":\"https:\/\/onursarkuterikars.com\/index.php\/product\/kars-dana-kangal-sucuk\/#primaryimage\"},\"thumbnailUrl\":\"https:\/\/onursarkuterikars.com\/wp-content\/uploads\/2026\/01\/sucuk-scaled.jpeg\",\"datePublished\":\"2026-01-22T00:31:59+00:00\",\"dateModified\":\"2026-01-23T18:42:51+00:00\",\"breadcrumb\":{\"@id\":\"https:\/\/onursarkuterikars.com\/index.php\/product\/kars-dana-kangal-sucuk\/#breadcrumb\"},\"inLanguage\":\"tr\",\"potentialAction\":[{\"@type\":\"ReadAction\",\"target\":[\"https:\/\/onursarkuterikars.com\/index.php\/product\/kars-dana-kangal-sucuk\/\"]}]},{\"@type\":\"ImageObject\",\"inLanguage\":\"tr\",\"@id\":\"https:\/\/onursarkuterikars.com\/index.php\/product\/kars-dana-kangal-sucuk\/#primaryimage\",\"url\":\"https:\/\/onursarkuterikars.com\/wp-content\/uploads\/2026\/01\/sucuk-scaled.jpeg\",\"contentUrl\":\"https:\/\/onursarkuterikars.com\/wp-content\/uploads\/2026\/01\/sucuk-scaled.jpeg\",\"width\":1920,\"height\":2560},{\"@type\":\"BreadcrumbList\",\"@id\":\"https:\/\/onursarkuterikars.com\/index.php\/product\/kars-dana-kangal-sucuk\/#breadcrumb\",\"itemListElement\":[{\"@type\":\"ListItem\",\"position\":1,\"name\":\"Anasayfa\",\"item\":\"https:\/\/onursarkuterikars.com\/\"},{\"@type\":\"ListItem\",\"position\":2,\"name\":\"\u00dcr\u00fcnlerimiz\",\"item\":\"https:\/\/onursarkuterikars.com\/index.php\/urunlerimiz\/\"},{\"@type\":\"ListItem\",\"position\":3,\"name\":\"Kars Dana Kangal Sucuk\"}]},{\"@type\":\"WebSite\",\"@id\":\"https:\/\/onursarkuterikars.com\/#website\",\"url\":\"https:\/\/onursarkuterikars.com\/\",\"name\":\"Onur \u015fark\u00fcteri kars\",\"description\":\"leziz \u00fcr\u00fcnler\",\"publisher\":{\"@id\":\"https:\/\/onursarkuterikars.com\/#organization\"},\"potentialAction\":[{\"@type\":\"SearchAction\",\"target\":{\"@type\":\"EntryPoint\",\"urlTemplate\":\"https:\/\/onursarkuterikars.com\/?s={search_term_string}\"},\"query-input\":{\"@type\":\"PropertyValueSpecification\",\"valueRequired\":true,\"valueName\":\"search_term_string\"}}],\"inLanguage\":\"tr\"},{\"@type\":\"Organization\",\"@id\":\"https:\/\/onursarkuterikars.com\/#organization\",\"name\":\"Onur \u015fark\u00fcteri kars\",\"url\":\"https:\/\/onursarkuterikars.com\/\",\"logo\":{\"@type\":\"ImageObject\",\"inLanguage\":\"tr\",\"@id\":\"https:\/\/onursarkuterikars.com\/#\/schema\/logo\/image\/\",\"url\":\"https:\/\/onursarkuterikars.com\/wp-content\/uploads\/2026\/01\/cropped-ONUR-SARKUTERI_20251231_202110_0000.png\",\"contentUrl\":\"https:\/\/onursarkuterikars.com\/wp-content\/uploads\/2026\/01\/cropped-ONUR-SARKUTERI_20251231_202110_0000.png\",\"width\":512,\"height\":512,\"caption\":\"Onur \u015fark\u00fcteri kars\"},\"image\":{\"@id\":\"https:\/\/onursarkuterikars.com\/#\/schema\/logo\/image\/\"}}]}<\/script>\n<!-- \/ Yoast SEO plugin. -->","yoast_head_json":{"title":"Kars Dana Kangal Sucuk - Onur \u015fark\u00fcteri kars","robots":{"index":"index","follow":"follow","max-snippet":"max-snippet:-1","max-image-preview":"max-image-preview:large","max-video-preview":"max-video-preview:-1"},"canonical":"https:\/\/onursarkuterikars.com\/index.php\/product\/kars-dana-kangal-sucuk\/","og_locale":"tr_TR","og_type":"article","og_title":"Kars Dana Kangal Sucuk - Onur \u015fark\u00fcteri kars","og_description":"Kars Kangal Sucuk - 550-600gr Kars kangal sucuk sa\u011fl\u0131kl\u0131 i\u00e7eri\u011fi sebebiyle tercih edilen bir \u015fark\u00fcteri \u00fcr\u00fcn\u00fcd\u00fcr. \u0130\u00e7erisinde hi\u00e7bir katk\u0131 maddesi ya da yapay koruyucu i\u00e7ermedi\u011fi i\u00e7in do\u011fal yap\u0131s\u0131n\u0131 korumaya devam eden, hem lezzetli hem de sa\u011fl\u0131kl\u0131 olan dana sucuk, y\u00fcksek protein i\u00e7eri\u011fi sebebiyle sabah kahvalt\u0131lar\u0131n vazge\u00e7ilmezidir. Yumurtayla kar\u0131\u015ft\u0131rarak ya da tek ba\u015f\u0131na t\u00fcketebilece\u011finiz bununla birlikte sandvi\u00e7 tost pizza gibi lezzetleri de daha aromatik hale getiren Kars dana sucuk, g\u00fcn boyunca kendinizi tok hissetmenize yard\u0131mc\u0131 olurken protein seviyesi g\u00fcnl\u00fck besin ihtiya\u00e7lar\u0131n\u0131z\u0131 kar\u015f\u0131laman\u0131z\u0131 destekler.","og_url":"https:\/\/onursarkuterikars.com\/index.php\/product\/kars-dana-kangal-sucuk\/","og_site_name":"Onur \u015fark\u00fcteri kars","article_modified_time":"2026-01-23T18:42:51+00:00","og_image":[{"width":1920,"height":2560,"url":"https:\/\/onursarkuterikars.com\/wp-content\/uploads\/2026\/01\/sucuk-scaled.jpeg","type":"image\/jpeg"}],"twitter_card":"summary_large_image","twitter_misc":{"Tahmini okuma s\u00fcresi":"1 dakika"},"schema":{"@context":"https:\/\/schema.org","@graph":[{"@type":"WebPage","@id":"https:\/\/onursarkuterikars.com\/index.php\/product\/kars-dana-kangal-sucuk\/","url":"https:\/\/onursarkuterikars.com\/index.php\/product\/kars-dana-kangal-sucuk\/","name":"Kars Dana Kangal Sucuk - Onur \u015fark\u00fcteri kars","isPartOf":{"@id":"https:\/\/onursarkuterikars.com\/#website"},"primaryImageOfPage":{"@id":"https:\/\/onursarkuterikars.com\/index.php\/product\/kars-dana-kangal-sucuk\/#primaryimage"},"image":{"@id":"https:\/\/onursarkuterikars.com\/index.php\/product\/kars-dana-kangal-sucuk\/#primaryimage"},"thumbnailUrl":"https:\/\/onursarkuterikars.com\/wp-content\/uploads\/2026\/01\/sucuk-scaled.jpeg","datePublished":"2026-01-22T00:31:59+00:00","dateModified":"2026-01-23T18:42:51+00:00","breadcrumb":{"@id":"https:\/\/onursarkuterikars.com\/index.php\/product\/kars-dana-kangal-sucuk\/#breadcrumb"},"inLanguage":"tr","potentialAction":[{"@type":"ReadAction","target":["https:\/\/onursarkuterikars.com\/index.php\/product\/kars-dana-kangal-sucuk\/"]}]},{"@type":"ImageObject","inLanguage":"tr","@id":"https:\/\/onursarkuterikars.com\/index.php\/product\/kars-dana-kangal-sucuk\/#primaryimage","url":"https:\/\/onursarkuterikars.com\/wp-content\/uploads\/2026\/01\/sucuk-scaled.jpeg","contentUrl":"https:\/\/onursarkuterikars.com\/wp-content\/uploads\/2026\/01\/sucuk-scaled.jpeg","width":1920,"height":2560},{"@type":"BreadcrumbList","@id":"https:\/\/onursarkuterikars.com\/index.php\/product\/kars-dana-kangal-sucuk\/#breadcrumb","itemListElement":[{"@type":"ListItem","position":1,"name":"Anasayfa","item":"https:\/\/onursarkuterikars.com\/"},{"@type":"ListItem","position":2,"name":"\u00dcr\u00fcnlerimiz","item":"https:\/\/onursarkuterikars.com\/index.php\/urunlerimiz\/"},{"@type":"ListItem","position":3,"name":"Kars Dana Kangal Sucuk"}]},{"@type":"WebSite","@id":"https:\/\/onursarkuterikars.com\/#website","url":"https:\/\/onursarkuterikars.com\/","name":"Onur \u015fark\u00fcteri kars","description":"leziz \u00fcr\u00fcnler","publisher":{"@id":"https:\/\/onursarkuterikars.com\/#organization"},"potentialAction":[{"@type":"SearchAction","target":{"@type":"EntryPoint","urlTemplate":"https:\/\/onursarkuterikars.com\/?s={search_term_string}"},"query-input":{"@type":"PropertyValueSpecification","valueRequired":true,"valueName":"search_term_string"}}],"inLanguage":"tr"},{"@type":"Organization","@id":"https:\/\/onursarkuterikars.com\/#organization","name":"Onur \u015fark\u00fcteri kars","url":"https:\/\/onursarkuterikars.com\/","logo":{"@type":"ImageObject","inLanguage":"tr","@id":"https:\/\/onursarkuterikars.com\/#\/schema\/logo\/image\/","url":"https:\/\/onursarkuterikars.com\/wp-content\/uploads\/2026\/01\/cropped-ONUR-SARKUTERI_20251231_202110_0000.png","contentUrl":"https:\/\/onursarkuterikars.com\/wp-content\/uploads\/2026\/01\/cropped-ONUR-SARKUTERI_20251231_202110_0000.png","width":512,"height":512,"caption":"Onur \u015fark\u00fcteri kars"},"image":{"@id":"https:\/\/onursarkuterikars.com\/#\/schema\/logo\/image\/"}}]}},"_links":{"self":[{"href":"https:\/\/onursarkuterikars.com\/index.php\/wp-json\/wp\/v2\/product\/21696","targetHints":{"allow":["GET"]}}],"collection":[{"href":"https:\/\/onursarkuterikars.com\/index.php\/wp-json\/wp\/v2\/product"}],"about":[{"href":"https:\/\/onursarkuterikars.com\/index.php\/wp-json\/wp\/v2\/types\/product"}],"replies":[{"embeddable":true,"href":"https:\/\/onursarkuterikars.com\/index.php\/wp-json\/wp\/v2\/comments?post=21696"}],"wp:featuredmedia":[{"embeddable":true,"href":"https:\/\/onursarkuterikars.com\/index.php\/wp-json\/wp\/v2\/media\/21821"}],"wp:attachment":[{"href":"https:\/\/onursarkuterikars.com\/index.php\/wp-json\/wp\/v2\/media?parent=21696"}],"wp:term":[{"taxonomy":"product_brand","embeddable":true,"href":"https:\/\/onursarkuterikars.com\/index.php\/wp-json\/wp\/v2\/product_brand?post=21696"},{"taxonomy":"product_cat","embeddable":true,"href":"https:\/\/onursarkuterikars.com\/index.php\/wp-json\/wp\/v2\/product_cat?post=21696"},{"taxonomy":"product_tag","embeddable":true,"href":"https:\/\/onursarkuterikars.com\/index.php\/wp-json\/wp\/v2\/product_tag?post=21696"}],"curies":[{"name":"wp","href":"https:\/\/api.w.org\/{rel}","templated":true}]}}