{"id":21723,"date":"2026-01-22T13:23:18","date_gmt":"2026-01-22T10:23:18","guid":{"rendered":"https:\/\/onursarkuterikars.com\/?post_type=product&#038;p=21723"},"modified":"2026-01-23T21:37:32","modified_gmt":"2026-01-23T18:37:32","slug":"kars-gravyeri","status":"publish","type":"product","link":"https:\/\/onursarkuterikars.com\/index.php\/product\/kars-gravyeri\/","title":{"rendered":"Kars Gravyeri"},"content":{"rendered":"","protected":false},"excerpt":{"rendered":"<p><strong>Gravyer Peyniri<\/strong><br \/>\n<em>Gravyer Peyniri, Sadece Kars ve \u0130svi\u00e7re\u2019de yeti\u015fen gurme bir lezzet olarak \u00f6ne \u00e7\u0131kan ve s\u00fct \u00fcr\u00fcnleri d\u00fcnyas\u0131nda kendine has bir yeri olan bu Peyniri, s\u0131n\u0131rl\u0131 co\u011frafyada \u00fcretilebilmesiyle \u00f6ne \u00e7\u0131kar. D\u00fcnyada sadece Kars ve \u0130svi\u00e7re gibi iki \u00f6zel b\u00f6lgede yeti\u015ftirilen bu de\u011ferli peynir, co\u011frafi i\u015faret tesciline sahip, geleneksel ve dikkat isteyen \u00fcretim s\u00fcreciyle bilinir. Her lokmas\u0131nda ustal\u0131k, do\u011fall\u0131k ve y\u0131llar\u0131n birikimi sakl\u0131d\u0131r.<\/em><\/p>\n<p><em>Gravyer, yaln\u0131zca May\u0131s ve Haziran aylar\u0131nda elde edilen taze s\u00fctlerle \u00fcretilir. 1 kg peynir elde edebilmek i\u00e7in yakla\u015f\u0131k 20-25 litre s\u00fct kullan\u0131l\u0131r. Bu y\u00fcksek s\u00fct oran\u0131, peynirin besin de\u011ferinin ne kadar zengin oldu\u011funu g\u00f6zler \u00f6n\u00fcne serer. \u0130\u00e7eri\u011finde kalsiyum, protein, B12 ve A vitamini gibi temel yap\u0131 ta\u015flar\u0131 bulunur. Kas geli\u015fimini desteklerken, kemik ve di\u015f sa\u011fl\u0131\u011f\u0131na da \u00f6nemli katk\u0131lar sa\u011flar. Ayn\u0131 zamanda i\u00e7erdi\u011fi do\u011fal ya\u011flarla g\u00fcnl\u00fck enerji ihtiyac\u0131n\u0131z\u0131 kar\u015f\u0131lamaya yard\u0131mc\u0131 olur. Bu nedenle besin de\u011feri y\u00fcksek bir \u00fcr\u00fcnd\u00fcr.<\/em><\/p>\n","protected":false},"featured_media":21815,"comment_status":"open","ping_status":"closed","template":"","meta":[],"product_brand":[],"product_cat":[30],"product_tag":[50,51],"class_list":{"0":"post-21723","1":"product","2":"type-product","3":"status-publish","4":"has-post-thumbnail","6":"product_cat-peynircesitleri","7":"product_tag-gravyer","8":"product_tag-peynir-cesitleri","10":"first","11":"instock","12":"sale","13":"shipping-taxable","14":"purchasable","15":"product-type-variable"},"yoast_head":"<!-- This site is optimized with the Yoast SEO plugin v26.7 - https:\/\/yoast.com\/wordpress\/plugins\/seo\/ -->\n<title>Kars Gravyeri - Onur \u015fark\u00fcteri kars<\/title>\n<meta name=\"robots\" content=\"index, follow, max-snippet:-1, max-image-preview:large, max-video-preview:-1\" \/>\n<link rel=\"canonical\" href=\"https:\/\/onursarkuterikars.com\/index.php\/product\/kars-gravyeri\/\" \/>\n<meta property=\"og:locale\" content=\"tr_TR\" \/>\n<meta property=\"og:type\" content=\"article\" \/>\n<meta property=\"og:title\" content=\"Kars Gravyeri - Onur \u015fark\u00fcteri kars\" \/>\n<meta property=\"og:description\" content=\"Gravyer Peyniri Gravyer Peyniri, Sadece Kars ve \u0130svi\u00e7re\u2019de yeti\u015fen gurme bir lezzet olarak \u00f6ne \u00e7\u0131kan ve s\u00fct \u00fcr\u00fcnleri d\u00fcnyas\u0131nda kendine has bir yeri olan bu Peyniri, s\u0131n\u0131rl\u0131 co\u011frafyada \u00fcretilebilmesiyle \u00f6ne \u00e7\u0131kar. D\u00fcnyada sadece Kars ve \u0130svi\u00e7re gibi iki \u00f6zel b\u00f6lgede yeti\u015ftirilen bu de\u011ferli peynir, co\u011frafi i\u015faret tesciline sahip, geleneksel ve dikkat isteyen \u00fcretim s\u00fcreciyle bilinir. Her lokmas\u0131nda ustal\u0131k, do\u011fall\u0131k ve y\u0131llar\u0131n birikimi sakl\u0131d\u0131r.  Gravyer, yaln\u0131zca May\u0131s ve Haziran aylar\u0131nda elde edilen taze s\u00fctlerle \u00fcretilir. 1 kg peynir elde edebilmek i\u00e7in yakla\u015f\u0131k 20-25 litre s\u00fct kullan\u0131l\u0131r. Bu y\u00fcksek s\u00fct oran\u0131, peynirin besin de\u011ferinin ne kadar zengin oldu\u011funu g\u00f6zler \u00f6n\u00fcne serer. \u0130\u00e7eri\u011finde kalsiyum, protein, B12 ve A vitamini gibi temel yap\u0131 ta\u015flar\u0131 bulunur. Kas geli\u015fimini desteklerken, kemik ve di\u015f sa\u011fl\u0131\u011f\u0131na da \u00f6nemli katk\u0131lar sa\u011flar. Ayn\u0131 zamanda i\u00e7erdi\u011fi do\u011fal ya\u011flarla g\u00fcnl\u00fck enerji ihtiyac\u0131n\u0131z\u0131 kar\u015f\u0131lamaya yard\u0131mc\u0131 olur. Bu nedenle besin de\u011feri y\u00fcksek bir \u00fcr\u00fcnd\u00fcr.\" \/>\n<meta property=\"og:url\" content=\"https:\/\/onursarkuterikars.com\/index.php\/product\/kars-gravyeri\/\" \/>\n<meta property=\"og:site_name\" content=\"Onur \u015fark\u00fcteri kars\" \/>\n<meta property=\"article:modified_time\" content=\"2026-01-23T18:37:32+00:00\" \/>\n<meta property=\"og:image\" content=\"https:\/\/onursarkuterikars.com\/wp-content\/uploads\/2026\/01\/gravyer2-scaled.jpeg\" \/>\n\t<meta property=\"og:image:width\" content=\"1920\" \/>\n\t<meta property=\"og:image:height\" content=\"2560\" \/>\n\t<meta property=\"og:image:type\" content=\"image\/jpeg\" \/>\n<meta name=\"twitter:card\" content=\"summary_large_image\" \/>\n<meta name=\"twitter:label1\" content=\"Tahmini okuma s\u00fcresi\" \/>\n\t<meta name=\"twitter:data1\" content=\"1 dakika\" \/>\n<script type=\"application\/ld+json\" class=\"yoast-schema-graph\">{\"@context\":\"https:\/\/schema.org\",\"@graph\":[{\"@type\":\"WebPage\",\"@id\":\"https:\/\/onursarkuterikars.com\/index.php\/product\/kars-gravyeri\/\",\"url\":\"https:\/\/onursarkuterikars.com\/index.php\/product\/kars-gravyeri\/\",\"name\":\"Kars Gravyeri - Onur \u015fark\u00fcteri kars\",\"isPartOf\":{\"@id\":\"https:\/\/onursarkuterikars.com\/#website\"},\"primaryImageOfPage\":{\"@id\":\"https:\/\/onursarkuterikars.com\/index.php\/product\/kars-gravyeri\/#primaryimage\"},\"image\":{\"@id\":\"https:\/\/onursarkuterikars.com\/index.php\/product\/kars-gravyeri\/#primaryimage\"},\"thumbnailUrl\":\"https:\/\/onursarkuterikars.com\/wp-content\/uploads\/2026\/01\/gravyer2-scaled.jpeg\",\"datePublished\":\"2026-01-22T10:23:18+00:00\",\"dateModified\":\"2026-01-23T18:37:32+00:00\",\"breadcrumb\":{\"@id\":\"https:\/\/onursarkuterikars.com\/index.php\/product\/kars-gravyeri\/#breadcrumb\"},\"inLanguage\":\"tr\",\"potentialAction\":[{\"@type\":\"ReadAction\",\"target\":[\"https:\/\/onursarkuterikars.com\/index.php\/product\/kars-gravyeri\/\"]}]},{\"@type\":\"ImageObject\",\"inLanguage\":\"tr\",\"@id\":\"https:\/\/onursarkuterikars.com\/index.php\/product\/kars-gravyeri\/#primaryimage\",\"url\":\"https:\/\/onursarkuterikars.com\/wp-content\/uploads\/2026\/01\/gravyer2-scaled.jpeg\",\"contentUrl\":\"https:\/\/onursarkuterikars.com\/wp-content\/uploads\/2026\/01\/gravyer2-scaled.jpeg\",\"width\":1920,\"height\":2560},{\"@type\":\"BreadcrumbList\",\"@id\":\"https:\/\/onursarkuterikars.com\/index.php\/product\/kars-gravyeri\/#breadcrumb\",\"itemListElement\":[{\"@type\":\"ListItem\",\"position\":1,\"name\":\"Anasayfa\",\"item\":\"https:\/\/onursarkuterikars.com\/\"},{\"@type\":\"ListItem\",\"position\":2,\"name\":\"\u00dcr\u00fcnlerimiz\",\"item\":\"https:\/\/onursarkuterikars.com\/index.php\/urunlerimiz\/\"},{\"@type\":\"ListItem\",\"position\":3,\"name\":\"Kars Gravyeri\"}]},{\"@type\":\"WebSite\",\"@id\":\"https:\/\/onursarkuterikars.com\/#website\",\"url\":\"https:\/\/onursarkuterikars.com\/\",\"name\":\"Onur \u015fark\u00fcteri kars\",\"description\":\"leziz \u00fcr\u00fcnler\",\"publisher\":{\"@id\":\"https:\/\/onursarkuterikars.com\/#organization\"},\"potentialAction\":[{\"@type\":\"SearchAction\",\"target\":{\"@type\":\"EntryPoint\",\"urlTemplate\":\"https:\/\/onursarkuterikars.com\/?s={search_term_string}\"},\"query-input\":{\"@type\":\"PropertyValueSpecification\",\"valueRequired\":true,\"valueName\":\"search_term_string\"}}],\"inLanguage\":\"tr\"},{\"@type\":\"Organization\",\"@id\":\"https:\/\/onursarkuterikars.com\/#organization\",\"name\":\"Onur \u015fark\u00fcteri kars\",\"url\":\"https:\/\/onursarkuterikars.com\/\",\"logo\":{\"@type\":\"ImageObject\",\"inLanguage\":\"tr\",\"@id\":\"https:\/\/onursarkuterikars.com\/#\/schema\/logo\/image\/\",\"url\":\"https:\/\/onursarkuterikars.com\/wp-content\/uploads\/2026\/01\/cropped-ONUR-SARKUTERI_20251231_202110_0000.png\",\"contentUrl\":\"https:\/\/onursarkuterikars.com\/wp-content\/uploads\/2026\/01\/cropped-ONUR-SARKUTERI_20251231_202110_0000.png\",\"width\":512,\"height\":512,\"caption\":\"Onur \u015fark\u00fcteri kars\"},\"image\":{\"@id\":\"https:\/\/onursarkuterikars.com\/#\/schema\/logo\/image\/\"}}]}<\/script>\n<!-- \/ Yoast SEO plugin. -->","yoast_head_json":{"title":"Kars Gravyeri - Onur \u015fark\u00fcteri kars","robots":{"index":"index","follow":"follow","max-snippet":"max-snippet:-1","max-image-preview":"max-image-preview:large","max-video-preview":"max-video-preview:-1"},"canonical":"https:\/\/onursarkuterikars.com\/index.php\/product\/kars-gravyeri\/","og_locale":"tr_TR","og_type":"article","og_title":"Kars Gravyeri - Onur \u015fark\u00fcteri kars","og_description":"Gravyer Peyniri Gravyer Peyniri, Sadece Kars ve \u0130svi\u00e7re\u2019de yeti\u015fen gurme bir lezzet olarak \u00f6ne \u00e7\u0131kan ve s\u00fct \u00fcr\u00fcnleri d\u00fcnyas\u0131nda kendine has bir yeri olan bu Peyniri, s\u0131n\u0131rl\u0131 co\u011frafyada \u00fcretilebilmesiyle \u00f6ne \u00e7\u0131kar. D\u00fcnyada sadece Kars ve \u0130svi\u00e7re gibi iki \u00f6zel b\u00f6lgede yeti\u015ftirilen bu de\u011ferli peynir, co\u011frafi i\u015faret tesciline sahip, geleneksel ve dikkat isteyen \u00fcretim s\u00fcreciyle bilinir. Her lokmas\u0131nda ustal\u0131k, do\u011fall\u0131k ve y\u0131llar\u0131n birikimi sakl\u0131d\u0131r.  Gravyer, yaln\u0131zca May\u0131s ve Haziran aylar\u0131nda elde edilen taze s\u00fctlerle \u00fcretilir. 1 kg peynir elde edebilmek i\u00e7in yakla\u015f\u0131k 20-25 litre s\u00fct kullan\u0131l\u0131r. Bu y\u00fcksek s\u00fct oran\u0131, peynirin besin de\u011ferinin ne kadar zengin oldu\u011funu g\u00f6zler \u00f6n\u00fcne serer. \u0130\u00e7eri\u011finde kalsiyum, protein, B12 ve A vitamini gibi temel yap\u0131 ta\u015flar\u0131 bulunur. Kas geli\u015fimini desteklerken, kemik ve di\u015f sa\u011fl\u0131\u011f\u0131na da \u00f6nemli katk\u0131lar sa\u011flar. Ayn\u0131 zamanda i\u00e7erdi\u011fi do\u011fal ya\u011flarla g\u00fcnl\u00fck enerji ihtiyac\u0131n\u0131z\u0131 kar\u015f\u0131lamaya yard\u0131mc\u0131 olur. Bu nedenle besin de\u011feri y\u00fcksek bir \u00fcr\u00fcnd\u00fcr.","og_url":"https:\/\/onursarkuterikars.com\/index.php\/product\/kars-gravyeri\/","og_site_name":"Onur \u015fark\u00fcteri kars","article_modified_time":"2026-01-23T18:37:32+00:00","og_image":[{"width":1920,"height":2560,"url":"https:\/\/onursarkuterikars.com\/wp-content\/uploads\/2026\/01\/gravyer2-scaled.jpeg","type":"image\/jpeg"}],"twitter_card":"summary_large_image","twitter_misc":{"Tahmini okuma s\u00fcresi":"1 dakika"},"schema":{"@context":"https:\/\/schema.org","@graph":[{"@type":"WebPage","@id":"https:\/\/onursarkuterikars.com\/index.php\/product\/kars-gravyeri\/","url":"https:\/\/onursarkuterikars.com\/index.php\/product\/kars-gravyeri\/","name":"Kars Gravyeri - Onur \u015fark\u00fcteri kars","isPartOf":{"@id":"https:\/\/onursarkuterikars.com\/#website"},"primaryImageOfPage":{"@id":"https:\/\/onursarkuterikars.com\/index.php\/product\/kars-gravyeri\/#primaryimage"},"image":{"@id":"https:\/\/onursarkuterikars.com\/index.php\/product\/kars-gravyeri\/#primaryimage"},"thumbnailUrl":"https:\/\/onursarkuterikars.com\/wp-content\/uploads\/2026\/01\/gravyer2-scaled.jpeg","datePublished":"2026-01-22T10:23:18+00:00","dateModified":"2026-01-23T18:37:32+00:00","breadcrumb":{"@id":"https:\/\/onursarkuterikars.com\/index.php\/product\/kars-gravyeri\/#breadcrumb"},"inLanguage":"tr","potentialAction":[{"@type":"ReadAction","target":["https:\/\/onursarkuterikars.com\/index.php\/product\/kars-gravyeri\/"]}]},{"@type":"ImageObject","inLanguage":"tr","@id":"https:\/\/onursarkuterikars.com\/index.php\/product\/kars-gravyeri\/#primaryimage","url":"https:\/\/onursarkuterikars.com\/wp-content\/uploads\/2026\/01\/gravyer2-scaled.jpeg","contentUrl":"https:\/\/onursarkuterikars.com\/wp-content\/uploads\/2026\/01\/gravyer2-scaled.jpeg","width":1920,"height":2560},{"@type":"BreadcrumbList","@id":"https:\/\/onursarkuterikars.com\/index.php\/product\/kars-gravyeri\/#breadcrumb","itemListElement":[{"@type":"ListItem","position":1,"name":"Anasayfa","item":"https:\/\/onursarkuterikars.com\/"},{"@type":"ListItem","position":2,"name":"\u00dcr\u00fcnlerimiz","item":"https:\/\/onursarkuterikars.com\/index.php\/urunlerimiz\/"},{"@type":"ListItem","position":3,"name":"Kars Gravyeri"}]},{"@type":"WebSite","@id":"https:\/\/onursarkuterikars.com\/#website","url":"https:\/\/onursarkuterikars.com\/","name":"Onur \u015fark\u00fcteri kars","description":"leziz \u00fcr\u00fcnler","publisher":{"@id":"https:\/\/onursarkuterikars.com\/#organization"},"potentialAction":[{"@type":"SearchAction","target":{"@type":"EntryPoint","urlTemplate":"https:\/\/onursarkuterikars.com\/?s={search_term_string}"},"query-input":{"@type":"PropertyValueSpecification","valueRequired":true,"valueName":"search_term_string"}}],"inLanguage":"tr"},{"@type":"Organization","@id":"https:\/\/onursarkuterikars.com\/#organization","name":"Onur \u015fark\u00fcteri kars","url":"https:\/\/onursarkuterikars.com\/","logo":{"@type":"ImageObject","inLanguage":"tr","@id":"https:\/\/onursarkuterikars.com\/#\/schema\/logo\/image\/","url":"https:\/\/onursarkuterikars.com\/wp-content\/uploads\/2026\/01\/cropped-ONUR-SARKUTERI_20251231_202110_0000.png","contentUrl":"https:\/\/onursarkuterikars.com\/wp-content\/uploads\/2026\/01\/cropped-ONUR-SARKUTERI_20251231_202110_0000.png","width":512,"height":512,"caption":"Onur \u015fark\u00fcteri kars"},"image":{"@id":"https:\/\/onursarkuterikars.com\/#\/schema\/logo\/image\/"}}]}},"_links":{"self":[{"href":"https:\/\/onursarkuterikars.com\/index.php\/wp-json\/wp\/v2\/product\/21723","targetHints":{"allow":["GET"]}}],"collection":[{"href":"https:\/\/onursarkuterikars.com\/index.php\/wp-json\/wp\/v2\/product"}],"about":[{"href":"https:\/\/onursarkuterikars.com\/index.php\/wp-json\/wp\/v2\/types\/product"}],"replies":[{"embeddable":true,"href":"https:\/\/onursarkuterikars.com\/index.php\/wp-json\/wp\/v2\/comments?post=21723"}],"wp:featuredmedia":[{"embeddable":true,"href":"https:\/\/onursarkuterikars.com\/index.php\/wp-json\/wp\/v2\/media\/21815"}],"wp:attachment":[{"href":"https:\/\/onursarkuterikars.com\/index.php\/wp-json\/wp\/v2\/media?parent=21723"}],"wp:term":[{"taxonomy":"product_brand","embeddable":true,"href":"https:\/\/onursarkuterikars.com\/index.php\/wp-json\/wp\/v2\/product_brand?post=21723"},{"taxonomy":"product_cat","embeddable":true,"href":"https:\/\/onursarkuterikars.com\/index.php\/wp-json\/wp\/v2\/product_cat?post=21723"},{"taxonomy":"product_tag","embeddable":true,"href":"https:\/\/onursarkuterikars.com\/index.php\/wp-json\/wp\/v2\/product_tag?post=21723"}],"curies":[{"name":"wp","href":"https:\/\/api.w.org\/{rel}","templated":true}]}}