{"id":21730,"date":"2026-01-22T14:04:31","date_gmt":"2026-01-22T11:04:31","guid":{"rendered":"https:\/\/onursarkuterikars.com\/?post_type=product&#038;p=21730"},"modified":"2026-01-23T23:19:28","modified_gmt":"2026-01-23T20:19:28","slug":"kars-kavurma","status":"publish","type":"product","link":"https:\/\/onursarkuterikars.com\/index.php\/product\/kars-kavurma\/","title":{"rendered":"Kars Kavurma (500gr)"},"content":{"rendered":"","protected":false},"excerpt":{"rendered":"<p><strong>Kars Kavurmas\u0131 (500gr)<\/strong><\/p>\n<p><em>Kars y\u00f6resine \u00f6zg\u00fc bir yemek ve et \u00fcr\u00fcn\u00fcd\u00fcr. Genellikle dana, koyun ya da ke\u00e7i eti kullan\u0131larak yap\u0131l\u0131r. Et, tuzlu suda ha\u015flan\u0131r ve daha sonra k\u00fc\u00e7\u00fck par\u00e7alara ayr\u0131l\u0131r. Daha sonra ya\u011fda kavrularak lezzetlendirilir. Kars kavurmas\u0131, genellikle kahvalt\u0131da, sandvi\u00e7lerde veya yemeklerin yan\u0131nda servis edilir.<\/em><\/p>\n","protected":false},"featured_media":21731,"comment_status":"open","ping_status":"closed","template":"","meta":[],"product_brand":[],"product_cat":[42],"product_tag":[53,55],"class_list":{"0":"post-21730","1":"product","2":"type-product","3":"status-publish","4":"has-post-thumbnail","6":"product_cat-et-sarkuteri","7":"product_tag-et-sarkuteri","8":"product_tag-kavurma","10":"first","11":"instock","12":"shipping-taxable","13":"purchasable","14":"product-type-simple"},"yoast_head":"<!-- This site is optimized with the Yoast SEO plugin v26.7 - https:\/\/yoast.com\/wordpress\/plugins\/seo\/ -->\n<title>Kars Kavurma (500gr) - Onur \u015fark\u00fcteri kars<\/title>\n<meta name=\"robots\" content=\"index, follow, max-snippet:-1, max-image-preview:large, max-video-preview:-1\" \/>\n<link rel=\"canonical\" href=\"https:\/\/onursarkuterikars.com\/index.php\/product\/kars-kavurma\/\" \/>\n<meta property=\"og:locale\" content=\"tr_TR\" \/>\n<meta property=\"og:type\" content=\"article\" \/>\n<meta property=\"og:title\" content=\"Kars Kavurma (500gr) - Onur \u015fark\u00fcteri kars\" \/>\n<meta property=\"og:description\" content=\"Kars Kavurmas\u0131 (500gr)  Kars y\u00f6resine \u00f6zg\u00fc bir yemek ve et \u00fcr\u00fcn\u00fcd\u00fcr. Genellikle dana, koyun ya da ke\u00e7i eti kullan\u0131larak yap\u0131l\u0131r. Et, tuzlu suda ha\u015flan\u0131r ve daha sonra k\u00fc\u00e7\u00fck par\u00e7alara ayr\u0131l\u0131r. Daha sonra ya\u011fda kavrularak lezzetlendirilir. Kars kavurmas\u0131, genellikle kahvalt\u0131da, sandvi\u00e7lerde veya yemeklerin yan\u0131nda servis edilir.\" \/>\n<meta property=\"og:url\" content=\"https:\/\/onursarkuterikars.com\/index.php\/product\/kars-kavurma\/\" \/>\n<meta property=\"og:site_name\" content=\"Onur \u015fark\u00fcteri kars\" \/>\n<meta property=\"article:modified_time\" content=\"2026-01-23T20:19:28+00:00\" \/>\n<meta property=\"og:image\" content=\"https:\/\/onursarkuterikars.com\/wp-content\/uploads\/2026\/01\/WhatsApp-Image-2026-01-22-at-13.59.49.jpeg\" \/>\n\t<meta property=\"og:image:width\" content=\"550\" \/>\n\t<meta property=\"og:image:height\" content=\"550\" \/>\n\t<meta property=\"og:image:type\" content=\"image\/jpeg\" \/>\n<meta name=\"twitter:card\" content=\"summary_large_image\" \/>\n<meta name=\"twitter:label1\" content=\"Tahmini okuma s\u00fcresi\" \/>\n\t<meta name=\"twitter:data1\" content=\"1 dakika\" \/>\n<script type=\"application\/ld+json\" class=\"yoast-schema-graph\">{\"@context\":\"https:\/\/schema.org\",\"@graph\":[{\"@type\":\"WebPage\",\"@id\":\"https:\/\/onursarkuterikars.com\/index.php\/product\/kars-kavurma\/\",\"url\":\"https:\/\/onursarkuterikars.com\/index.php\/product\/kars-kavurma\/\",\"name\":\"Kars Kavurma (500gr) - Onur \u015fark\u00fcteri kars\",\"isPartOf\":{\"@id\":\"https:\/\/onursarkuterikars.com\/#website\"},\"primaryImageOfPage\":{\"@id\":\"https:\/\/onursarkuterikars.com\/index.php\/product\/kars-kavurma\/#primaryimage\"},\"image\":{\"@id\":\"https:\/\/onursarkuterikars.com\/index.php\/product\/kars-kavurma\/#primaryimage\"},\"thumbnailUrl\":\"https:\/\/onursarkuterikars.com\/wp-content\/uploads\/2026\/01\/WhatsApp-Image-2026-01-22-at-13.59.49.jpeg\",\"datePublished\":\"2026-01-22T11:04:31+00:00\",\"dateModified\":\"2026-01-23T20:19:28+00:00\",\"breadcrumb\":{\"@id\":\"https:\/\/onursarkuterikars.com\/index.php\/product\/kars-kavurma\/#breadcrumb\"},\"inLanguage\":\"tr\",\"potentialAction\":[{\"@type\":\"ReadAction\",\"target\":[\"https:\/\/onursarkuterikars.com\/index.php\/product\/kars-kavurma\/\"]}]},{\"@type\":\"ImageObject\",\"inLanguage\":\"tr\",\"@id\":\"https:\/\/onursarkuterikars.com\/index.php\/product\/kars-kavurma\/#primaryimage\",\"url\":\"https:\/\/onursarkuterikars.com\/wp-content\/uploads\/2026\/01\/WhatsApp-Image-2026-01-22-at-13.59.49.jpeg\",\"contentUrl\":\"https:\/\/onursarkuterikars.com\/wp-content\/uploads\/2026\/01\/WhatsApp-Image-2026-01-22-at-13.59.49.jpeg\",\"width\":550,\"height\":550},{\"@type\":\"BreadcrumbList\",\"@id\":\"https:\/\/onursarkuterikars.com\/index.php\/product\/kars-kavurma\/#breadcrumb\",\"itemListElement\":[{\"@type\":\"ListItem\",\"position\":1,\"name\":\"Anasayfa\",\"item\":\"https:\/\/onursarkuterikars.com\/\"},{\"@type\":\"ListItem\",\"position\":2,\"name\":\"\u00dcr\u00fcnlerimiz\",\"item\":\"https:\/\/onursarkuterikars.com\/index.php\/urunlerimiz\/\"},{\"@type\":\"ListItem\",\"position\":3,\"name\":\"Kars Kavurma (500gr)\"}]},{\"@type\":\"WebSite\",\"@id\":\"https:\/\/onursarkuterikars.com\/#website\",\"url\":\"https:\/\/onursarkuterikars.com\/\",\"name\":\"Onur \u015fark\u00fcteri kars\",\"description\":\"leziz \u00fcr\u00fcnler\",\"publisher\":{\"@id\":\"https:\/\/onursarkuterikars.com\/#organization\"},\"potentialAction\":[{\"@type\":\"SearchAction\",\"target\":{\"@type\":\"EntryPoint\",\"urlTemplate\":\"https:\/\/onursarkuterikars.com\/?s={search_term_string}\"},\"query-input\":{\"@type\":\"PropertyValueSpecification\",\"valueRequired\":true,\"valueName\":\"search_term_string\"}}],\"inLanguage\":\"tr\"},{\"@type\":\"Organization\",\"@id\":\"https:\/\/onursarkuterikars.com\/#organization\",\"name\":\"Onur \u015fark\u00fcteri kars\",\"url\":\"https:\/\/onursarkuterikars.com\/\",\"logo\":{\"@type\":\"ImageObject\",\"inLanguage\":\"tr\",\"@id\":\"https:\/\/onursarkuterikars.com\/#\/schema\/logo\/image\/\",\"url\":\"https:\/\/onursarkuterikars.com\/wp-content\/uploads\/2026\/01\/cropped-ONUR-SARKUTERI_20251231_202110_0000.png\",\"contentUrl\":\"https:\/\/onursarkuterikars.com\/wp-content\/uploads\/2026\/01\/cropped-ONUR-SARKUTERI_20251231_202110_0000.png\",\"width\":512,\"height\":512,\"caption\":\"Onur \u015fark\u00fcteri kars\"},\"image\":{\"@id\":\"https:\/\/onursarkuterikars.com\/#\/schema\/logo\/image\/\"}}]}<\/script>\n<!-- \/ Yoast SEO plugin. -->","yoast_head_json":{"title":"Kars Kavurma (500gr) - Onur \u015fark\u00fcteri kars","robots":{"index":"index","follow":"follow","max-snippet":"max-snippet:-1","max-image-preview":"max-image-preview:large","max-video-preview":"max-video-preview:-1"},"canonical":"https:\/\/onursarkuterikars.com\/index.php\/product\/kars-kavurma\/","og_locale":"tr_TR","og_type":"article","og_title":"Kars Kavurma (500gr) - Onur \u015fark\u00fcteri kars","og_description":"Kars Kavurmas\u0131 (500gr)  Kars y\u00f6resine \u00f6zg\u00fc bir yemek ve et \u00fcr\u00fcn\u00fcd\u00fcr. Genellikle dana, koyun ya da ke\u00e7i eti kullan\u0131larak yap\u0131l\u0131r. Et, tuzlu suda ha\u015flan\u0131r ve daha sonra k\u00fc\u00e7\u00fck par\u00e7alara ayr\u0131l\u0131r. Daha sonra ya\u011fda kavrularak lezzetlendirilir. Kars kavurmas\u0131, genellikle kahvalt\u0131da, sandvi\u00e7lerde veya yemeklerin yan\u0131nda servis edilir.","og_url":"https:\/\/onursarkuterikars.com\/index.php\/product\/kars-kavurma\/","og_site_name":"Onur \u015fark\u00fcteri kars","article_modified_time":"2026-01-23T20:19:28+00:00","og_image":[{"width":550,"height":550,"url":"https:\/\/onursarkuterikars.com\/wp-content\/uploads\/2026\/01\/WhatsApp-Image-2026-01-22-at-13.59.49.jpeg","type":"image\/jpeg"}],"twitter_card":"summary_large_image","twitter_misc":{"Tahmini okuma s\u00fcresi":"1 dakika"},"schema":{"@context":"https:\/\/schema.org","@graph":[{"@type":"WebPage","@id":"https:\/\/onursarkuterikars.com\/index.php\/product\/kars-kavurma\/","url":"https:\/\/onursarkuterikars.com\/index.php\/product\/kars-kavurma\/","name":"Kars Kavurma (500gr) - Onur \u015fark\u00fcteri kars","isPartOf":{"@id":"https:\/\/onursarkuterikars.com\/#website"},"primaryImageOfPage":{"@id":"https:\/\/onursarkuterikars.com\/index.php\/product\/kars-kavurma\/#primaryimage"},"image":{"@id":"https:\/\/onursarkuterikars.com\/index.php\/product\/kars-kavurma\/#primaryimage"},"thumbnailUrl":"https:\/\/onursarkuterikars.com\/wp-content\/uploads\/2026\/01\/WhatsApp-Image-2026-01-22-at-13.59.49.jpeg","datePublished":"2026-01-22T11:04:31+00:00","dateModified":"2026-01-23T20:19:28+00:00","breadcrumb":{"@id":"https:\/\/onursarkuterikars.com\/index.php\/product\/kars-kavurma\/#breadcrumb"},"inLanguage":"tr","potentialAction":[{"@type":"ReadAction","target":["https:\/\/onursarkuterikars.com\/index.php\/product\/kars-kavurma\/"]}]},{"@type":"ImageObject","inLanguage":"tr","@id":"https:\/\/onursarkuterikars.com\/index.php\/product\/kars-kavurma\/#primaryimage","url":"https:\/\/onursarkuterikars.com\/wp-content\/uploads\/2026\/01\/WhatsApp-Image-2026-01-22-at-13.59.49.jpeg","contentUrl":"https:\/\/onursarkuterikars.com\/wp-content\/uploads\/2026\/01\/WhatsApp-Image-2026-01-22-at-13.59.49.jpeg","width":550,"height":550},{"@type":"BreadcrumbList","@id":"https:\/\/onursarkuterikars.com\/index.php\/product\/kars-kavurma\/#breadcrumb","itemListElement":[{"@type":"ListItem","position":1,"name":"Anasayfa","item":"https:\/\/onursarkuterikars.com\/"},{"@type":"ListItem","position":2,"name":"\u00dcr\u00fcnlerimiz","item":"https:\/\/onursarkuterikars.com\/index.php\/urunlerimiz\/"},{"@type":"ListItem","position":3,"name":"Kars Kavurma (500gr)"}]},{"@type":"WebSite","@id":"https:\/\/onursarkuterikars.com\/#website","url":"https:\/\/onursarkuterikars.com\/","name":"Onur \u015fark\u00fcteri kars","description":"leziz \u00fcr\u00fcnler","publisher":{"@id":"https:\/\/onursarkuterikars.com\/#organization"},"potentialAction":[{"@type":"SearchAction","target":{"@type":"EntryPoint","urlTemplate":"https:\/\/onursarkuterikars.com\/?s={search_term_string}"},"query-input":{"@type":"PropertyValueSpecification","valueRequired":true,"valueName":"search_term_string"}}],"inLanguage":"tr"},{"@type":"Organization","@id":"https:\/\/onursarkuterikars.com\/#organization","name":"Onur \u015fark\u00fcteri kars","url":"https:\/\/onursarkuterikars.com\/","logo":{"@type":"ImageObject","inLanguage":"tr","@id":"https:\/\/onursarkuterikars.com\/#\/schema\/logo\/image\/","url":"https:\/\/onursarkuterikars.com\/wp-content\/uploads\/2026\/01\/cropped-ONUR-SARKUTERI_20251231_202110_0000.png","contentUrl":"https:\/\/onursarkuterikars.com\/wp-content\/uploads\/2026\/01\/cropped-ONUR-SARKUTERI_20251231_202110_0000.png","width":512,"height":512,"caption":"Onur \u015fark\u00fcteri kars"},"image":{"@id":"https:\/\/onursarkuterikars.com\/#\/schema\/logo\/image\/"}}]}},"_links":{"self":[{"href":"https:\/\/onursarkuterikars.com\/index.php\/wp-json\/wp\/v2\/product\/21730","targetHints":{"allow":["GET"]}}],"collection":[{"href":"https:\/\/onursarkuterikars.com\/index.php\/wp-json\/wp\/v2\/product"}],"about":[{"href":"https:\/\/onursarkuterikars.com\/index.php\/wp-json\/wp\/v2\/types\/product"}],"replies":[{"embeddable":true,"href":"https:\/\/onursarkuterikars.com\/index.php\/wp-json\/wp\/v2\/comments?post=21730"}],"wp:featuredmedia":[{"embeddable":true,"href":"https:\/\/onursarkuterikars.com\/index.php\/wp-json\/wp\/v2\/media\/21731"}],"wp:attachment":[{"href":"https:\/\/onursarkuterikars.com\/index.php\/wp-json\/wp\/v2\/media?parent=21730"}],"wp:term":[{"taxonomy":"product_brand","embeddable":true,"href":"https:\/\/onursarkuterikars.com\/index.php\/wp-json\/wp\/v2\/product_brand?post=21730"},{"taxonomy":"product_cat","embeddable":true,"href":"https:\/\/onursarkuterikars.com\/index.php\/wp-json\/wp\/v2\/product_cat?post=21730"},{"taxonomy":"product_tag","embeddable":true,"href":"https:\/\/onursarkuterikars.com\/index.php\/wp-json\/wp\/v2\/product_tag?post=21730"}],"curies":[{"name":"wp","href":"https:\/\/api.w.org\/{rel}","templated":true}]}}