{"id":21743,"date":"2026-01-22T14:52:11","date_gmt":"2026-01-22T11:52:11","guid":{"rendered":"https:\/\/onursarkuterikars.com\/?post_type=product&#038;p=21743"},"modified":"2026-01-23T23:11:52","modified_gmt":"2026-01-23T20:11:52","slug":"taze-kars-tereyagi-1kg","status":"publish","type":"product","link":"https:\/\/onursarkuterikars.com\/index.php\/product\/taze-kars-tereyagi-1kg\/","title":{"rendered":"Kars Tereya\u011f\u0131 1Kg"},"content":{"rendered":"","protected":false},"excerpt":{"rendered":"<p><em>Do\u011fal s\u00fctlerden, katk\u0131s\u0131z ve geleneksel y\u00f6ntemle \u00fcretilen ger\u00e7ek tereya\u011f\u0131<\/em><\/p>\n<p><em>Kars\u2019ta do\u011fal ko\u015fullarda beslenen hayvanlar\u0131n s\u00fct\u00fcnden \u00fcretti\u011fimiz tuzsuz taze tereya\u011f\u0131m\u0131z, kahvalt\u0131lardan yemeklere kadar her sofrada fark\u0131n\u0131 g\u00f6sterir.<\/em><\/p>\n<p><em>Hi\u00e7bir katk\u0131 ya da koruyucu i\u00e7ermez. Rengi mevsime g\u00f6re de\u011fi\u015fir \u2014 bu, hayvanlar\u0131n yedi\u011fi do\u011fal yem ve otlara g\u00f6re \u015fekillenen tamamen do\u011fal bir s\u00fcre\u00e7tir.<\/em><\/p>\n<p><em>Yo\u011fun k\u0131vam\u0131 ve sade aromas\u0131yla, \u00f6zellikle yemeklik ve hamur i\u015fi kullan\u0131mlar i\u00e7in idealdir.<\/em><\/p>\n<p><em>\ud83d\udd0d \u00d6zellikler:<\/em><\/p>\n<p><em>\u2013 1 KG ambalaj<\/em><\/p>\n<p><em>\u2013 %100 do\u011fal s\u00fctle, katk\u0131s\u0131z ve koruyucusuz<\/em><\/p>\n<p><em>\u2013 Mevsime g\u00f6re de\u011fi\u015febilen renk<\/em><\/p>\n<p><em>\u2013 Geleneksel \u00fcretim, do\u011fal aroma<\/em><\/p>\n<p><em>\u2013 Kahvalt\u0131da, yemekte ve pi\u015firmede kullan\u0131ma uygun<\/em><\/p>\n<p><em>\ud83d\udccd 2\u20134 \u00b0C\u2019de muhafaza edilmelidir<\/em><\/p>\n<p><em>\ud83d\udd52 Raf \u00f6mr\u00fc: 6 ay<\/em><\/p>\n<p><em>\ud83d\udce6 So\u011fuk zincir ambalajla g\u00fcvenle g\u00f6nderilir<\/em><\/p>\n<p><em>Lezzeti mevsimden, do\u011fall\u0131\u011f\u0131 Kars\u2019tan gelir:<\/em><\/p>\n<p><em>Mand\u0131ra Tereya\u011f\u0131 \u2013 Her Lokmada Ger\u00e7ek Tat.<\/em><\/p>\n","protected":false},"featured_media":21873,"comment_status":"open","ping_status":"closed","template":"","meta":[],"product_brand":[],"product_cat":[38],"product_tag":[62,61],"class_list":{"0":"post-21743","1":"product","2":"type-product","3":"status-publish","4":"has-post-thumbnail","6":"product_cat-yagcesitleri","7":"product_tag-tere-yagi","8":"product_tag-yag-cesitleri","10":"first","11":"instock","12":"sale","13":"shipping-taxable","14":"purchasable","15":"product-type-simple"},"yoast_head":"<!-- This site is optimized with the Yoast SEO plugin v26.7 - https:\/\/yoast.com\/wordpress\/plugins\/seo\/ -->\n<title>Kars Tereya\u011f\u0131 1Kg - Onur \u015fark\u00fcteri kars<\/title>\n<meta name=\"robots\" content=\"index, follow, max-snippet:-1, max-image-preview:large, max-video-preview:-1\" \/>\n<link rel=\"canonical\" href=\"https:\/\/onursarkuterikars.com\/index.php\/product\/taze-kars-tereyagi-1kg\/\" \/>\n<meta property=\"og:locale\" content=\"tr_TR\" \/>\n<meta property=\"og:type\" content=\"article\" \/>\n<meta property=\"og:title\" content=\"Kars Tereya\u011f\u0131 1Kg - Onur \u015fark\u00fcteri kars\" \/>\n<meta property=\"og:description\" content=\"Do\u011fal s\u00fctlerden, katk\u0131s\u0131z ve geleneksel y\u00f6ntemle \u00fcretilen ger\u00e7ek tereya\u011f\u0131  Kars\u2019ta do\u011fal ko\u015fullarda beslenen hayvanlar\u0131n s\u00fct\u00fcnden \u00fcretti\u011fimiz tuzsuz taze tereya\u011f\u0131m\u0131z, kahvalt\u0131lardan yemeklere kadar her sofrada fark\u0131n\u0131 g\u00f6sterir.  Hi\u00e7bir katk\u0131 ya da koruyucu i\u00e7ermez. Rengi mevsime g\u00f6re de\u011fi\u015fir \u2014 bu, hayvanlar\u0131n yedi\u011fi do\u011fal yem ve otlara g\u00f6re \u015fekillenen tamamen do\u011fal bir s\u00fcre\u00e7tir.  Yo\u011fun k\u0131vam\u0131 ve sade aromas\u0131yla, \u00f6zellikle yemeklik ve hamur i\u015fi kullan\u0131mlar i\u00e7in idealdir.  \ud83d\udd0d \u00d6zellikler:  \u2013 1 KG ambalaj  \u2013 %100 do\u011fal s\u00fctle, katk\u0131s\u0131z ve koruyucusuz  \u2013 Mevsime g\u00f6re de\u011fi\u015febilen renk  \u2013 Geleneksel \u00fcretim, do\u011fal aroma  \u2013 Kahvalt\u0131da, yemekte ve pi\u015firmede kullan\u0131ma uygun  \ud83d\udccd 2\u20134 \u00b0C\u2019de muhafaza edilmelidir  \ud83d\udd52 Raf \u00f6mr\u00fc: 6 ay  \ud83d\udce6 So\u011fuk zincir ambalajla g\u00fcvenle g\u00f6nderilir  Lezzeti mevsimden, do\u011fall\u0131\u011f\u0131 Kars\u2019tan gelir:  Mand\u0131ra Tereya\u011f\u0131 \u2013 Her Lokmada Ger\u00e7ek Tat.\" \/>\n<meta property=\"og:url\" content=\"https:\/\/onursarkuterikars.com\/index.php\/product\/taze-kars-tereyagi-1kg\/\" \/>\n<meta property=\"og:site_name\" content=\"Onur \u015fark\u00fcteri kars\" \/>\n<meta property=\"article:modified_time\" content=\"2026-01-23T20:11:52+00:00\" \/>\n<meta property=\"og:image\" content=\"https:\/\/onursarkuterikars.com\/wp-content\/uploads\/2026\/01\/taze-tereyag.jpeg\" \/>\n\t<meta property=\"og:image:width\" content=\"1200\" \/>\n\t<meta property=\"og:image:height\" content=\"1600\" \/>\n\t<meta property=\"og:image:type\" content=\"image\/jpeg\" \/>\n<meta name=\"twitter:card\" content=\"summary_large_image\" \/>\n<meta name=\"twitter:label1\" content=\"Tahmini okuma s\u00fcresi\" \/>\n\t<meta name=\"twitter:data1\" content=\"1 dakika\" \/>\n<script type=\"application\/ld+json\" class=\"yoast-schema-graph\">{\"@context\":\"https:\/\/schema.org\",\"@graph\":[{\"@type\":\"WebPage\",\"@id\":\"https:\/\/onursarkuterikars.com\/index.php\/product\/taze-kars-tereyagi-1kg\/\",\"url\":\"https:\/\/onursarkuterikars.com\/index.php\/product\/taze-kars-tereyagi-1kg\/\",\"name\":\"Kars Tereya\u011f\u0131 1Kg - Onur \u015fark\u00fcteri kars\",\"isPartOf\":{\"@id\":\"https:\/\/onursarkuterikars.com\/#website\"},\"primaryImageOfPage\":{\"@id\":\"https:\/\/onursarkuterikars.com\/index.php\/product\/taze-kars-tereyagi-1kg\/#primaryimage\"},\"image\":{\"@id\":\"https:\/\/onursarkuterikars.com\/index.php\/product\/taze-kars-tereyagi-1kg\/#primaryimage\"},\"thumbnailUrl\":\"https:\/\/onursarkuterikars.com\/wp-content\/uploads\/2026\/01\/taze-tereyag.jpeg\",\"datePublished\":\"2026-01-22T11:52:11+00:00\",\"dateModified\":\"2026-01-23T20:11:52+00:00\",\"breadcrumb\":{\"@id\":\"https:\/\/onursarkuterikars.com\/index.php\/product\/taze-kars-tereyagi-1kg\/#breadcrumb\"},\"inLanguage\":\"tr\",\"potentialAction\":[{\"@type\":\"ReadAction\",\"target\":[\"https:\/\/onursarkuterikars.com\/index.php\/product\/taze-kars-tereyagi-1kg\/\"]}]},{\"@type\":\"ImageObject\",\"inLanguage\":\"tr\",\"@id\":\"https:\/\/onursarkuterikars.com\/index.php\/product\/taze-kars-tereyagi-1kg\/#primaryimage\",\"url\":\"https:\/\/onursarkuterikars.com\/wp-content\/uploads\/2026\/01\/taze-tereyag.jpeg\",\"contentUrl\":\"https:\/\/onursarkuterikars.com\/wp-content\/uploads\/2026\/01\/taze-tereyag.jpeg\",\"width\":1200,\"height\":1600},{\"@type\":\"BreadcrumbList\",\"@id\":\"https:\/\/onursarkuterikars.com\/index.php\/product\/taze-kars-tereyagi-1kg\/#breadcrumb\",\"itemListElement\":[{\"@type\":\"ListItem\",\"position\":1,\"name\":\"Anasayfa\",\"item\":\"https:\/\/onursarkuterikars.com\/\"},{\"@type\":\"ListItem\",\"position\":2,\"name\":\"\u00dcr\u00fcnlerimiz\",\"item\":\"https:\/\/onursarkuterikars.com\/index.php\/urunlerimiz\/\"},{\"@type\":\"ListItem\",\"position\":3,\"name\":\"Kars Tereya\u011f\u0131 1Kg\"}]},{\"@type\":\"WebSite\",\"@id\":\"https:\/\/onursarkuterikars.com\/#website\",\"url\":\"https:\/\/onursarkuterikars.com\/\",\"name\":\"Onur \u015fark\u00fcteri kars\",\"description\":\"leziz \u00fcr\u00fcnler\",\"publisher\":{\"@id\":\"https:\/\/onursarkuterikars.com\/#organization\"},\"potentialAction\":[{\"@type\":\"SearchAction\",\"target\":{\"@type\":\"EntryPoint\",\"urlTemplate\":\"https:\/\/onursarkuterikars.com\/?s={search_term_string}\"},\"query-input\":{\"@type\":\"PropertyValueSpecification\",\"valueRequired\":true,\"valueName\":\"search_term_string\"}}],\"inLanguage\":\"tr\"},{\"@type\":\"Organization\",\"@id\":\"https:\/\/onursarkuterikars.com\/#organization\",\"name\":\"Onur \u015fark\u00fcteri kars\",\"url\":\"https:\/\/onursarkuterikars.com\/\",\"logo\":{\"@type\":\"ImageObject\",\"inLanguage\":\"tr\",\"@id\":\"https:\/\/onursarkuterikars.com\/#\/schema\/logo\/image\/\",\"url\":\"https:\/\/onursarkuterikars.com\/wp-content\/uploads\/2026\/01\/cropped-ONUR-SARKUTERI_20251231_202110_0000.png\",\"contentUrl\":\"https:\/\/onursarkuterikars.com\/wp-content\/uploads\/2026\/01\/cropped-ONUR-SARKUTERI_20251231_202110_0000.png\",\"width\":512,\"height\":512,\"caption\":\"Onur \u015fark\u00fcteri kars\"},\"image\":{\"@id\":\"https:\/\/onursarkuterikars.com\/#\/schema\/logo\/image\/\"}}]}<\/script>\n<!-- \/ Yoast SEO plugin. -->","yoast_head_json":{"title":"Kars Tereya\u011f\u0131 1Kg - Onur \u015fark\u00fcteri kars","robots":{"index":"index","follow":"follow","max-snippet":"max-snippet:-1","max-image-preview":"max-image-preview:large","max-video-preview":"max-video-preview:-1"},"canonical":"https:\/\/onursarkuterikars.com\/index.php\/product\/taze-kars-tereyagi-1kg\/","og_locale":"tr_TR","og_type":"article","og_title":"Kars Tereya\u011f\u0131 1Kg - Onur \u015fark\u00fcteri kars","og_description":"Do\u011fal s\u00fctlerden, katk\u0131s\u0131z ve geleneksel y\u00f6ntemle \u00fcretilen ger\u00e7ek tereya\u011f\u0131  Kars\u2019ta do\u011fal ko\u015fullarda beslenen hayvanlar\u0131n s\u00fct\u00fcnden \u00fcretti\u011fimiz tuzsuz taze tereya\u011f\u0131m\u0131z, kahvalt\u0131lardan yemeklere kadar her sofrada fark\u0131n\u0131 g\u00f6sterir.  Hi\u00e7bir katk\u0131 ya da koruyucu i\u00e7ermez. Rengi mevsime g\u00f6re de\u011fi\u015fir \u2014 bu, hayvanlar\u0131n yedi\u011fi do\u011fal yem ve otlara g\u00f6re \u015fekillenen tamamen do\u011fal bir s\u00fcre\u00e7tir.  Yo\u011fun k\u0131vam\u0131 ve sade aromas\u0131yla, \u00f6zellikle yemeklik ve hamur i\u015fi kullan\u0131mlar i\u00e7in idealdir.  \ud83d\udd0d \u00d6zellikler:  \u2013 1 KG ambalaj  \u2013 %100 do\u011fal s\u00fctle, katk\u0131s\u0131z ve koruyucusuz  \u2013 Mevsime g\u00f6re de\u011fi\u015febilen renk  \u2013 Geleneksel \u00fcretim, do\u011fal aroma  \u2013 Kahvalt\u0131da, yemekte ve pi\u015firmede kullan\u0131ma uygun  \ud83d\udccd 2\u20134 \u00b0C\u2019de muhafaza edilmelidir  \ud83d\udd52 Raf \u00f6mr\u00fc: 6 ay  \ud83d\udce6 So\u011fuk zincir ambalajla g\u00fcvenle g\u00f6nderilir  Lezzeti mevsimden, do\u011fall\u0131\u011f\u0131 Kars\u2019tan gelir:  Mand\u0131ra Tereya\u011f\u0131 \u2013 Her Lokmada Ger\u00e7ek Tat.","og_url":"https:\/\/onursarkuterikars.com\/index.php\/product\/taze-kars-tereyagi-1kg\/","og_site_name":"Onur \u015fark\u00fcteri kars","article_modified_time":"2026-01-23T20:11:52+00:00","og_image":[{"width":1200,"height":1600,"url":"https:\/\/onursarkuterikars.com\/wp-content\/uploads\/2026\/01\/taze-tereyag.jpeg","type":"image\/jpeg"}],"twitter_card":"summary_large_image","twitter_misc":{"Tahmini okuma s\u00fcresi":"1 dakika"},"schema":{"@context":"https:\/\/schema.org","@graph":[{"@type":"WebPage","@id":"https:\/\/onursarkuterikars.com\/index.php\/product\/taze-kars-tereyagi-1kg\/","url":"https:\/\/onursarkuterikars.com\/index.php\/product\/taze-kars-tereyagi-1kg\/","name":"Kars Tereya\u011f\u0131 1Kg - Onur \u015fark\u00fcteri kars","isPartOf":{"@id":"https:\/\/onursarkuterikars.com\/#website"},"primaryImageOfPage":{"@id":"https:\/\/onursarkuterikars.com\/index.php\/product\/taze-kars-tereyagi-1kg\/#primaryimage"},"image":{"@id":"https:\/\/onursarkuterikars.com\/index.php\/product\/taze-kars-tereyagi-1kg\/#primaryimage"},"thumbnailUrl":"https:\/\/onursarkuterikars.com\/wp-content\/uploads\/2026\/01\/taze-tereyag.jpeg","datePublished":"2026-01-22T11:52:11+00:00","dateModified":"2026-01-23T20:11:52+00:00","breadcrumb":{"@id":"https:\/\/onursarkuterikars.com\/index.php\/product\/taze-kars-tereyagi-1kg\/#breadcrumb"},"inLanguage":"tr","potentialAction":[{"@type":"ReadAction","target":["https:\/\/onursarkuterikars.com\/index.php\/product\/taze-kars-tereyagi-1kg\/"]}]},{"@type":"ImageObject","inLanguage":"tr","@id":"https:\/\/onursarkuterikars.com\/index.php\/product\/taze-kars-tereyagi-1kg\/#primaryimage","url":"https:\/\/onursarkuterikars.com\/wp-content\/uploads\/2026\/01\/taze-tereyag.jpeg","contentUrl":"https:\/\/onursarkuterikars.com\/wp-content\/uploads\/2026\/01\/taze-tereyag.jpeg","width":1200,"height":1600},{"@type":"BreadcrumbList","@id":"https:\/\/onursarkuterikars.com\/index.php\/product\/taze-kars-tereyagi-1kg\/#breadcrumb","itemListElement":[{"@type":"ListItem","position":1,"name":"Anasayfa","item":"https:\/\/onursarkuterikars.com\/"},{"@type":"ListItem","position":2,"name":"\u00dcr\u00fcnlerimiz","item":"https:\/\/onursarkuterikars.com\/index.php\/urunlerimiz\/"},{"@type":"ListItem","position":3,"name":"Kars Tereya\u011f\u0131 1Kg"}]},{"@type":"WebSite","@id":"https:\/\/onursarkuterikars.com\/#website","url":"https:\/\/onursarkuterikars.com\/","name":"Onur \u015fark\u00fcteri kars","description":"leziz \u00fcr\u00fcnler","publisher":{"@id":"https:\/\/onursarkuterikars.com\/#organization"},"potentialAction":[{"@type":"SearchAction","target":{"@type":"EntryPoint","urlTemplate":"https:\/\/onursarkuterikars.com\/?s={search_term_string}"},"query-input":{"@type":"PropertyValueSpecification","valueRequired":true,"valueName":"search_term_string"}}],"inLanguage":"tr"},{"@type":"Organization","@id":"https:\/\/onursarkuterikars.com\/#organization","name":"Onur \u015fark\u00fcteri kars","url":"https:\/\/onursarkuterikars.com\/","logo":{"@type":"ImageObject","inLanguage":"tr","@id":"https:\/\/onursarkuterikars.com\/#\/schema\/logo\/image\/","url":"https:\/\/onursarkuterikars.com\/wp-content\/uploads\/2026\/01\/cropped-ONUR-SARKUTERI_20251231_202110_0000.png","contentUrl":"https:\/\/onursarkuterikars.com\/wp-content\/uploads\/2026\/01\/cropped-ONUR-SARKUTERI_20251231_202110_0000.png","width":512,"height":512,"caption":"Onur \u015fark\u00fcteri kars"},"image":{"@id":"https:\/\/onursarkuterikars.com\/#\/schema\/logo\/image\/"}}]}},"_links":{"self":[{"href":"https:\/\/onursarkuterikars.com\/index.php\/wp-json\/wp\/v2\/product\/21743","targetHints":{"allow":["GET"]}}],"collection":[{"href":"https:\/\/onursarkuterikars.com\/index.php\/wp-json\/wp\/v2\/product"}],"about":[{"href":"https:\/\/onursarkuterikars.com\/index.php\/wp-json\/wp\/v2\/types\/product"}],"replies":[{"embeddable":true,"href":"https:\/\/onursarkuterikars.com\/index.php\/wp-json\/wp\/v2\/comments?post=21743"}],"wp:featuredmedia":[{"embeddable":true,"href":"https:\/\/onursarkuterikars.com\/index.php\/wp-json\/wp\/v2\/media\/21873"}],"wp:attachment":[{"href":"https:\/\/onursarkuterikars.com\/index.php\/wp-json\/wp\/v2\/media?parent=21743"}],"wp:term":[{"taxonomy":"product_brand","embeddable":true,"href":"https:\/\/onursarkuterikars.com\/index.php\/wp-json\/wp\/v2\/product_brand?post=21743"},{"taxonomy":"product_cat","embeddable":true,"href":"https:\/\/onursarkuterikars.com\/index.php\/wp-json\/wp\/v2\/product_cat?post=21743"},{"taxonomy":"product_tag","embeddable":true,"href":"https:\/\/onursarkuterikars.com\/index.php\/wp-json\/wp\/v2\/product_tag?post=21743"}],"curies":[{"name":"wp","href":"https:\/\/api.w.org\/{rel}","templated":true}]}}