{"id":21775,"date":"2026-01-22T17:12:23","date_gmt":"2026-01-22T14:12:23","guid":{"rendered":"https:\/\/onursarkuterikars.com\/?post_type=product&#038;p=21775"},"modified":"2026-01-23T22:33:18","modified_gmt":"2026-01-23T19:33:18","slug":"hediyelik-kasar","status":"publish","type":"product","link":"https:\/\/onursarkuterikars.com\/index.php\/product\/hediyelik-kasar\/","title":{"rendered":"2 Kiloluk Hediyelik Taze Ka\u015far"},"content":{"rendered":"","protected":false},"excerpt":{"rendered":"","protected":false},"featured_media":21843,"comment_status":"open","ping_status":"closed","template":"","meta":[],"product_brand":[],"product_cat":[30],"product_tag":[66,51],"class_list":{"0":"post-21775","1":"product","2":"type-product","3":"status-publish","4":"has-post-thumbnail","6":"product_cat-peynircesitleri","7":"product_tag-hediyelik-kasar","8":"product_tag-peynir-cesitleri","10":"first","11":"instock","12":"sale","13":"shipping-taxable","14":"purchasable","15":"product-type-simple"},"yoast_head":"<!-- This site is optimized with the Yoast SEO plugin v26.7 - https:\/\/yoast.com\/wordpress\/plugins\/seo\/ -->\n<title>2 Kiloluk Hediyelik Taze Ka\u015far - Onur \u015fark\u00fcteri kars<\/title>\n<meta name=\"robots\" content=\"index, follow, max-snippet:-1, max-image-preview:large, max-video-preview:-1\" \/>\n<link rel=\"canonical\" href=\"https:\/\/onursarkuterikars.com\/index.php\/product\/hediyelik-kasar\/\" \/>\n<meta property=\"og:locale\" content=\"tr_TR\" \/>\n<meta property=\"og:type\" content=\"article\" \/>\n<meta property=\"og:title\" content=\"2 Kiloluk Hediyelik Taze Ka\u015far - Onur \u015fark\u00fcteri kars\" \/>\n<meta property=\"og:url\" content=\"https:\/\/onursarkuterikars.com\/index.php\/product\/hediyelik-kasar\/\" \/>\n<meta property=\"og:site_name\" content=\"Onur \u015fark\u00fcteri kars\" \/>\n<meta property=\"article:modified_time\" content=\"2026-01-23T19:33:18+00:00\" \/>\n<meta property=\"og:image\" content=\"https:\/\/onursarkuterikars.com\/wp-content\/uploads\/2026\/01\/hedsyelikyeni.jpeg\" \/>\n\t<meta property=\"og:image:width\" content=\"1200\" \/>\n\t<meta property=\"og:image:height\" content=\"1600\" \/>\n\t<meta property=\"og:image:type\" content=\"image\/jpeg\" \/>\n<meta name=\"twitter:card\" content=\"summary_large_image\" \/>\n<meta name=\"twitter:label1\" content=\"Tahmini okuma s\u00fcresi\" \/>\n\t<meta name=\"twitter:data1\" content=\"1 dakika\" \/>\n<script type=\"application\/ld+json\" class=\"yoast-schema-graph\">{\"@context\":\"https:\/\/schema.org\",\"@graph\":[{\"@type\":\"WebPage\",\"@id\":\"https:\/\/onursarkuterikars.com\/index.php\/product\/hediyelik-kasar\/\",\"url\":\"https:\/\/onursarkuterikars.com\/index.php\/product\/hediyelik-kasar\/\",\"name\":\"2 Kiloluk Hediyelik Taze Ka\u015far - Onur \u015fark\u00fcteri kars\",\"isPartOf\":{\"@id\":\"https:\/\/onursarkuterikars.com\/#website\"},\"primaryImageOfPage\":{\"@id\":\"https:\/\/onursarkuterikars.com\/index.php\/product\/hediyelik-kasar\/#primaryimage\"},\"image\":{\"@id\":\"https:\/\/onursarkuterikars.com\/index.php\/product\/hediyelik-kasar\/#primaryimage\"},\"thumbnailUrl\":\"https:\/\/onursarkuterikars.com\/wp-content\/uploads\/2026\/01\/hedsyelikyeni.jpeg\",\"datePublished\":\"2026-01-22T14:12:23+00:00\",\"dateModified\":\"2026-01-23T19:33:18+00:00\",\"breadcrumb\":{\"@id\":\"https:\/\/onursarkuterikars.com\/index.php\/product\/hediyelik-kasar\/#breadcrumb\"},\"inLanguage\":\"tr\",\"potentialAction\":[{\"@type\":\"ReadAction\",\"target\":[\"https:\/\/onursarkuterikars.com\/index.php\/product\/hediyelik-kasar\/\"]}]},{\"@type\":\"ImageObject\",\"inLanguage\":\"tr\",\"@id\":\"https:\/\/onursarkuterikars.com\/index.php\/product\/hediyelik-kasar\/#primaryimage\",\"url\":\"https:\/\/onursarkuterikars.com\/wp-content\/uploads\/2026\/01\/hedsyelikyeni.jpeg\",\"contentUrl\":\"https:\/\/onursarkuterikars.com\/wp-content\/uploads\/2026\/01\/hedsyelikyeni.jpeg\",\"width\":1200,\"height\":1600},{\"@type\":\"BreadcrumbList\",\"@id\":\"https:\/\/onursarkuterikars.com\/index.php\/product\/hediyelik-kasar\/#breadcrumb\",\"itemListElement\":[{\"@type\":\"ListItem\",\"position\":1,\"name\":\"Anasayfa\",\"item\":\"https:\/\/onursarkuterikars.com\/\"},{\"@type\":\"ListItem\",\"position\":2,\"name\":\"\u00dcr\u00fcnlerimiz\",\"item\":\"https:\/\/onursarkuterikars.com\/index.php\/urunlerimiz\/\"},{\"@type\":\"ListItem\",\"position\":3,\"name\":\"2 Kiloluk Hediyelik Taze Ka\u015far\"}]},{\"@type\":\"WebSite\",\"@id\":\"https:\/\/onursarkuterikars.com\/#website\",\"url\":\"https:\/\/onursarkuterikars.com\/\",\"name\":\"Onur \u015fark\u00fcteri kars\",\"description\":\"leziz \u00fcr\u00fcnler\",\"publisher\":{\"@id\":\"https:\/\/onursarkuterikars.com\/#organization\"},\"potentialAction\":[{\"@type\":\"SearchAction\",\"target\":{\"@type\":\"EntryPoint\",\"urlTemplate\":\"https:\/\/onursarkuterikars.com\/?s={search_term_string}\"},\"query-input\":{\"@type\":\"PropertyValueSpecification\",\"valueRequired\":true,\"valueName\":\"search_term_string\"}}],\"inLanguage\":\"tr\"},{\"@type\":\"Organization\",\"@id\":\"https:\/\/onursarkuterikars.com\/#organization\",\"name\":\"Onur \u015fark\u00fcteri kars\",\"url\":\"https:\/\/onursarkuterikars.com\/\",\"logo\":{\"@type\":\"ImageObject\",\"inLanguage\":\"tr\",\"@id\":\"https:\/\/onursarkuterikars.com\/#\/schema\/logo\/image\/\",\"url\":\"https:\/\/onursarkuterikars.com\/wp-content\/uploads\/2026\/01\/cropped-ONUR-SARKUTERI_20251231_202110_0000.png\",\"contentUrl\":\"https:\/\/onursarkuterikars.com\/wp-content\/uploads\/2026\/01\/cropped-ONUR-SARKUTERI_20251231_202110_0000.png\",\"width\":512,\"height\":512,\"caption\":\"Onur \u015fark\u00fcteri kars\"},\"image\":{\"@id\":\"https:\/\/onursarkuterikars.com\/#\/schema\/logo\/image\/\"}}]}<\/script>\n<!-- \/ Yoast SEO plugin. -->","yoast_head_json":{"title":"2 Kiloluk Hediyelik Taze Ka\u015far - Onur \u015fark\u00fcteri kars","robots":{"index":"index","follow":"follow","max-snippet":"max-snippet:-1","max-image-preview":"max-image-preview:large","max-video-preview":"max-video-preview:-1"},"canonical":"https:\/\/onursarkuterikars.com\/index.php\/product\/hediyelik-kasar\/","og_locale":"tr_TR","og_type":"article","og_title":"2 Kiloluk Hediyelik Taze Ka\u015far - Onur \u015fark\u00fcteri kars","og_url":"https:\/\/onursarkuterikars.com\/index.php\/product\/hediyelik-kasar\/","og_site_name":"Onur \u015fark\u00fcteri kars","article_modified_time":"2026-01-23T19:33:18+00:00","og_image":[{"width":1200,"height":1600,"url":"https:\/\/onursarkuterikars.com\/wp-content\/uploads\/2026\/01\/hedsyelikyeni.jpeg","type":"image\/jpeg"}],"twitter_card":"summary_large_image","twitter_misc":{"Tahmini okuma s\u00fcresi":"1 dakika"},"schema":{"@context":"https:\/\/schema.org","@graph":[{"@type":"WebPage","@id":"https:\/\/onursarkuterikars.com\/index.php\/product\/hediyelik-kasar\/","url":"https:\/\/onursarkuterikars.com\/index.php\/product\/hediyelik-kasar\/","name":"2 Kiloluk Hediyelik Taze Ka\u015far - Onur \u015fark\u00fcteri kars","isPartOf":{"@id":"https:\/\/onursarkuterikars.com\/#website"},"primaryImageOfPage":{"@id":"https:\/\/onursarkuterikars.com\/index.php\/product\/hediyelik-kasar\/#primaryimage"},"image":{"@id":"https:\/\/onursarkuterikars.com\/index.php\/product\/hediyelik-kasar\/#primaryimage"},"thumbnailUrl":"https:\/\/onursarkuterikars.com\/wp-content\/uploads\/2026\/01\/hedsyelikyeni.jpeg","datePublished":"2026-01-22T14:12:23+00:00","dateModified":"2026-01-23T19:33:18+00:00","breadcrumb":{"@id":"https:\/\/onursarkuterikars.com\/index.php\/product\/hediyelik-kasar\/#breadcrumb"},"inLanguage":"tr","potentialAction":[{"@type":"ReadAction","target":["https:\/\/onursarkuterikars.com\/index.php\/product\/hediyelik-kasar\/"]}]},{"@type":"ImageObject","inLanguage":"tr","@id":"https:\/\/onursarkuterikars.com\/index.php\/product\/hediyelik-kasar\/#primaryimage","url":"https:\/\/onursarkuterikars.com\/wp-content\/uploads\/2026\/01\/hedsyelikyeni.jpeg","contentUrl":"https:\/\/onursarkuterikars.com\/wp-content\/uploads\/2026\/01\/hedsyelikyeni.jpeg","width":1200,"height":1600},{"@type":"BreadcrumbList","@id":"https:\/\/onursarkuterikars.com\/index.php\/product\/hediyelik-kasar\/#breadcrumb","itemListElement":[{"@type":"ListItem","position":1,"name":"Anasayfa","item":"https:\/\/onursarkuterikars.com\/"},{"@type":"ListItem","position":2,"name":"\u00dcr\u00fcnlerimiz","item":"https:\/\/onursarkuterikars.com\/index.php\/urunlerimiz\/"},{"@type":"ListItem","position":3,"name":"2 Kiloluk Hediyelik Taze Ka\u015far"}]},{"@type":"WebSite","@id":"https:\/\/onursarkuterikars.com\/#website","url":"https:\/\/onursarkuterikars.com\/","name":"Onur \u015fark\u00fcteri kars","description":"leziz \u00fcr\u00fcnler","publisher":{"@id":"https:\/\/onursarkuterikars.com\/#organization"},"potentialAction":[{"@type":"SearchAction","target":{"@type":"EntryPoint","urlTemplate":"https:\/\/onursarkuterikars.com\/?s={search_term_string}"},"query-input":{"@type":"PropertyValueSpecification","valueRequired":true,"valueName":"search_term_string"}}],"inLanguage":"tr"},{"@type":"Organization","@id":"https:\/\/onursarkuterikars.com\/#organization","name":"Onur \u015fark\u00fcteri kars","url":"https:\/\/onursarkuterikars.com\/","logo":{"@type":"ImageObject","inLanguage":"tr","@id":"https:\/\/onursarkuterikars.com\/#\/schema\/logo\/image\/","url":"https:\/\/onursarkuterikars.com\/wp-content\/uploads\/2026\/01\/cropped-ONUR-SARKUTERI_20251231_202110_0000.png","contentUrl":"https:\/\/onursarkuterikars.com\/wp-content\/uploads\/2026\/01\/cropped-ONUR-SARKUTERI_20251231_202110_0000.png","width":512,"height":512,"caption":"Onur \u015fark\u00fcteri kars"},"image":{"@id":"https:\/\/onursarkuterikars.com\/#\/schema\/logo\/image\/"}}]}},"_links":{"self":[{"href":"https:\/\/onursarkuterikars.com\/index.php\/wp-json\/wp\/v2\/product\/21775","targetHints":{"allow":["GET"]}}],"collection":[{"href":"https:\/\/onursarkuterikars.com\/index.php\/wp-json\/wp\/v2\/product"}],"about":[{"href":"https:\/\/onursarkuterikars.com\/index.php\/wp-json\/wp\/v2\/types\/product"}],"replies":[{"embeddable":true,"href":"https:\/\/onursarkuterikars.com\/index.php\/wp-json\/wp\/v2\/comments?post=21775"}],"wp:featuredmedia":[{"embeddable":true,"href":"https:\/\/onursarkuterikars.com\/index.php\/wp-json\/wp\/v2\/media\/21843"}],"wp:attachment":[{"href":"https:\/\/onursarkuterikars.com\/index.php\/wp-json\/wp\/v2\/media?parent=21775"}],"wp:term":[{"taxonomy":"product_brand","embeddable":true,"href":"https:\/\/onursarkuterikars.com\/index.php\/wp-json\/wp\/v2\/product_brand?post=21775"},{"taxonomy":"product_cat","embeddable":true,"href":"https:\/\/onursarkuterikars.com\/index.php\/wp-json\/wp\/v2\/product_cat?post=21775"},{"taxonomy":"product_tag","embeddable":true,"href":"https:\/\/onursarkuterikars.com\/index.php\/wp-json\/wp\/v2\/product_tag?post=21775"}],"curies":[{"name":"wp","href":"https:\/\/api.w.org\/{rel}","templated":true}]}}