{"id":21782,"date":"2026-01-22T18:18:29","date_gmt":"2026-01-22T15:18:29","guid":{"rendered":"https:\/\/onursarkuterikars.com\/?post_type=product&#038;p=21782"},"modified":"2026-01-23T21:25:20","modified_gmt":"2026-01-23T18:25:20","slug":"dil-peyniri","status":"publish","type":"product","link":"https:\/\/onursarkuterikars.com\/index.php\/product\/dil-peyniri\/","title":{"rendered":"Dil Peyniri"},"content":{"rendered":"","protected":false},"excerpt":{"rendered":"<p><em><strong>Kars Ya\u011fl\u0131 Dil Peyniri \u015eirden Mayal\u0131 500gr<\/strong><\/em><br \/>\n<em>Kars Ya\u011fl\u0131 Dil Peyniri \u015eirden Mayal\u0131 500gr Kars b\u00f6lgesinde \u00fcretilen \u00f6zel bir peynir t\u00fcr\u00fcd\u00fcr. Dil peyniri hafif olmas\u0131 ve yumu\u015fak yap\u0131s\u0131yla bilinen do\u011fal bir peynir \u00e7e\u015fididir. Taze ka\u015far grubundand\u0131r ve taze inek s\u00fct\u00fcnden elde edilmektedir. Tam ya\u011fl\u0131 bir \u00fcr\u00fcn olmas\u0131n\u0131n yan\u0131 s\u0131ra \u00e7e\u00e7il gibi didilebilir yap\u0131dad\u0131r. \u015eirden mayas\u0131yla \u00f6zel olarak mayalanarak dil peyniri haline getirilmektedir.<\/em><\/p>\n","protected":false},"featured_media":21807,"comment_status":"open","ping_status":"closed","template":"","meta":[],"product_brand":[],"product_cat":[30],"product_tag":[69,51],"class_list":{"0":"post-21782","1":"product","2":"type-product","3":"status-publish","4":"has-post-thumbnail","6":"product_cat-peynircesitleri","7":"product_tag-dil-peyniri","8":"product_tag-peynir-cesitleri","10":"first","11":"instock","12":"sale","13":"shipping-taxable","14":"purchasable","15":"product-type-simple"},"yoast_head":"<!-- This site is optimized with the Yoast SEO plugin v26.7 - https:\/\/yoast.com\/wordpress\/plugins\/seo\/ -->\n<title>Dil Peyniri - Onur \u015fark\u00fcteri kars<\/title>\n<meta name=\"robots\" content=\"index, follow, max-snippet:-1, max-image-preview:large, max-video-preview:-1\" \/>\n<link rel=\"canonical\" href=\"https:\/\/onursarkuterikars.com\/index.php\/product\/dil-peyniri\/\" \/>\n<meta property=\"og:locale\" content=\"tr_TR\" \/>\n<meta property=\"og:type\" content=\"article\" \/>\n<meta property=\"og:title\" content=\"Dil Peyniri - Onur \u015fark\u00fcteri kars\" \/>\n<meta property=\"og:description\" content=\"Kars Ya\u011fl\u0131 Dil Peyniri \u015eirden Mayal\u0131 500gr Kars Ya\u011fl\u0131 Dil Peyniri \u015eirden Mayal\u0131 500gr Kars b\u00f6lgesinde \u00fcretilen \u00f6zel bir peynir t\u00fcr\u00fcd\u00fcr. Dil peyniri hafif olmas\u0131 ve yumu\u015fak yap\u0131s\u0131yla bilinen do\u011fal bir peynir \u00e7e\u015fididir. Taze ka\u015far grubundand\u0131r ve taze inek s\u00fct\u00fcnden elde edilmektedir. Tam ya\u011fl\u0131 bir \u00fcr\u00fcn olmas\u0131n\u0131n yan\u0131 s\u0131ra \u00e7e\u00e7il gibi didilebilir yap\u0131dad\u0131r. \u015eirden mayas\u0131yla \u00f6zel olarak mayalanarak dil peyniri haline getirilmektedir.\" \/>\n<meta property=\"og:url\" content=\"https:\/\/onursarkuterikars.com\/index.php\/product\/dil-peyniri\/\" \/>\n<meta property=\"og:site_name\" content=\"Onur \u015fark\u00fcteri kars\" \/>\n<meta property=\"article:modified_time\" content=\"2026-01-23T18:25:20+00:00\" \/>\n<meta property=\"og:image\" content=\"https:\/\/onursarkuterikars.com\/wp-content\/uploads\/2026\/01\/dilpeyniri2-scaled.jpeg\" \/>\n\t<meta property=\"og:image:width\" content=\"1920\" \/>\n\t<meta property=\"og:image:height\" content=\"2560\" \/>\n\t<meta property=\"og:image:type\" content=\"image\/jpeg\" \/>\n<meta name=\"twitter:card\" content=\"summary_large_image\" \/>\n<meta name=\"twitter:label1\" content=\"Tahmini okuma s\u00fcresi\" \/>\n\t<meta name=\"twitter:data1\" content=\"1 dakika\" \/>\n<script type=\"application\/ld+json\" class=\"yoast-schema-graph\">{\"@context\":\"https:\/\/schema.org\",\"@graph\":[{\"@type\":\"WebPage\",\"@id\":\"https:\/\/onursarkuterikars.com\/index.php\/product\/dil-peyniri\/\",\"url\":\"https:\/\/onursarkuterikars.com\/index.php\/product\/dil-peyniri\/\",\"name\":\"Dil Peyniri - Onur \u015fark\u00fcteri kars\",\"isPartOf\":{\"@id\":\"https:\/\/onursarkuterikars.com\/#website\"},\"primaryImageOfPage\":{\"@id\":\"https:\/\/onursarkuterikars.com\/index.php\/product\/dil-peyniri\/#primaryimage\"},\"image\":{\"@id\":\"https:\/\/onursarkuterikars.com\/index.php\/product\/dil-peyniri\/#primaryimage\"},\"thumbnailUrl\":\"https:\/\/onursarkuterikars.com\/wp-content\/uploads\/2026\/01\/dilpeyniri2-scaled.jpeg\",\"datePublished\":\"2026-01-22T15:18:29+00:00\",\"dateModified\":\"2026-01-23T18:25:20+00:00\",\"breadcrumb\":{\"@id\":\"https:\/\/onursarkuterikars.com\/index.php\/product\/dil-peyniri\/#breadcrumb\"},\"inLanguage\":\"tr\",\"potentialAction\":[{\"@type\":\"ReadAction\",\"target\":[\"https:\/\/onursarkuterikars.com\/index.php\/product\/dil-peyniri\/\"]}]},{\"@type\":\"ImageObject\",\"inLanguage\":\"tr\",\"@id\":\"https:\/\/onursarkuterikars.com\/index.php\/product\/dil-peyniri\/#primaryimage\",\"url\":\"https:\/\/onursarkuterikars.com\/wp-content\/uploads\/2026\/01\/dilpeyniri2-scaled.jpeg\",\"contentUrl\":\"https:\/\/onursarkuterikars.com\/wp-content\/uploads\/2026\/01\/dilpeyniri2-scaled.jpeg\",\"width\":1920,\"height\":2560},{\"@type\":\"BreadcrumbList\",\"@id\":\"https:\/\/onursarkuterikars.com\/index.php\/product\/dil-peyniri\/#breadcrumb\",\"itemListElement\":[{\"@type\":\"ListItem\",\"position\":1,\"name\":\"Anasayfa\",\"item\":\"https:\/\/onursarkuterikars.com\/\"},{\"@type\":\"ListItem\",\"position\":2,\"name\":\"\u00dcr\u00fcnlerimiz\",\"item\":\"https:\/\/onursarkuterikars.com\/index.php\/urunlerimiz\/\"},{\"@type\":\"ListItem\",\"position\":3,\"name\":\"Dil Peyniri\"}]},{\"@type\":\"WebSite\",\"@id\":\"https:\/\/onursarkuterikars.com\/#website\",\"url\":\"https:\/\/onursarkuterikars.com\/\",\"name\":\"Onur \u015fark\u00fcteri kars\",\"description\":\"leziz \u00fcr\u00fcnler\",\"publisher\":{\"@id\":\"https:\/\/onursarkuterikars.com\/#organization\"},\"potentialAction\":[{\"@type\":\"SearchAction\",\"target\":{\"@type\":\"EntryPoint\",\"urlTemplate\":\"https:\/\/onursarkuterikars.com\/?s={search_term_string}\"},\"query-input\":{\"@type\":\"PropertyValueSpecification\",\"valueRequired\":true,\"valueName\":\"search_term_string\"}}],\"inLanguage\":\"tr\"},{\"@type\":\"Organization\",\"@id\":\"https:\/\/onursarkuterikars.com\/#organization\",\"name\":\"Onur \u015fark\u00fcteri kars\",\"url\":\"https:\/\/onursarkuterikars.com\/\",\"logo\":{\"@type\":\"ImageObject\",\"inLanguage\":\"tr\",\"@id\":\"https:\/\/onursarkuterikars.com\/#\/schema\/logo\/image\/\",\"url\":\"https:\/\/onursarkuterikars.com\/wp-content\/uploads\/2026\/01\/cropped-ONUR-SARKUTERI_20251231_202110_0000.png\",\"contentUrl\":\"https:\/\/onursarkuterikars.com\/wp-content\/uploads\/2026\/01\/cropped-ONUR-SARKUTERI_20251231_202110_0000.png\",\"width\":512,\"height\":512,\"caption\":\"Onur \u015fark\u00fcteri kars\"},\"image\":{\"@id\":\"https:\/\/onursarkuterikars.com\/#\/schema\/logo\/image\/\"}}]}<\/script>\n<!-- \/ Yoast SEO plugin. -->","yoast_head_json":{"title":"Dil Peyniri - Onur \u015fark\u00fcteri kars","robots":{"index":"index","follow":"follow","max-snippet":"max-snippet:-1","max-image-preview":"max-image-preview:large","max-video-preview":"max-video-preview:-1"},"canonical":"https:\/\/onursarkuterikars.com\/index.php\/product\/dil-peyniri\/","og_locale":"tr_TR","og_type":"article","og_title":"Dil Peyniri - Onur \u015fark\u00fcteri kars","og_description":"Kars Ya\u011fl\u0131 Dil Peyniri \u015eirden Mayal\u0131 500gr Kars Ya\u011fl\u0131 Dil Peyniri \u015eirden Mayal\u0131 500gr Kars b\u00f6lgesinde \u00fcretilen \u00f6zel bir peynir t\u00fcr\u00fcd\u00fcr. Dil peyniri hafif olmas\u0131 ve yumu\u015fak yap\u0131s\u0131yla bilinen do\u011fal bir peynir \u00e7e\u015fididir. Taze ka\u015far grubundand\u0131r ve taze inek s\u00fct\u00fcnden elde edilmektedir. Tam ya\u011fl\u0131 bir \u00fcr\u00fcn olmas\u0131n\u0131n yan\u0131 s\u0131ra \u00e7e\u00e7il gibi didilebilir yap\u0131dad\u0131r. \u015eirden mayas\u0131yla \u00f6zel olarak mayalanarak dil peyniri haline getirilmektedir.","og_url":"https:\/\/onursarkuterikars.com\/index.php\/product\/dil-peyniri\/","og_site_name":"Onur \u015fark\u00fcteri kars","article_modified_time":"2026-01-23T18:25:20+00:00","og_image":[{"width":1920,"height":2560,"url":"https:\/\/onursarkuterikars.com\/wp-content\/uploads\/2026\/01\/dilpeyniri2-scaled.jpeg","type":"image\/jpeg"}],"twitter_card":"summary_large_image","twitter_misc":{"Tahmini okuma s\u00fcresi":"1 dakika"},"schema":{"@context":"https:\/\/schema.org","@graph":[{"@type":"WebPage","@id":"https:\/\/onursarkuterikars.com\/index.php\/product\/dil-peyniri\/","url":"https:\/\/onursarkuterikars.com\/index.php\/product\/dil-peyniri\/","name":"Dil Peyniri - Onur \u015fark\u00fcteri kars","isPartOf":{"@id":"https:\/\/onursarkuterikars.com\/#website"},"primaryImageOfPage":{"@id":"https:\/\/onursarkuterikars.com\/index.php\/product\/dil-peyniri\/#primaryimage"},"image":{"@id":"https:\/\/onursarkuterikars.com\/index.php\/product\/dil-peyniri\/#primaryimage"},"thumbnailUrl":"https:\/\/onursarkuterikars.com\/wp-content\/uploads\/2026\/01\/dilpeyniri2-scaled.jpeg","datePublished":"2026-01-22T15:18:29+00:00","dateModified":"2026-01-23T18:25:20+00:00","breadcrumb":{"@id":"https:\/\/onursarkuterikars.com\/index.php\/product\/dil-peyniri\/#breadcrumb"},"inLanguage":"tr","potentialAction":[{"@type":"ReadAction","target":["https:\/\/onursarkuterikars.com\/index.php\/product\/dil-peyniri\/"]}]},{"@type":"ImageObject","inLanguage":"tr","@id":"https:\/\/onursarkuterikars.com\/index.php\/product\/dil-peyniri\/#primaryimage","url":"https:\/\/onursarkuterikars.com\/wp-content\/uploads\/2026\/01\/dilpeyniri2-scaled.jpeg","contentUrl":"https:\/\/onursarkuterikars.com\/wp-content\/uploads\/2026\/01\/dilpeyniri2-scaled.jpeg","width":1920,"height":2560},{"@type":"BreadcrumbList","@id":"https:\/\/onursarkuterikars.com\/index.php\/product\/dil-peyniri\/#breadcrumb","itemListElement":[{"@type":"ListItem","position":1,"name":"Anasayfa","item":"https:\/\/onursarkuterikars.com\/"},{"@type":"ListItem","position":2,"name":"\u00dcr\u00fcnlerimiz","item":"https:\/\/onursarkuterikars.com\/index.php\/urunlerimiz\/"},{"@type":"ListItem","position":3,"name":"Dil Peyniri"}]},{"@type":"WebSite","@id":"https:\/\/onursarkuterikars.com\/#website","url":"https:\/\/onursarkuterikars.com\/","name":"Onur \u015fark\u00fcteri kars","description":"leziz \u00fcr\u00fcnler","publisher":{"@id":"https:\/\/onursarkuterikars.com\/#organization"},"potentialAction":[{"@type":"SearchAction","target":{"@type":"EntryPoint","urlTemplate":"https:\/\/onursarkuterikars.com\/?s={search_term_string}"},"query-input":{"@type":"PropertyValueSpecification","valueRequired":true,"valueName":"search_term_string"}}],"inLanguage":"tr"},{"@type":"Organization","@id":"https:\/\/onursarkuterikars.com\/#organization","name":"Onur \u015fark\u00fcteri kars","url":"https:\/\/onursarkuterikars.com\/","logo":{"@type":"ImageObject","inLanguage":"tr","@id":"https:\/\/onursarkuterikars.com\/#\/schema\/logo\/image\/","url":"https:\/\/onursarkuterikars.com\/wp-content\/uploads\/2026\/01\/cropped-ONUR-SARKUTERI_20251231_202110_0000.png","contentUrl":"https:\/\/onursarkuterikars.com\/wp-content\/uploads\/2026\/01\/cropped-ONUR-SARKUTERI_20251231_202110_0000.png","width":512,"height":512,"caption":"Onur \u015fark\u00fcteri kars"},"image":{"@id":"https:\/\/onursarkuterikars.com\/#\/schema\/logo\/image\/"}}]}},"_links":{"self":[{"href":"https:\/\/onursarkuterikars.com\/index.php\/wp-json\/wp\/v2\/product\/21782","targetHints":{"allow":["GET"]}}],"collection":[{"href":"https:\/\/onursarkuterikars.com\/index.php\/wp-json\/wp\/v2\/product"}],"about":[{"href":"https:\/\/onursarkuterikars.com\/index.php\/wp-json\/wp\/v2\/types\/product"}],"replies":[{"embeddable":true,"href":"https:\/\/onursarkuterikars.com\/index.php\/wp-json\/wp\/v2\/comments?post=21782"}],"wp:featuredmedia":[{"embeddable":true,"href":"https:\/\/onursarkuterikars.com\/index.php\/wp-json\/wp\/v2\/media\/21807"}],"wp:attachment":[{"href":"https:\/\/onursarkuterikars.com\/index.php\/wp-json\/wp\/v2\/media?parent=21782"}],"wp:term":[{"taxonomy":"product_brand","embeddable":true,"href":"https:\/\/onursarkuterikars.com\/index.php\/wp-json\/wp\/v2\/product_brand?post=21782"},{"taxonomy":"product_cat","embeddable":true,"href":"https:\/\/onursarkuterikars.com\/index.php\/wp-json\/wp\/v2\/product_cat?post=21782"},{"taxonomy":"product_tag","embeddable":true,"href":"https:\/\/onursarkuterikars.com\/index.php\/wp-json\/wp\/v2\/product_tag?post=21782"}],"curies":[{"name":"wp","href":"https:\/\/api.w.org\/{rel}","templated":true}]}}