{"id":21887,"date":"2026-01-23T23:27:16","date_gmt":"2026-01-23T20:27:16","guid":{"rendered":"https:\/\/onursarkuterikars.com\/?post_type=product&#038;p=21887"},"modified":"2026-01-23T23:30:04","modified_gmt":"2026-01-23T20:30:04","slug":"uzum-pekmezi","status":"publish","type":"product","link":"https:\/\/onursarkuterikars.com\/index.php\/product\/uzum-pekmezi\/","title":{"rendered":"\u00dcz\u00fcm Pekmezi"},"content":{"rendered":"","protected":false},"excerpt":{"rendered":"<p>\ud83c\udf6f \u00dcz\u00fcm Pekmezi \u2013 1000 GR<\/p>\n<p>\ud83c\udf3f Neden \u00dcz\u00fcm Pekmezi?<\/p>\n<p>\u2705 \u015eeker ve glikoz ilavesiz<\/p>\n<p>\u2705 Katk\u0131 ve koruyucu i\u00e7ermez<\/p>\n<p>\u2705 Geleneksel y\u00f6ntemlerle haz\u0131rlanm\u0131\u015ft\u0131r<\/p>\n<p>\u2705 G\u00fc\u00e7l\u00fc bir do\u011fal enerji kayna\u011f\u0131d\u0131r<\/p>\n<p>\u2705 Yo\u011fun aromal\u0131, hafif karamelize tat<\/p>\n<p>\ud83c\udf7d\ufe0f Kullan\u0131m \u00d6nerileri:<\/p>\n<p>\u2013 Kahvalt\u0131da sade olarak veya tahinle<\/p>\n<p>\u2013 S\u0131cak s\u00fct veya suyla kar\u0131\u015ft\u0131r\u0131larak i\u00e7ilebilir<\/p>\n<p>\u2013 Yo\u011furtla birlikte t\u00fcketilebilir<\/p>\n<p>\u2013 Tatl\u0131 tariflerine do\u011fal tatland\u0131r\u0131c\u0131 olarak eklenebilir<\/p>\n<p>\ud83d\udce6 Cam kavanozda 1000 gr<\/p>\n<p>\ud83c\udf21\ufe0f Serin ve kuru ortamda saklay\u0131n\u0131z<\/p>\n<p>\ud83d\udd52 A\u00e7\u0131ld\u0131ktan sonra kapa\u011f\u0131n\u0131 s\u0131k\u0131ca kapat\u0131n\u0131z<\/p>\n<p>\ud83c\uddf9\ud83c\uddf7 T\u00fcrkiye\u2019nin her yerine so\u011fuk zincirle g\u00fcvenli g\u00f6nderim<\/p>\n","protected":false},"featured_media":21886,"comment_status":"open","ping_status":"closed","template":"","meta":[],"product_brand":[],"product_cat":[46],"product_tag":[78,77],"class_list":{"0":"post-21887","1":"product","2":"type-product","3":"status-publish","4":"has-post-thumbnail","6":"product_cat-yoreselurunler","7":"product_tag-pekmez","8":"product_tag-yoresel-urunler","10":"first","11":"instock","12":"sale","13":"shipping-taxable","14":"purchasable","15":"product-type-simple"},"yoast_head":"<!-- This site is optimized with the Yoast SEO plugin v26.7 - https:\/\/yoast.com\/wordpress\/plugins\/seo\/ -->\n<title>\u00dcz\u00fcm Pekmezi - Onur \u015fark\u00fcteri kars<\/title>\n<meta name=\"robots\" content=\"index, follow, max-snippet:-1, max-image-preview:large, max-video-preview:-1\" \/>\n<link rel=\"canonical\" href=\"https:\/\/onursarkuterikars.com\/index.php\/product\/uzum-pekmezi\/\" \/>\n<meta property=\"og:locale\" content=\"tr_TR\" \/>\n<meta property=\"og:type\" content=\"article\" \/>\n<meta property=\"og:title\" content=\"\u00dcz\u00fcm Pekmezi - Onur \u015fark\u00fcteri kars\" \/>\n<meta property=\"og:description\" content=\"\ud83c\udf6f \u00dcz\u00fcm Pekmezi \u2013 1000 GR  \ud83c\udf3f Neden \u00dcz\u00fcm Pekmezi?  \u2705 \u015eeker ve glikoz ilavesiz  \u2705 Katk\u0131 ve koruyucu i\u00e7ermez  \u2705 Geleneksel y\u00f6ntemlerle haz\u0131rlanm\u0131\u015ft\u0131r  \u2705 G\u00fc\u00e7l\u00fc bir do\u011fal enerji kayna\u011f\u0131d\u0131r  \u2705 Yo\u011fun aromal\u0131, hafif karamelize tat  \ud83c\udf7d\ufe0f Kullan\u0131m \u00d6nerileri:  \u2013 Kahvalt\u0131da sade olarak veya tahinle  \u2013 S\u0131cak s\u00fct veya suyla kar\u0131\u015ft\u0131r\u0131larak i\u00e7ilebilir  \u2013 Yo\u011furtla birlikte t\u00fcketilebilir  \u2013 Tatl\u0131 tariflerine do\u011fal tatland\u0131r\u0131c\u0131 olarak eklenebilir  \ud83d\udce6 Cam kavanozda 1000 gr  \ud83c\udf21\ufe0f Serin ve kuru ortamda saklay\u0131n\u0131z  \ud83d\udd52 A\u00e7\u0131ld\u0131ktan sonra kapa\u011f\u0131n\u0131 s\u0131k\u0131ca kapat\u0131n\u0131z  \ud83c\uddf9\ud83c\uddf7 T\u00fcrkiye\u2019nin her yerine so\u011fuk zincirle g\u00fcvenli g\u00f6nderim\" \/>\n<meta property=\"og:url\" content=\"https:\/\/onursarkuterikars.com\/index.php\/product\/uzum-pekmezi\/\" \/>\n<meta property=\"og:site_name\" content=\"Onur \u015fark\u00fcteri kars\" \/>\n<meta property=\"article:modified_time\" content=\"2026-01-23T20:30:04+00:00\" \/>\n<meta property=\"og:image\" content=\"https:\/\/onursarkuterikars.com\/wp-content\/uploads\/2026\/01\/kagizmanpekmez-scaled.jpeg\" \/>\n\t<meta property=\"og:image:width\" content=\"1920\" \/>\n\t<meta property=\"og:image:height\" content=\"2560\" \/>\n\t<meta property=\"og:image:type\" content=\"image\/jpeg\" \/>\n<meta name=\"twitter:card\" content=\"summary_large_image\" \/>\n<script type=\"application\/ld+json\" class=\"yoast-schema-graph\">{\"@context\":\"https:\/\/schema.org\",\"@graph\":[{\"@type\":\"WebPage\",\"@id\":\"https:\/\/onursarkuterikars.com\/index.php\/product\/uzum-pekmezi\/\",\"url\":\"https:\/\/onursarkuterikars.com\/index.php\/product\/uzum-pekmezi\/\",\"name\":\"\u00dcz\u00fcm Pekmezi - Onur \u015fark\u00fcteri kars\",\"isPartOf\":{\"@id\":\"https:\/\/onursarkuterikars.com\/#website\"},\"primaryImageOfPage\":{\"@id\":\"https:\/\/onursarkuterikars.com\/index.php\/product\/uzum-pekmezi\/#primaryimage\"},\"image\":{\"@id\":\"https:\/\/onursarkuterikars.com\/index.php\/product\/uzum-pekmezi\/#primaryimage\"},\"thumbnailUrl\":\"https:\/\/onursarkuterikars.com\/wp-content\/uploads\/2026\/01\/kagizmanpekmez-scaled.jpeg\",\"datePublished\":\"2026-01-23T20:27:16+00:00\",\"dateModified\":\"2026-01-23T20:30:04+00:00\",\"breadcrumb\":{\"@id\":\"https:\/\/onursarkuterikars.com\/index.php\/product\/uzum-pekmezi\/#breadcrumb\"},\"inLanguage\":\"tr\",\"potentialAction\":[{\"@type\":\"ReadAction\",\"target\":[\"https:\/\/onursarkuterikars.com\/index.php\/product\/uzum-pekmezi\/\"]}]},{\"@type\":\"ImageObject\",\"inLanguage\":\"tr\",\"@id\":\"https:\/\/onursarkuterikars.com\/index.php\/product\/uzum-pekmezi\/#primaryimage\",\"url\":\"https:\/\/onursarkuterikars.com\/wp-content\/uploads\/2026\/01\/kagizmanpekmez-scaled.jpeg\",\"contentUrl\":\"https:\/\/onursarkuterikars.com\/wp-content\/uploads\/2026\/01\/kagizmanpekmez-scaled.jpeg\",\"width\":1920,\"height\":2560},{\"@type\":\"BreadcrumbList\",\"@id\":\"https:\/\/onursarkuterikars.com\/index.php\/product\/uzum-pekmezi\/#breadcrumb\",\"itemListElement\":[{\"@type\":\"ListItem\",\"position\":1,\"name\":\"Anasayfa\",\"item\":\"https:\/\/onursarkuterikars.com\/\"},{\"@type\":\"ListItem\",\"position\":2,\"name\":\"\u00dcr\u00fcnlerimiz\",\"item\":\"https:\/\/onursarkuterikars.com\/index.php\/urunlerimiz\/\"},{\"@type\":\"ListItem\",\"position\":3,\"name\":\"\u00dcz\u00fcm Pekmezi\"}]},{\"@type\":\"WebSite\",\"@id\":\"https:\/\/onursarkuterikars.com\/#website\",\"url\":\"https:\/\/onursarkuterikars.com\/\",\"name\":\"Onur \u015fark\u00fcteri kars\",\"description\":\"leziz \u00fcr\u00fcnler\",\"publisher\":{\"@id\":\"https:\/\/onursarkuterikars.com\/#organization\"},\"potentialAction\":[{\"@type\":\"SearchAction\",\"target\":{\"@type\":\"EntryPoint\",\"urlTemplate\":\"https:\/\/onursarkuterikars.com\/?s={search_term_string}\"},\"query-input\":{\"@type\":\"PropertyValueSpecification\",\"valueRequired\":true,\"valueName\":\"search_term_string\"}}],\"inLanguage\":\"tr\"},{\"@type\":\"Organization\",\"@id\":\"https:\/\/onursarkuterikars.com\/#organization\",\"name\":\"Onur \u015fark\u00fcteri kars\",\"url\":\"https:\/\/onursarkuterikars.com\/\",\"logo\":{\"@type\":\"ImageObject\",\"inLanguage\":\"tr\",\"@id\":\"https:\/\/onursarkuterikars.com\/#\/schema\/logo\/image\/\",\"url\":\"https:\/\/onursarkuterikars.com\/wp-content\/uploads\/2026\/01\/cropped-ONUR-SARKUTERI_20251231_202110_0000.png\",\"contentUrl\":\"https:\/\/onursarkuterikars.com\/wp-content\/uploads\/2026\/01\/cropped-ONUR-SARKUTERI_20251231_202110_0000.png\",\"width\":512,\"height\":512,\"caption\":\"Onur \u015fark\u00fcteri kars\"},\"image\":{\"@id\":\"https:\/\/onursarkuterikars.com\/#\/schema\/logo\/image\/\"}}]}<\/script>\n<!-- \/ Yoast SEO plugin. -->","yoast_head_json":{"title":"\u00dcz\u00fcm Pekmezi - Onur \u015fark\u00fcteri kars","robots":{"index":"index","follow":"follow","max-snippet":"max-snippet:-1","max-image-preview":"max-image-preview:large","max-video-preview":"max-video-preview:-1"},"canonical":"https:\/\/onursarkuterikars.com\/index.php\/product\/uzum-pekmezi\/","og_locale":"tr_TR","og_type":"article","og_title":"\u00dcz\u00fcm Pekmezi - Onur \u015fark\u00fcteri kars","og_description":"\ud83c\udf6f \u00dcz\u00fcm Pekmezi \u2013 1000 GR  \ud83c\udf3f Neden \u00dcz\u00fcm Pekmezi?  \u2705 \u015eeker ve glikoz ilavesiz  \u2705 Katk\u0131 ve koruyucu i\u00e7ermez  \u2705 Geleneksel y\u00f6ntemlerle haz\u0131rlanm\u0131\u015ft\u0131r  \u2705 G\u00fc\u00e7l\u00fc bir do\u011fal enerji kayna\u011f\u0131d\u0131r  \u2705 Yo\u011fun aromal\u0131, hafif karamelize tat  \ud83c\udf7d\ufe0f Kullan\u0131m \u00d6nerileri:  \u2013 Kahvalt\u0131da sade olarak veya tahinle  \u2013 S\u0131cak s\u00fct veya suyla kar\u0131\u015ft\u0131r\u0131larak i\u00e7ilebilir  \u2013 Yo\u011furtla birlikte t\u00fcketilebilir  \u2013 Tatl\u0131 tariflerine do\u011fal tatland\u0131r\u0131c\u0131 olarak eklenebilir  \ud83d\udce6 Cam kavanozda 1000 gr  \ud83c\udf21\ufe0f Serin ve kuru ortamda saklay\u0131n\u0131z  \ud83d\udd52 A\u00e7\u0131ld\u0131ktan sonra kapa\u011f\u0131n\u0131 s\u0131k\u0131ca kapat\u0131n\u0131z  \ud83c\uddf9\ud83c\uddf7 T\u00fcrkiye\u2019nin her yerine so\u011fuk zincirle g\u00fcvenli g\u00f6nderim","og_url":"https:\/\/onursarkuterikars.com\/index.php\/product\/uzum-pekmezi\/","og_site_name":"Onur \u015fark\u00fcteri kars","article_modified_time":"2026-01-23T20:30:04+00:00","og_image":[{"width":1920,"height":2560,"url":"https:\/\/onursarkuterikars.com\/wp-content\/uploads\/2026\/01\/kagizmanpekmez-scaled.jpeg","type":"image\/jpeg"}],"twitter_card":"summary_large_image","schema":{"@context":"https:\/\/schema.org","@graph":[{"@type":"WebPage","@id":"https:\/\/onursarkuterikars.com\/index.php\/product\/uzum-pekmezi\/","url":"https:\/\/onursarkuterikars.com\/index.php\/product\/uzum-pekmezi\/","name":"\u00dcz\u00fcm Pekmezi - Onur \u015fark\u00fcteri kars","isPartOf":{"@id":"https:\/\/onursarkuterikars.com\/#website"},"primaryImageOfPage":{"@id":"https:\/\/onursarkuterikars.com\/index.php\/product\/uzum-pekmezi\/#primaryimage"},"image":{"@id":"https:\/\/onursarkuterikars.com\/index.php\/product\/uzum-pekmezi\/#primaryimage"},"thumbnailUrl":"https:\/\/onursarkuterikars.com\/wp-content\/uploads\/2026\/01\/kagizmanpekmez-scaled.jpeg","datePublished":"2026-01-23T20:27:16+00:00","dateModified":"2026-01-23T20:30:04+00:00","breadcrumb":{"@id":"https:\/\/onursarkuterikars.com\/index.php\/product\/uzum-pekmezi\/#breadcrumb"},"inLanguage":"tr","potentialAction":[{"@type":"ReadAction","target":["https:\/\/onursarkuterikars.com\/index.php\/product\/uzum-pekmezi\/"]}]},{"@type":"ImageObject","inLanguage":"tr","@id":"https:\/\/onursarkuterikars.com\/index.php\/product\/uzum-pekmezi\/#primaryimage","url":"https:\/\/onursarkuterikars.com\/wp-content\/uploads\/2026\/01\/kagizmanpekmez-scaled.jpeg","contentUrl":"https:\/\/onursarkuterikars.com\/wp-content\/uploads\/2026\/01\/kagizmanpekmez-scaled.jpeg","width":1920,"height":2560},{"@type":"BreadcrumbList","@id":"https:\/\/onursarkuterikars.com\/index.php\/product\/uzum-pekmezi\/#breadcrumb","itemListElement":[{"@type":"ListItem","position":1,"name":"Anasayfa","item":"https:\/\/onursarkuterikars.com\/"},{"@type":"ListItem","position":2,"name":"\u00dcr\u00fcnlerimiz","item":"https:\/\/onursarkuterikars.com\/index.php\/urunlerimiz\/"},{"@type":"ListItem","position":3,"name":"\u00dcz\u00fcm Pekmezi"}]},{"@type":"WebSite","@id":"https:\/\/onursarkuterikars.com\/#website","url":"https:\/\/onursarkuterikars.com\/","name":"Onur \u015fark\u00fcteri kars","description":"leziz \u00fcr\u00fcnler","publisher":{"@id":"https:\/\/onursarkuterikars.com\/#organization"},"potentialAction":[{"@type":"SearchAction","target":{"@type":"EntryPoint","urlTemplate":"https:\/\/onursarkuterikars.com\/?s={search_term_string}"},"query-input":{"@type":"PropertyValueSpecification","valueRequired":true,"valueName":"search_term_string"}}],"inLanguage":"tr"},{"@type":"Organization","@id":"https:\/\/onursarkuterikars.com\/#organization","name":"Onur \u015fark\u00fcteri kars","url":"https:\/\/onursarkuterikars.com\/","logo":{"@type":"ImageObject","inLanguage":"tr","@id":"https:\/\/onursarkuterikars.com\/#\/schema\/logo\/image\/","url":"https:\/\/onursarkuterikars.com\/wp-content\/uploads\/2026\/01\/cropped-ONUR-SARKUTERI_20251231_202110_0000.png","contentUrl":"https:\/\/onursarkuterikars.com\/wp-content\/uploads\/2026\/01\/cropped-ONUR-SARKUTERI_20251231_202110_0000.png","width":512,"height":512,"caption":"Onur \u015fark\u00fcteri kars"},"image":{"@id":"https:\/\/onursarkuterikars.com\/#\/schema\/logo\/image\/"}}]}},"_links":{"self":[{"href":"https:\/\/onursarkuterikars.com\/index.php\/wp-json\/wp\/v2\/product\/21887","targetHints":{"allow":["GET"]}}],"collection":[{"href":"https:\/\/onursarkuterikars.com\/index.php\/wp-json\/wp\/v2\/product"}],"about":[{"href":"https:\/\/onursarkuterikars.com\/index.php\/wp-json\/wp\/v2\/types\/product"}],"replies":[{"embeddable":true,"href":"https:\/\/onursarkuterikars.com\/index.php\/wp-json\/wp\/v2\/comments?post=21887"}],"wp:featuredmedia":[{"embeddable":true,"href":"https:\/\/onursarkuterikars.com\/index.php\/wp-json\/wp\/v2\/media\/21886"}],"wp:attachment":[{"href":"https:\/\/onursarkuterikars.com\/index.php\/wp-json\/wp\/v2\/media?parent=21887"}],"wp:term":[{"taxonomy":"product_brand","embeddable":true,"href":"https:\/\/onursarkuterikars.com\/index.php\/wp-json\/wp\/v2\/product_brand?post=21887"},{"taxonomy":"product_cat","embeddable":true,"href":"https:\/\/onursarkuterikars.com\/index.php\/wp-json\/wp\/v2\/product_cat?post=21887"},{"taxonomy":"product_tag","embeddable":true,"href":"https:\/\/onursarkuterikars.com\/index.php\/wp-json\/wp\/v2\/product_tag?post=21887"}],"curies":[{"name":"wp","href":"https:\/\/api.w.org\/{rel}","templated":true}]}}