{"id":21905,"date":"2026-01-23T23:55:21","date_gmt":"2026-01-23T20:55:21","guid":{"rendered":"https:\/\/onursarkuterikars.com\/?post_type=product&#038;p=21905"},"modified":"2026-01-23T23:57:17","modified_gmt":"2026-01-23T20:57:17","slug":"kagizman-cevizli-pestil-dut","status":"publish","type":"product","link":"https:\/\/onursarkuterikars.com\/index.php\/product\/kagizman-cevizli-pestil-dut\/","title":{"rendered":"Ka\u011f\u0131zman Cevizli Pestil (Dut)"},"content":{"rendered":"","protected":false},"excerpt":{"rendered":"<p>Do\u011fall\u0131\u011f\u0131n ve cevizin bir araya geldi\u011fi geleneksel enerji kayna\u011f\u0131<\/p>\n<p>Organik dut \u015f\u0131ras\u0131 ile haz\u0131rlanan pestil hamuru, \u00f6zenle serilir ve i\u00e7erisine bol miktarda yerli ceviz eklenerek sar\u0131l\u0131r.<\/p>\n<p>Hi\u00e7bir katk\u0131 maddesi i\u00e7ermeyen bu pestil, hem enerji verici \u00f6zelli\u011fiyle hem de lezzetiyle \u00f6n plana \u00e7\u0131kar.<\/p>\n<p>Atalar\u0131m\u0131zdan kalan geleneksel tarifle haz\u0131rlan\u0131r; hem sa\u011fl\u0131kl\u0131 hem de doyurucudur.<\/p>\n<p>\ud83d\udd0d \u00d6zellikler:<\/p>\n<p>\u2013 500 Gr ambalaj<\/p>\n<p>\u2013 %100 organik dut \u015f\u0131ras\u0131<\/p>\n<p>\u2013 Bol yerli ceviz i\u00e7erir<\/p>\n<p>\u2013 Katk\u0131s\u0131z, koruyucusuz<\/p>\n<p>\u2013 El yap\u0131m\u0131, geleneksel y\u00f6ntemle haz\u0131rlan\u0131r<\/p>\n<p>\ud83d\udccd Serin ve kuru yerde muhafaza ediniz<\/p>\n<p>\ud83d\udd52 Raf \u00f6mr\u00fc: 6 ay<\/p>\n<p>Do\u011fan\u0131n sundu\u011fu enerji, cevizle zenginle\u015fti:<\/p>\n<p>Organik Cevizli Dut Pestili \u2013 Do\u011fal Tatl\u0131, Ger\u00e7ek Lezzet.<\/p>\n","protected":false},"featured_media":21901,"comment_status":"open","ping_status":"closed","template":"","meta":[],"product_brand":[],"product_cat":[46],"product_tag":[80,77],"class_list":{"0":"post-21905","1":"product","2":"type-product","3":"status-publish","4":"has-post-thumbnail","6":"product_cat-yoreselurunler","7":"product_tag-pestil","8":"product_tag-yoresel-urunler","10":"first","11":"instock","12":"sale","13":"shipping-taxable","14":"purchasable","15":"product-type-simple"},"yoast_head":"<!-- This site is optimized with the Yoast SEO plugin v26.7 - https:\/\/yoast.com\/wordpress\/plugins\/seo\/ -->\n<title>Ka\u011f\u0131zman Cevizli Pestil (Dut) - Onur \u015fark\u00fcteri kars<\/title>\n<meta name=\"robots\" content=\"index, follow, max-snippet:-1, max-image-preview:large, max-video-preview:-1\" \/>\n<link rel=\"canonical\" href=\"https:\/\/onursarkuterikars.com\/index.php\/product\/kagizman-cevizli-pestil-dut\/\" \/>\n<meta property=\"og:locale\" content=\"tr_TR\" \/>\n<meta property=\"og:type\" content=\"article\" \/>\n<meta property=\"og:title\" content=\"Ka\u011f\u0131zman Cevizli Pestil (Dut) - Onur \u015fark\u00fcteri kars\" \/>\n<meta property=\"og:description\" content=\"Do\u011fall\u0131\u011f\u0131n ve cevizin bir araya geldi\u011fi geleneksel enerji kayna\u011f\u0131  Organik dut \u015f\u0131ras\u0131 ile haz\u0131rlanan pestil hamuru, \u00f6zenle serilir ve i\u00e7erisine bol miktarda yerli ceviz eklenerek sar\u0131l\u0131r.  Hi\u00e7bir katk\u0131 maddesi i\u00e7ermeyen bu pestil, hem enerji verici \u00f6zelli\u011fiyle hem de lezzetiyle \u00f6n plana \u00e7\u0131kar.  Atalar\u0131m\u0131zdan kalan geleneksel tarifle haz\u0131rlan\u0131r; hem sa\u011fl\u0131kl\u0131 hem de doyurucudur.  \ud83d\udd0d \u00d6zellikler:  \u2013 500 Gr ambalaj  \u2013 %100 organik dut \u015f\u0131ras\u0131  \u2013 Bol yerli ceviz i\u00e7erir  \u2013 Katk\u0131s\u0131z, koruyucusuz  \u2013 El yap\u0131m\u0131, geleneksel y\u00f6ntemle haz\u0131rlan\u0131r  \ud83d\udccd Serin ve kuru yerde muhafaza ediniz  \ud83d\udd52 Raf \u00f6mr\u00fc: 6 ay  Do\u011fan\u0131n sundu\u011fu enerji, cevizle zenginle\u015fti:  Organik Cevizli Dut Pestili \u2013 Do\u011fal Tatl\u0131, Ger\u00e7ek Lezzet.\" \/>\n<meta property=\"og:url\" content=\"https:\/\/onursarkuterikars.com\/index.php\/product\/kagizman-cevizli-pestil-dut\/\" \/>\n<meta property=\"og:site_name\" content=\"Onur \u015fark\u00fcteri kars\" \/>\n<meta property=\"article:modified_time\" content=\"2026-01-23T20:57:17+00:00\" \/>\n<meta property=\"og:image\" content=\"https:\/\/onursarkuterikars.com\/wp-content\/uploads\/2026\/01\/cevizlipestil-scaled.jpeg\" \/>\n\t<meta property=\"og:image:width\" content=\"1920\" \/>\n\t<meta property=\"og:image:height\" content=\"2560\" \/>\n\t<meta property=\"og:image:type\" content=\"image\/jpeg\" \/>\n<meta name=\"twitter:card\" content=\"summary_large_image\" \/>\n<meta name=\"twitter:label1\" content=\"Tahmini okuma s\u00fcresi\" \/>\n\t<meta name=\"twitter:data1\" content=\"1 dakika\" \/>\n<script type=\"application\/ld+json\" class=\"yoast-schema-graph\">{\"@context\":\"https:\/\/schema.org\",\"@graph\":[{\"@type\":\"WebPage\",\"@id\":\"https:\/\/onursarkuterikars.com\/index.php\/product\/kagizman-cevizli-pestil-dut\/\",\"url\":\"https:\/\/onursarkuterikars.com\/index.php\/product\/kagizman-cevizli-pestil-dut\/\",\"name\":\"Ka\u011f\u0131zman Cevizli Pestil (Dut) - Onur \u015fark\u00fcteri kars\",\"isPartOf\":{\"@id\":\"https:\/\/onursarkuterikars.com\/#website\"},\"primaryImageOfPage\":{\"@id\":\"https:\/\/onursarkuterikars.com\/index.php\/product\/kagizman-cevizli-pestil-dut\/#primaryimage\"},\"image\":{\"@id\":\"https:\/\/onursarkuterikars.com\/index.php\/product\/kagizman-cevizli-pestil-dut\/#primaryimage\"},\"thumbnailUrl\":\"https:\/\/onursarkuterikars.com\/wp-content\/uploads\/2026\/01\/cevizlipestil-scaled.jpeg\",\"datePublished\":\"2026-01-23T20:55:21+00:00\",\"dateModified\":\"2026-01-23T20:57:17+00:00\",\"breadcrumb\":{\"@id\":\"https:\/\/onursarkuterikars.com\/index.php\/product\/kagizman-cevizli-pestil-dut\/#breadcrumb\"},\"inLanguage\":\"tr\",\"potentialAction\":[{\"@type\":\"ReadAction\",\"target\":[\"https:\/\/onursarkuterikars.com\/index.php\/product\/kagizman-cevizli-pestil-dut\/\"]}]},{\"@type\":\"ImageObject\",\"inLanguage\":\"tr\",\"@id\":\"https:\/\/onursarkuterikars.com\/index.php\/product\/kagizman-cevizli-pestil-dut\/#primaryimage\",\"url\":\"https:\/\/onursarkuterikars.com\/wp-content\/uploads\/2026\/01\/cevizlipestil-scaled.jpeg\",\"contentUrl\":\"https:\/\/onursarkuterikars.com\/wp-content\/uploads\/2026\/01\/cevizlipestil-scaled.jpeg\",\"width\":1920,\"height\":2560},{\"@type\":\"BreadcrumbList\",\"@id\":\"https:\/\/onursarkuterikars.com\/index.php\/product\/kagizman-cevizli-pestil-dut\/#breadcrumb\",\"itemListElement\":[{\"@type\":\"ListItem\",\"position\":1,\"name\":\"Anasayfa\",\"item\":\"https:\/\/onursarkuterikars.com\/\"},{\"@type\":\"ListItem\",\"position\":2,\"name\":\"\u00dcr\u00fcnlerimiz\",\"item\":\"https:\/\/onursarkuterikars.com\/index.php\/urunlerimiz\/\"},{\"@type\":\"ListItem\",\"position\":3,\"name\":\"Ka\u011f\u0131zman Cevizli Pestil (Dut)\"}]},{\"@type\":\"WebSite\",\"@id\":\"https:\/\/onursarkuterikars.com\/#website\",\"url\":\"https:\/\/onursarkuterikars.com\/\",\"name\":\"Onur \u015fark\u00fcteri kars\",\"description\":\"leziz \u00fcr\u00fcnler\",\"publisher\":{\"@id\":\"https:\/\/onursarkuterikars.com\/#organization\"},\"potentialAction\":[{\"@type\":\"SearchAction\",\"target\":{\"@type\":\"EntryPoint\",\"urlTemplate\":\"https:\/\/onursarkuterikars.com\/?s={search_term_string}\"},\"query-input\":{\"@type\":\"PropertyValueSpecification\",\"valueRequired\":true,\"valueName\":\"search_term_string\"}}],\"inLanguage\":\"tr\"},{\"@type\":\"Organization\",\"@id\":\"https:\/\/onursarkuterikars.com\/#organization\",\"name\":\"Onur \u015fark\u00fcteri kars\",\"url\":\"https:\/\/onursarkuterikars.com\/\",\"logo\":{\"@type\":\"ImageObject\",\"inLanguage\":\"tr\",\"@id\":\"https:\/\/onursarkuterikars.com\/#\/schema\/logo\/image\/\",\"url\":\"https:\/\/onursarkuterikars.com\/wp-content\/uploads\/2026\/01\/cropped-ONUR-SARKUTERI_20251231_202110_0000.png\",\"contentUrl\":\"https:\/\/onursarkuterikars.com\/wp-content\/uploads\/2026\/01\/cropped-ONUR-SARKUTERI_20251231_202110_0000.png\",\"width\":512,\"height\":512,\"caption\":\"Onur \u015fark\u00fcteri kars\"},\"image\":{\"@id\":\"https:\/\/onursarkuterikars.com\/#\/schema\/logo\/image\/\"}}]}<\/script>\n<!-- \/ Yoast SEO plugin. -->","yoast_head_json":{"title":"Ka\u011f\u0131zman Cevizli Pestil (Dut) - Onur \u015fark\u00fcteri kars","robots":{"index":"index","follow":"follow","max-snippet":"max-snippet:-1","max-image-preview":"max-image-preview:large","max-video-preview":"max-video-preview:-1"},"canonical":"https:\/\/onursarkuterikars.com\/index.php\/product\/kagizman-cevizli-pestil-dut\/","og_locale":"tr_TR","og_type":"article","og_title":"Ka\u011f\u0131zman Cevizli Pestil (Dut) - Onur \u015fark\u00fcteri kars","og_description":"Do\u011fall\u0131\u011f\u0131n ve cevizin bir araya geldi\u011fi geleneksel enerji kayna\u011f\u0131  Organik dut \u015f\u0131ras\u0131 ile haz\u0131rlanan pestil hamuru, \u00f6zenle serilir ve i\u00e7erisine bol miktarda yerli ceviz eklenerek sar\u0131l\u0131r.  Hi\u00e7bir katk\u0131 maddesi i\u00e7ermeyen bu pestil, hem enerji verici \u00f6zelli\u011fiyle hem de lezzetiyle \u00f6n plana \u00e7\u0131kar.  Atalar\u0131m\u0131zdan kalan geleneksel tarifle haz\u0131rlan\u0131r; hem sa\u011fl\u0131kl\u0131 hem de doyurucudur.  \ud83d\udd0d \u00d6zellikler:  \u2013 500 Gr ambalaj  \u2013 %100 organik dut \u015f\u0131ras\u0131  \u2013 Bol yerli ceviz i\u00e7erir  \u2013 Katk\u0131s\u0131z, koruyucusuz  \u2013 El yap\u0131m\u0131, geleneksel y\u00f6ntemle haz\u0131rlan\u0131r  \ud83d\udccd Serin ve kuru yerde muhafaza ediniz  \ud83d\udd52 Raf \u00f6mr\u00fc: 6 ay  Do\u011fan\u0131n sundu\u011fu enerji, cevizle zenginle\u015fti:  Organik Cevizli Dut Pestili \u2013 Do\u011fal Tatl\u0131, Ger\u00e7ek Lezzet.","og_url":"https:\/\/onursarkuterikars.com\/index.php\/product\/kagizman-cevizli-pestil-dut\/","og_site_name":"Onur \u015fark\u00fcteri kars","article_modified_time":"2026-01-23T20:57:17+00:00","og_image":[{"width":1920,"height":2560,"url":"https:\/\/onursarkuterikars.com\/wp-content\/uploads\/2026\/01\/cevizlipestil-scaled.jpeg","type":"image\/jpeg"}],"twitter_card":"summary_large_image","twitter_misc":{"Tahmini okuma s\u00fcresi":"1 dakika"},"schema":{"@context":"https:\/\/schema.org","@graph":[{"@type":"WebPage","@id":"https:\/\/onursarkuterikars.com\/index.php\/product\/kagizman-cevizli-pestil-dut\/","url":"https:\/\/onursarkuterikars.com\/index.php\/product\/kagizman-cevizli-pestil-dut\/","name":"Ka\u011f\u0131zman Cevizli Pestil (Dut) - Onur \u015fark\u00fcteri kars","isPartOf":{"@id":"https:\/\/onursarkuterikars.com\/#website"},"primaryImageOfPage":{"@id":"https:\/\/onursarkuterikars.com\/index.php\/product\/kagizman-cevizli-pestil-dut\/#primaryimage"},"image":{"@id":"https:\/\/onursarkuterikars.com\/index.php\/product\/kagizman-cevizli-pestil-dut\/#primaryimage"},"thumbnailUrl":"https:\/\/onursarkuterikars.com\/wp-content\/uploads\/2026\/01\/cevizlipestil-scaled.jpeg","datePublished":"2026-01-23T20:55:21+00:00","dateModified":"2026-01-23T20:57:17+00:00","breadcrumb":{"@id":"https:\/\/onursarkuterikars.com\/index.php\/product\/kagizman-cevizli-pestil-dut\/#breadcrumb"},"inLanguage":"tr","potentialAction":[{"@type":"ReadAction","target":["https:\/\/onursarkuterikars.com\/index.php\/product\/kagizman-cevizli-pestil-dut\/"]}]},{"@type":"ImageObject","inLanguage":"tr","@id":"https:\/\/onursarkuterikars.com\/index.php\/product\/kagizman-cevizli-pestil-dut\/#primaryimage","url":"https:\/\/onursarkuterikars.com\/wp-content\/uploads\/2026\/01\/cevizlipestil-scaled.jpeg","contentUrl":"https:\/\/onursarkuterikars.com\/wp-content\/uploads\/2026\/01\/cevizlipestil-scaled.jpeg","width":1920,"height":2560},{"@type":"BreadcrumbList","@id":"https:\/\/onursarkuterikars.com\/index.php\/product\/kagizman-cevizli-pestil-dut\/#breadcrumb","itemListElement":[{"@type":"ListItem","position":1,"name":"Anasayfa","item":"https:\/\/onursarkuterikars.com\/"},{"@type":"ListItem","position":2,"name":"\u00dcr\u00fcnlerimiz","item":"https:\/\/onursarkuterikars.com\/index.php\/urunlerimiz\/"},{"@type":"ListItem","position":3,"name":"Ka\u011f\u0131zman Cevizli Pestil (Dut)"}]},{"@type":"WebSite","@id":"https:\/\/onursarkuterikars.com\/#website","url":"https:\/\/onursarkuterikars.com\/","name":"Onur \u015fark\u00fcteri kars","description":"leziz \u00fcr\u00fcnler","publisher":{"@id":"https:\/\/onursarkuterikars.com\/#organization"},"potentialAction":[{"@type":"SearchAction","target":{"@type":"EntryPoint","urlTemplate":"https:\/\/onursarkuterikars.com\/?s={search_term_string}"},"query-input":{"@type":"PropertyValueSpecification","valueRequired":true,"valueName":"search_term_string"}}],"inLanguage":"tr"},{"@type":"Organization","@id":"https:\/\/onursarkuterikars.com\/#organization","name":"Onur \u015fark\u00fcteri kars","url":"https:\/\/onursarkuterikars.com\/","logo":{"@type":"ImageObject","inLanguage":"tr","@id":"https:\/\/onursarkuterikars.com\/#\/schema\/logo\/image\/","url":"https:\/\/onursarkuterikars.com\/wp-content\/uploads\/2026\/01\/cropped-ONUR-SARKUTERI_20251231_202110_0000.png","contentUrl":"https:\/\/onursarkuterikars.com\/wp-content\/uploads\/2026\/01\/cropped-ONUR-SARKUTERI_20251231_202110_0000.png","width":512,"height":512,"caption":"Onur \u015fark\u00fcteri kars"},"image":{"@id":"https:\/\/onursarkuterikars.com\/#\/schema\/logo\/image\/"}}]}},"_links":{"self":[{"href":"https:\/\/onursarkuterikars.com\/index.php\/wp-json\/wp\/v2\/product\/21905","targetHints":{"allow":["GET"]}}],"collection":[{"href":"https:\/\/onursarkuterikars.com\/index.php\/wp-json\/wp\/v2\/product"}],"about":[{"href":"https:\/\/onursarkuterikars.com\/index.php\/wp-json\/wp\/v2\/types\/product"}],"replies":[{"embeddable":true,"href":"https:\/\/onursarkuterikars.com\/index.php\/wp-json\/wp\/v2\/comments?post=21905"}],"wp:featuredmedia":[{"embeddable":true,"href":"https:\/\/onursarkuterikars.com\/index.php\/wp-json\/wp\/v2\/media\/21901"}],"wp:attachment":[{"href":"https:\/\/onursarkuterikars.com\/index.php\/wp-json\/wp\/v2\/media?parent=21905"}],"wp:term":[{"taxonomy":"product_brand","embeddable":true,"href":"https:\/\/onursarkuterikars.com\/index.php\/wp-json\/wp\/v2\/product_brand?post=21905"},{"taxonomy":"product_cat","embeddable":true,"href":"https:\/\/onursarkuterikars.com\/index.php\/wp-json\/wp\/v2\/product_cat?post=21905"},{"taxonomy":"product_tag","embeddable":true,"href":"https:\/\/onursarkuterikars.com\/index.php\/wp-json\/wp\/v2\/product_tag?post=21905"}],"curies":[{"name":"wp","href":"https:\/\/api.w.org\/{rel}","templated":true}]}}