{"id":21906,"date":"2026-01-24T00:05:04","date_gmt":"2026-01-23T21:05:04","guid":{"rendered":"https:\/\/onursarkuterikars.com\/?post_type=product&#038;p=21906"},"modified":"2026-01-24T00:05:04","modified_gmt":"2026-01-23T21:05:04","slug":"kagizman-dut-kurusu","status":"publish","type":"product","link":"https:\/\/onursarkuterikars.com\/index.php\/product\/kagizman-dut-kurusu\/","title":{"rendered":"Ka\u011f\u0131zman Dut Kurusu"},"content":{"rendered":"","protected":false},"excerpt":{"rendered":"<h3 class=\"\"><b>Ka\u011f\u0131zman Dut Kurusu \u00dcr\u00fcn \u00d6zellikleri<\/b><\/h3>\n<div>Ka\u011f\u0131zman Dut Kurusu &#8211; 500gr \u00fcr\u00fcn\u00fc sahip oldu\u011fu \u00f6zellikler ve do\u011fal \u00fcretim a\u015famalar\u0131yla k\u0131sa s\u00fcre i\u00e7inde \u00f6n plana \u00e7\u0131kmaktad\u0131r. \u0130lk a\u015famada Ka\u011f\u0131zman b\u00f6lgesindeki dut a\u011fa\u00e7lar\u0131ndan t\u00fcm dutlar son derece do\u011fal bir \u015fekilde toplan\u0131r. Toplanan do\u011fal dutlar sonras\u0131nda g\u00fcne\u015f \u0131\u015f\u0131\u011f\u0131 kullan\u0131larak kurutulma i\u015flemine g\u00f6nderilir. T\u00fcm bu a\u015famalar ger\u00e7ekle\u015firken ise \u00fcr\u00fcn i\u00e7erisine hi\u00e7bir \u015fekilde koruyucu ya da katk\u0131 maddesi konulmamaktad\u0131r. Bu sayede \u00fcr\u00fcn her daim mevcut tazeli\u011fini ve do\u011fall\u0131\u011f\u0131n\u0131 etkin bir \u015fekilde korur.<\/div>\n","protected":false},"featured_media":21907,"comment_status":"open","ping_status":"closed","template":"","meta":[],"product_brand":[],"product_cat":[46],"product_tag":[81,77],"class_list":{"0":"post-21906","1":"product","2":"type-product","3":"status-publish","4":"has-post-thumbnail","6":"product_cat-yoreselurunler","7":"product_tag-dut","8":"product_tag-yoresel-urunler","10":"first","11":"instock","12":"sale","13":"shipping-taxable","14":"purchasable","15":"product-type-simple"},"yoast_head":"<!-- This site is optimized with the Yoast SEO plugin v26.7 - https:\/\/yoast.com\/wordpress\/plugins\/seo\/ -->\n<title>Ka\u011f\u0131zman Dut Kurusu - Onur \u015fark\u00fcteri kars<\/title>\n<meta name=\"robots\" content=\"index, follow, max-snippet:-1, max-image-preview:large, max-video-preview:-1\" \/>\n<link rel=\"canonical\" href=\"https:\/\/onursarkuterikars.com\/index.php\/product\/kagizman-dut-kurusu\/\" \/>\n<meta property=\"og:locale\" content=\"tr_TR\" \/>\n<meta property=\"og:type\" content=\"article\" \/>\n<meta property=\"og:title\" content=\"Ka\u011f\u0131zman Dut Kurusu - Onur \u015fark\u00fcteri kars\" \/>\n<meta property=\"og:description\" content=\"Ka\u011f\u0131zman Dut Kurusu \u00dcr\u00fcn \u00d6zellikleri Ka\u011f\u0131zman Dut Kurusu - 500gr \u00fcr\u00fcn\u00fc sahip oldu\u011fu \u00f6zellikler ve do\u011fal \u00fcretim a\u015famalar\u0131yla k\u0131sa s\u00fcre i\u00e7inde \u00f6n plana \u00e7\u0131kmaktad\u0131r. \u0130lk a\u015famada Ka\u011f\u0131zman b\u00f6lgesindeki dut a\u011fa\u00e7lar\u0131ndan t\u00fcm dutlar son derece do\u011fal bir \u015fekilde toplan\u0131r. Toplanan do\u011fal dutlar sonras\u0131nda g\u00fcne\u015f \u0131\u015f\u0131\u011f\u0131 kullan\u0131larak kurutulma i\u015flemine g\u00f6nderilir. T\u00fcm bu a\u015famalar ger\u00e7ekle\u015firken ise \u00fcr\u00fcn i\u00e7erisine hi\u00e7bir \u015fekilde koruyucu ya da katk\u0131 maddesi konulmamaktad\u0131r. Bu sayede \u00fcr\u00fcn her daim mevcut tazeli\u011fini ve do\u011fall\u0131\u011f\u0131n\u0131 etkin bir \u015fekilde korur.\" \/>\n<meta property=\"og:url\" content=\"https:\/\/onursarkuterikars.com\/index.php\/product\/kagizman-dut-kurusu\/\" \/>\n<meta property=\"og:site_name\" content=\"Onur \u015fark\u00fcteri kars\" \/>\n<meta property=\"og:image\" content=\"https:\/\/onursarkuterikars.com\/wp-content\/uploads\/2026\/01\/duu.webp\" \/>\n\t<meta property=\"og:image:width\" content=\"400\" \/>\n\t<meta property=\"og:image:height\" content=\"450\" \/>\n\t<meta property=\"og:image:type\" content=\"image\/webp\" \/>\n<meta name=\"twitter:card\" content=\"summary_large_image\" \/>\n<meta name=\"twitter:label1\" content=\"Tahmini okuma s\u00fcresi\" \/>\n\t<meta name=\"twitter:data1\" content=\"1 dakika\" \/>\n<script type=\"application\/ld+json\" class=\"yoast-schema-graph\">{\"@context\":\"https:\/\/schema.org\",\"@graph\":[{\"@type\":\"WebPage\",\"@id\":\"https:\/\/onursarkuterikars.com\/index.php\/product\/kagizman-dut-kurusu\/\",\"url\":\"https:\/\/onursarkuterikars.com\/index.php\/product\/kagizman-dut-kurusu\/\",\"name\":\"Ka\u011f\u0131zman Dut Kurusu - Onur \u015fark\u00fcteri kars\",\"isPartOf\":{\"@id\":\"https:\/\/onursarkuterikars.com\/#website\"},\"primaryImageOfPage\":{\"@id\":\"https:\/\/onursarkuterikars.com\/index.php\/product\/kagizman-dut-kurusu\/#primaryimage\"},\"image\":{\"@id\":\"https:\/\/onursarkuterikars.com\/index.php\/product\/kagizman-dut-kurusu\/#primaryimage\"},\"thumbnailUrl\":\"https:\/\/onursarkuterikars.com\/wp-content\/uploads\/2026\/01\/duu.webp\",\"datePublished\":\"2026-01-23T21:05:04+00:00\",\"breadcrumb\":{\"@id\":\"https:\/\/onursarkuterikars.com\/index.php\/product\/kagizman-dut-kurusu\/#breadcrumb\"},\"inLanguage\":\"tr\",\"potentialAction\":[{\"@type\":\"ReadAction\",\"target\":[\"https:\/\/onursarkuterikars.com\/index.php\/product\/kagizman-dut-kurusu\/\"]}]},{\"@type\":\"ImageObject\",\"inLanguage\":\"tr\",\"@id\":\"https:\/\/onursarkuterikars.com\/index.php\/product\/kagizman-dut-kurusu\/#primaryimage\",\"url\":\"https:\/\/onursarkuterikars.com\/wp-content\/uploads\/2026\/01\/duu.webp\",\"contentUrl\":\"https:\/\/onursarkuterikars.com\/wp-content\/uploads\/2026\/01\/duu.webp\",\"width\":400,\"height\":450},{\"@type\":\"BreadcrumbList\",\"@id\":\"https:\/\/onursarkuterikars.com\/index.php\/product\/kagizman-dut-kurusu\/#breadcrumb\",\"itemListElement\":[{\"@type\":\"ListItem\",\"position\":1,\"name\":\"Anasayfa\",\"item\":\"https:\/\/onursarkuterikars.com\/\"},{\"@type\":\"ListItem\",\"position\":2,\"name\":\"\u00dcr\u00fcnlerimiz\",\"item\":\"https:\/\/onursarkuterikars.com\/index.php\/urunlerimiz\/\"},{\"@type\":\"ListItem\",\"position\":3,\"name\":\"Ka\u011f\u0131zman Dut Kurusu\"}]},{\"@type\":\"WebSite\",\"@id\":\"https:\/\/onursarkuterikars.com\/#website\",\"url\":\"https:\/\/onursarkuterikars.com\/\",\"name\":\"Onur \u015fark\u00fcteri kars\",\"description\":\"leziz \u00fcr\u00fcnler\",\"publisher\":{\"@id\":\"https:\/\/onursarkuterikars.com\/#organization\"},\"potentialAction\":[{\"@type\":\"SearchAction\",\"target\":{\"@type\":\"EntryPoint\",\"urlTemplate\":\"https:\/\/onursarkuterikars.com\/?s={search_term_string}\"},\"query-input\":{\"@type\":\"PropertyValueSpecification\",\"valueRequired\":true,\"valueName\":\"search_term_string\"}}],\"inLanguage\":\"tr\"},{\"@type\":\"Organization\",\"@id\":\"https:\/\/onursarkuterikars.com\/#organization\",\"name\":\"Onur \u015fark\u00fcteri kars\",\"url\":\"https:\/\/onursarkuterikars.com\/\",\"logo\":{\"@type\":\"ImageObject\",\"inLanguage\":\"tr\",\"@id\":\"https:\/\/onursarkuterikars.com\/#\/schema\/logo\/image\/\",\"url\":\"https:\/\/onursarkuterikars.com\/wp-content\/uploads\/2026\/01\/cropped-ONUR-SARKUTERI_20251231_202110_0000.png\",\"contentUrl\":\"https:\/\/onursarkuterikars.com\/wp-content\/uploads\/2026\/01\/cropped-ONUR-SARKUTERI_20251231_202110_0000.png\",\"width\":512,\"height\":512,\"caption\":\"Onur \u015fark\u00fcteri kars\"},\"image\":{\"@id\":\"https:\/\/onursarkuterikars.com\/#\/schema\/logo\/image\/\"}}]}<\/script>\n<!-- \/ Yoast SEO plugin. -->","yoast_head_json":{"title":"Ka\u011f\u0131zman Dut Kurusu - Onur \u015fark\u00fcteri kars","robots":{"index":"index","follow":"follow","max-snippet":"max-snippet:-1","max-image-preview":"max-image-preview:large","max-video-preview":"max-video-preview:-1"},"canonical":"https:\/\/onursarkuterikars.com\/index.php\/product\/kagizman-dut-kurusu\/","og_locale":"tr_TR","og_type":"article","og_title":"Ka\u011f\u0131zman Dut Kurusu - Onur \u015fark\u00fcteri kars","og_description":"Ka\u011f\u0131zman Dut Kurusu \u00dcr\u00fcn \u00d6zellikleri Ka\u011f\u0131zman Dut Kurusu - 500gr \u00fcr\u00fcn\u00fc sahip oldu\u011fu \u00f6zellikler ve do\u011fal \u00fcretim a\u015famalar\u0131yla k\u0131sa s\u00fcre i\u00e7inde \u00f6n plana \u00e7\u0131kmaktad\u0131r. \u0130lk a\u015famada Ka\u011f\u0131zman b\u00f6lgesindeki dut a\u011fa\u00e7lar\u0131ndan t\u00fcm dutlar son derece do\u011fal bir \u015fekilde toplan\u0131r. Toplanan do\u011fal dutlar sonras\u0131nda g\u00fcne\u015f \u0131\u015f\u0131\u011f\u0131 kullan\u0131larak kurutulma i\u015flemine g\u00f6nderilir. T\u00fcm bu a\u015famalar ger\u00e7ekle\u015firken ise \u00fcr\u00fcn i\u00e7erisine hi\u00e7bir \u015fekilde koruyucu ya da katk\u0131 maddesi konulmamaktad\u0131r. Bu sayede \u00fcr\u00fcn her daim mevcut tazeli\u011fini ve do\u011fall\u0131\u011f\u0131n\u0131 etkin bir \u015fekilde korur.","og_url":"https:\/\/onursarkuterikars.com\/index.php\/product\/kagizman-dut-kurusu\/","og_site_name":"Onur \u015fark\u00fcteri kars","og_image":[{"width":400,"height":450,"url":"https:\/\/onursarkuterikars.com\/wp-content\/uploads\/2026\/01\/duu.webp","type":"image\/webp"}],"twitter_card":"summary_large_image","twitter_misc":{"Tahmini okuma s\u00fcresi":"1 dakika"},"schema":{"@context":"https:\/\/schema.org","@graph":[{"@type":"WebPage","@id":"https:\/\/onursarkuterikars.com\/index.php\/product\/kagizman-dut-kurusu\/","url":"https:\/\/onursarkuterikars.com\/index.php\/product\/kagizman-dut-kurusu\/","name":"Ka\u011f\u0131zman Dut Kurusu - Onur \u015fark\u00fcteri kars","isPartOf":{"@id":"https:\/\/onursarkuterikars.com\/#website"},"primaryImageOfPage":{"@id":"https:\/\/onursarkuterikars.com\/index.php\/product\/kagizman-dut-kurusu\/#primaryimage"},"image":{"@id":"https:\/\/onursarkuterikars.com\/index.php\/product\/kagizman-dut-kurusu\/#primaryimage"},"thumbnailUrl":"https:\/\/onursarkuterikars.com\/wp-content\/uploads\/2026\/01\/duu.webp","datePublished":"2026-01-23T21:05:04+00:00","breadcrumb":{"@id":"https:\/\/onursarkuterikars.com\/index.php\/product\/kagizman-dut-kurusu\/#breadcrumb"},"inLanguage":"tr","potentialAction":[{"@type":"ReadAction","target":["https:\/\/onursarkuterikars.com\/index.php\/product\/kagizman-dut-kurusu\/"]}]},{"@type":"ImageObject","inLanguage":"tr","@id":"https:\/\/onursarkuterikars.com\/index.php\/product\/kagizman-dut-kurusu\/#primaryimage","url":"https:\/\/onursarkuterikars.com\/wp-content\/uploads\/2026\/01\/duu.webp","contentUrl":"https:\/\/onursarkuterikars.com\/wp-content\/uploads\/2026\/01\/duu.webp","width":400,"height":450},{"@type":"BreadcrumbList","@id":"https:\/\/onursarkuterikars.com\/index.php\/product\/kagizman-dut-kurusu\/#breadcrumb","itemListElement":[{"@type":"ListItem","position":1,"name":"Anasayfa","item":"https:\/\/onursarkuterikars.com\/"},{"@type":"ListItem","position":2,"name":"\u00dcr\u00fcnlerimiz","item":"https:\/\/onursarkuterikars.com\/index.php\/urunlerimiz\/"},{"@type":"ListItem","position":3,"name":"Ka\u011f\u0131zman Dut Kurusu"}]},{"@type":"WebSite","@id":"https:\/\/onursarkuterikars.com\/#website","url":"https:\/\/onursarkuterikars.com\/","name":"Onur \u015fark\u00fcteri kars","description":"leziz \u00fcr\u00fcnler","publisher":{"@id":"https:\/\/onursarkuterikars.com\/#organization"},"potentialAction":[{"@type":"SearchAction","target":{"@type":"EntryPoint","urlTemplate":"https:\/\/onursarkuterikars.com\/?s={search_term_string}"},"query-input":{"@type":"PropertyValueSpecification","valueRequired":true,"valueName":"search_term_string"}}],"inLanguage":"tr"},{"@type":"Organization","@id":"https:\/\/onursarkuterikars.com\/#organization","name":"Onur \u015fark\u00fcteri kars","url":"https:\/\/onursarkuterikars.com\/","logo":{"@type":"ImageObject","inLanguage":"tr","@id":"https:\/\/onursarkuterikars.com\/#\/schema\/logo\/image\/","url":"https:\/\/onursarkuterikars.com\/wp-content\/uploads\/2026\/01\/cropped-ONUR-SARKUTERI_20251231_202110_0000.png","contentUrl":"https:\/\/onursarkuterikars.com\/wp-content\/uploads\/2026\/01\/cropped-ONUR-SARKUTERI_20251231_202110_0000.png","width":512,"height":512,"caption":"Onur \u015fark\u00fcteri kars"},"image":{"@id":"https:\/\/onursarkuterikars.com\/#\/schema\/logo\/image\/"}}]}},"_links":{"self":[{"href":"https:\/\/onursarkuterikars.com\/index.php\/wp-json\/wp\/v2\/product\/21906","targetHints":{"allow":["GET"]}}],"collection":[{"href":"https:\/\/onursarkuterikars.com\/index.php\/wp-json\/wp\/v2\/product"}],"about":[{"href":"https:\/\/onursarkuterikars.com\/index.php\/wp-json\/wp\/v2\/types\/product"}],"replies":[{"embeddable":true,"href":"https:\/\/onursarkuterikars.com\/index.php\/wp-json\/wp\/v2\/comments?post=21906"}],"wp:featuredmedia":[{"embeddable":true,"href":"https:\/\/onursarkuterikars.com\/index.php\/wp-json\/wp\/v2\/media\/21907"}],"wp:attachment":[{"href":"https:\/\/onursarkuterikars.com\/index.php\/wp-json\/wp\/v2\/media?parent=21906"}],"wp:term":[{"taxonomy":"product_brand","embeddable":true,"href":"https:\/\/onursarkuterikars.com\/index.php\/wp-json\/wp\/v2\/product_brand?post=21906"},{"taxonomy":"product_cat","embeddable":true,"href":"https:\/\/onursarkuterikars.com\/index.php\/wp-json\/wp\/v2\/product_cat?post=21906"},{"taxonomy":"product_tag","embeddable":true,"href":"https:\/\/onursarkuterikars.com\/index.php\/wp-json\/wp\/v2\/product_tag?post=21906"}],"curies":[{"name":"wp","href":"https:\/\/api.w.org\/{rel}","templated":true}]}}